{"id":18871,"date":"2025-07-30T12:15:57","date_gmt":"2025-07-30T07:15:57","guid":{"rendered":"https:\/\/turkmenexporter.com\/product\/nectarine-gartario\/"},"modified":"2025-07-30T17:09:42","modified_gmt":"2025-07-30T12:09:42","slug":"nectarine-gartario","status":"publish","type":"product","link":"https:\/\/turkmenexporter.com\/fr\/produit\/nectarine-gartario\/","title":{"rendered":"Nectarine \u00ab\u00a0Gartario\u00a0\u00bb"},"content":{"rendered":"<p><strong>Origine :<\/strong> Kaka etrap, Ahal velayat, Turkm\u00e9nistan. 205 hectares de vergers de qualit\u00e9, ensoleill\u00e9s et irrigu\u00e9s au goutte-\u00e0-goutte. <\/p>\n<p><strong>Chair : <\/strong>Ferme, jaune, sans p\u00e9pins, juteuse et sans fibres<\/p>\n<p><strong>Profil desaveur: <\/strong>Doux avec une acidit\u00e9 subtile, aromatique, texture douce, excellent pour la consommation fra\u00eeche.<\/p>\n<p><strong>P\u00e9riode de r\u00e9colte : <\/strong>De mi-juillet \u00e0 d\u00e9but ao\u00fbt. Disponible jusqu&rsquo;\u00e0 la fin du mois d&rsquo;ao\u00fbt. <\/p>\n","protected":false},"excerpt":{"rendered":"<p>Nectarines fra\u00eeches de haute qualit\u00e9<\/p>\n<p>BRIX Niveau : 12 Bx<\/p>\n<p>Emballage : bo\u00eetes standard de 4 kg<\/p>\n","protected":false},"featured_media":18836,"comment_status":"open","ping_status":"closed","template":"","meta":{"_acf_changed":false},"brand":[1373],"product_cat":[1375],"product_tag":[],"class_list":{"0":"post-18871","1":"product","2":"type-product","3":"status-publish","4":"has-post-thumbnail","6":"brand-miwe-fr","7":"product_cat-fruits-fr","9":"first","10":"instock","11":"shipping-taxable","12":"purchasable","13":"product-type-simple"},"acf":[],"_links":{"self":[{"href":"https:\/\/turkmenexporter.com\/fr\/wp-json\/wp\/v2\/product\/18871","targetHints":{"allow":["GET"]}}],"collection":[{"href":"https:\/\/turkmenexporter.com\/fr\/wp-json\/wp\/v2\/product"}],"about":[{"href":"https:\/\/turkmenexporter.com\/fr\/wp-json\/wp\/v2\/types\/product"}],"replies":[{"embeddable":true,"href":"https:\/\/turkmenexporter.com\/fr\/wp-json\/wp\/v2\/comments?post=18871"}],"version-history":[{"count":1,"href":"https:\/\/turkmenexporter.com\/fr\/wp-json\/wp\/v2\/product\/18871\/revisions"}],"predecessor-version":[{"id":18956,"href":"https:\/\/turkmenexporter.com\/fr\/wp-json\/wp\/v2\/product\/18871\/revisions\/18956"}],"wp:featuredmedia":[{"embeddable":true,"href":"https:\/\/turkmenexporter.com\/fr\/wp-json\/wp\/v2\/media\/18836"}],"wp:attachment":[{"href":"https:\/\/turkmenexporter.com\/fr\/wp-json\/wp\/v2\/media?parent=18871"}],"wp:term":[{"taxonomy":"brand","embeddable":true,"href":"https:\/\/turkmenexporter.com\/fr\/wp-json\/wp\/v2\/brand?post=18871"},{"taxonomy":"product_cat","embeddable":true,"href":"https:\/\/turkmenexporter.com\/fr\/wp-json\/wp\/v2\/product_cat?post=18871"},{"taxonomy":"product_tag","embeddable":true,"href":"https:\/\/turkmenexporter.com\/fr\/wp-json\/wp\/v2\/product_tag?post=18871"}],"curies":[{"name":"wp","href":"https:\/\/api.w.org\/{rel}","templated":true}]}}