{"id":18872,"date":"2025-07-30T12:08:36","date_gmt":"2025-07-30T07:08:36","guid":{"rendered":"https:\/\/turkmenexporter.com\/product\/peche-lohaven\/"},"modified":"2025-07-30T17:09:43","modified_gmt":"2025-07-30T12:09:43","slug":"peche-lohaven","status":"publish","type":"product","link":"https:\/\/turkmenexporter.com\/fr\/produit\/peche-lohaven\/","title":{"rendered":"P\u00eache \u00ab\u00a0Glohaven\u00a0\u00bb"},"content":{"rendered":"<p style=\"margin: 0cm\"><span class=\"fadeinm1hgl8\"><b><span lang=\"EN-US\">Origine : <\/span><\/b><span lang=\"EN-US\">Kaka etrap, Ahal velayat, Turkm\u00e9nistan. 205 hectares de vergers irrigu\u00e9s dans un climat continental chaud avec un excellent ensoleillement  <\/span><\/span><\/p>\n<p style=\"margin: 0cm\"><span class=\"fadeinm1hgl8\"><b><span lang=\"EN-US\">Chair <\/span><\/b>: <span lang=\"EN-US\">Ferme, jaune, pierre de taille (le noyau se s\u00e9pare facilement ), juteuse avec peu de fibres<\/span><\/span><\/p>\n<p style=\"margin: 0cm\"><span class=\"fadeinm1hgl8\"><span lang=\"EN-US\"><b>Profil de saveur :<\/b> Riche, doux avec une l\u00e9g\u00e8re acidit\u00e9, aromatique &#8211; id\u00e9al pour le march\u00e9 du frais et la transformation<\/span><\/span><\/p>\n<p style=\"margin: 0cm\"><strong>P\u00e9riode de r\u00e9colte : <\/strong>De mi-juillet \u00e0 d\u00e9but ao\u00fbt. Disponible jusqu&rsquo;en septembre. <\/p>\n<p style=\"margin: 0cm\"><strong>Conditions de livraison :<\/strong> EXW (Ashgabat), FOB (Turkmenbashi Port), CIF, DDP (march\u00e9s s\u00e9lectionn\u00e9s)<\/p>\n","protected":false},"excerpt":{"rendered":"<p>P\u00eaches fra\u00eeches de haute qualit\u00e9<\/p>\n<p>BRIX Niveau : 17 Bx<\/p>\n<p>Emballage : bo\u00eetes standard de 4 kg<\/p>\n","protected":false},"featured_media":18827,"comment_status":"open","ping_status":"closed","template":"","meta":{"_acf_changed":false},"brand":[1373],"product_cat":[1375],"product_tag":[],"class_list":{"0":"post-18872","1":"product","2":"type-product","3":"status-publish","4":"has-post-thumbnail","6":"brand-miwe-fr","7":"product_cat-fruits-fr","9":"first","10":"instock","11":"shipping-taxable","12":"purchasable","13":"product-type-simple"},"acf":[],"_links":{"self":[{"href":"https:\/\/turkmenexporter.com\/fr\/wp-json\/wp\/v2\/product\/18872","targetHints":{"allow":["GET"]}}],"collection":[{"href":"https:\/\/turkmenexporter.com\/fr\/wp-json\/wp\/v2\/product"}],"about":[{"href":"https:\/\/turkmenexporter.com\/fr\/wp-json\/wp\/v2\/types\/product"}],"replies":[{"embeddable":true,"href":"https:\/\/turkmenexporter.com\/fr\/wp-json\/wp\/v2\/comments?post=18872"}],"version-history":[{"count":1,"href":"https:\/\/turkmenexporter.com\/fr\/wp-json\/wp\/v2\/product\/18872\/revisions"}],"predecessor-version":[{"id":18961,"href":"https:\/\/turkmenexporter.com\/fr\/wp-json\/wp\/v2\/product\/18872\/revisions\/18961"}],"wp:featuredmedia":[{"embeddable":true,"href":"https:\/\/turkmenexporter.com\/fr\/wp-json\/wp\/v2\/media\/18827"}],"wp:attachment":[{"href":"https:\/\/turkmenexporter.com\/fr\/wp-json\/wp\/v2\/media?parent=18872"}],"wp:term":[{"taxonomy":"brand","embeddable":true,"href":"https:\/\/turkmenexporter.com\/fr\/wp-json\/wp\/v2\/brand?post=18872"},{"taxonomy":"product_cat","embeddable":true,"href":"https:\/\/turkmenexporter.com\/fr\/wp-json\/wp\/v2\/product_cat?post=18872"},{"taxonomy":"product_tag","embeddable":true,"href":"https:\/\/turkmenexporter.com\/fr\/wp-json\/wp\/v2\/product_tag?post=18872"}],"curies":[{"name":"wp","href":"https:\/\/api.w.org\/{rel}","templated":true}]}}