{"id":18876,"date":"2025-07-29T15:35:21","date_gmt":"2025-07-29T10:35:21","guid":{"rendered":"https:\/\/turkmenexporter.com\/product\/banane-grand-nain\/"},"modified":"2025-07-30T17:09:44","modified_gmt":"2025-07-30T12:09:44","slug":"banane-grand-nain","status":"publish","type":"product","link":"https:\/\/turkmenexporter.com\/fr\/produit\/banane-grand-nain\/","title":{"rendered":"Banane \u00ab\u00a0Grand Nain\u00a0\u00bb"},"content":{"rendered":"<p><strong>Origine :<\/strong> Kaka etrap, Ahal velayat, Turkm\u00e9nistan 110 hectares de serres technologiquement avanc\u00e9es (microclimat contr\u00f4l\u00e9)<\/p>\n<p><strong>Vari\u00e9t\u00e9s : <\/strong>Grand Nain (Musa acuminata, sous-groupe Cavendish) &#8211; m\u00eame norme commerciale que Chiquita<\/p>\n<p><strong>P\u00e9riode de r\u00e9colte:<\/strong> Toute l&rsquo;ann\u00e9e (production en cycle continu)<\/p>\n<p><strong>R\u00e9colte pr\u00e9vue <\/strong>(en tonnes) : 14 500<\/p>\n<p><strong>Conditions de livraison :<\/strong> EXW (Ashgabat), FOB (port de Turkmenbashi), CIF, DDP (disponible sur certains march\u00e9s).<\/p>\n","protected":false},"excerpt":{"rendered":"<p><strong>Bananes de haute qualit\u00e9<\/strong><\/p>\n<ul>\n<li>Longueur : 20-23 cm<\/li>\n<li>Poids par doigt : 150-180g<\/li>\n<li>Mains par groupe : 6-8<\/li>\n<li>Grappes par bo\u00eete : 5-7<\/li>\n<\/ul>\n<p><strong>Chair:<\/strong> Blanc cr\u00e8me, dense et ferme<\/p>\n<p><strong>Saveur:<\/strong> Riche, doux, aromatique avec une excellente texture<\/p>\n","protected":false},"featured_media":18797,"comment_status":"open","ping_status":"closed","template":"","meta":{"_acf_changed":false},"brand":[1373],"product_cat":[1375],"product_tag":[848],"class_list":{"0":"post-18876","1":"product","2":"type-product","3":"status-publish","4":"has-post-thumbnail","6":"brand-miwe-fr","7":"product_cat-fruits-fr","8":"product_tag-front-product-fr","10":"first","11":"instock","12":"shipping-taxable","13":"purchasable","14":"product-type-simple"},"acf":[],"_links":{"self":[{"href":"https:\/\/turkmenexporter.com\/fr\/wp-json\/wp\/v2\/product\/18876","targetHints":{"allow":["GET"]}}],"collection":[{"href":"https:\/\/turkmenexporter.com\/fr\/wp-json\/wp\/v2\/product"}],"about":[{"href":"https:\/\/turkmenexporter.com\/fr\/wp-json\/wp\/v2\/types\/product"}],"replies":[{"embeddable":true,"href":"https:\/\/turkmenexporter.com\/fr\/wp-json\/wp\/v2\/comments?post=18876"}],"version-history":[{"count":1,"href":"https:\/\/turkmenexporter.com\/fr\/wp-json\/wp\/v2\/product\/18876\/revisions"}],"predecessor-version":[{"id":18966,"href":"https:\/\/turkmenexporter.com\/fr\/wp-json\/wp\/v2\/product\/18876\/revisions\/18966"}],"wp:featuredmedia":[{"embeddable":true,"href":"https:\/\/turkmenexporter.com\/fr\/wp-json\/wp\/v2\/media\/18797"}],"wp:attachment":[{"href":"https:\/\/turkmenexporter.com\/fr\/wp-json\/wp\/v2\/media?parent=18876"}],"wp:term":[{"taxonomy":"brand","embeddable":true,"href":"https:\/\/turkmenexporter.com\/fr\/wp-json\/wp\/v2\/brand?post=18876"},{"taxonomy":"product_cat","embeddable":true,"href":"https:\/\/turkmenexporter.com\/fr\/wp-json\/wp\/v2\/product_cat?post=18876"},{"taxonomy":"product_tag","embeddable":true,"href":"https:\/\/turkmenexporter.com\/fr\/wp-json\/wp\/v2\/product_tag?post=18876"}],"curies":[{"name":"wp","href":"https:\/\/api.w.org\/{rel}","templated":true}]}}