{"id":18878,"date":"2025-07-29T15:00:52","date_gmt":"2025-07-29T10:00:52","guid":{"rendered":"https:\/\/turkmenexporter.com\/product\/pomme-granny-smith\/"},"modified":"2025-07-29T15:00:52","modified_gmt":"2025-07-29T10:00:52","slug":"pomme-granny-smith","status":"publish","type":"product","link":"https:\/\/turkmenexporter.com\/fr\/produit\/pomme-granny-smith\/","title":{"rendered":"Pomme \u00ab\u00a0Granny Smith"},"content":{"rendered":"<ul>\n<li><span class=\"fadeinm1hgl8\"><b><span lang=\"EN-US\">Origine :<\/span><\/b> <span lang=\"EN-US\">Kaka etrap, Ahal velayat, Turkm\u00e9nistan. <\/span><\/span><span lang=\"EN-US\"><span class=\"fadeinm1hgl8\">115 hectares de vergers irrigu\u00e9s de haute altitude, b\u00e9n\u00e9ficiant d&rsquo;un excellent ensoleillement et de sols riches en min\u00e9raux .<\/span><\/span><span class=\"fadeinm1hgl8\"><span lang=\"EN-US\"> <\/span><\/span><\/li>\n<li><span class=\"fadeinm1hgl8\"><span lang=\"EN-US\"><b>Profil desaveur: <\/b>Acidit\u00e9 acidul\u00e9e avec des notes rafra\u00eechissantes de pomme verte ; excellent pour la consommation fra\u00eeche, la cuisine et la transformation.<\/span><\/span><\/li>\n<li>\n<p style=\"margin: 0cm\"><span class=\"fadeinm1hgl8\"><b><span lang=\"EN-US\">P\u00e9riode de r\u00e9colte: <\/span><\/b><span lang=\"EN-US\">De la mi-octobre \u00e0 la fin octobre. Disponible jusqu&rsquo;en avril. <\/span><\/span><\/p>\n<\/li>\n<li><strong>Types de plateaux:<\/strong> Plateau moul\u00e9 en p\u00e2te \u00e0 papier, filet en mousse en option pour l&rsquo;exportation de produits haut de gamme<\/li>\n<li><strong>Conditions de livraison:<\/strong> EXW (Ashgabat), FOB (Turkmenbashi Port), CIF, DDP (disponible pour certains march\u00e9s)<\/li>\n<\/ul>\n","protected":false},"excerpt":{"rendered":"<p><strong>Conditionnement :<\/strong> bo\u00eetes t\u00e9lescopiques de 9 kg et 19 kg<\/p>\n<p><strong>Chair :<\/strong> Chair ferme, croquante, juteuse, blanc verd\u00e2tre p\u00e2le<\/p>\n<p><span class=\"fadeinm1hgl8\"><b><span lang=\"EN-US\">Niveau BRIX: <\/span><\/b><span lang=\"EN-US\">12\u00b0-12,8\u00b0Bx<\/span><\/span><\/p>\n","protected":false},"featured_media":18756,"comment_status":"open","ping_status":"closed","template":"","meta":{"_acf_changed":false},"brand":[1373],"product_cat":[1375],"product_tag":[848],"class_list":{"0":"post-18878","1":"product","2":"type-product","3":"status-publish","4":"has-post-thumbnail","6":"brand-miwe-fr","7":"product_cat-fruits-fr","8":"product_tag-front-product-fr","10":"first","11":"instock","12":"shipping-taxable","13":"purchasable","14":"product-type-simple"},"acf":[],"_links":{"self":[{"href":"https:\/\/turkmenexporter.com\/fr\/wp-json\/wp\/v2\/product\/18878","targetHints":{"allow":["GET"]}}],"collection":[{"href":"https:\/\/turkmenexporter.com\/fr\/wp-json\/wp\/v2\/product"}],"about":[{"href":"https:\/\/turkmenexporter.com\/fr\/wp-json\/wp\/v2\/types\/product"}],"replies":[{"embeddable":true,"href":"https:\/\/turkmenexporter.com\/fr\/wp-json\/wp\/v2\/comments?post=18878"}],"version-history":[{"count":0,"href":"https:\/\/turkmenexporter.com\/fr\/wp-json\/wp\/v2\/product\/18878\/revisions"}],"wp:featuredmedia":[{"embeddable":true,"href":"https:\/\/turkmenexporter.com\/fr\/wp-json\/wp\/v2\/media\/18756"}],"wp:attachment":[{"href":"https:\/\/turkmenexporter.com\/fr\/wp-json\/wp\/v2\/media?parent=18878"}],"wp:term":[{"taxonomy":"brand","embeddable":true,"href":"https:\/\/turkmenexporter.com\/fr\/wp-json\/wp\/v2\/brand?post=18878"},{"taxonomy":"product_cat","embeddable":true,"href":"https:\/\/turkmenexporter.com\/fr\/wp-json\/wp\/v2\/product_cat?post=18878"},{"taxonomy":"product_tag","embeddable":true,"href":"https:\/\/turkmenexporter.com\/fr\/wp-json\/wp\/v2\/product_tag?post=18878"}],"curies":[{"name":"wp","href":"https:\/\/api.w.org\/{rel}","templated":true}]}}