{"id":18879,"date":"2025-07-29T15:10:14","date_gmt":"2025-07-29T10:10:14","guid":{"rendered":"https:\/\/turkmenexporter.com\/product\/poire-asiatique-chojuro\/"},"modified":"2025-07-30T17:09:44","modified_gmt":"2025-07-30T12:09:44","slug":"poire-asiatique-chojuro","status":"publish","type":"product","link":"https:\/\/turkmenexporter.com\/fr\/produit\/poire-asiatique-chojuro\/","title":{"rendered":"Poire asiatique \u00ab\u00a0Chojuro\u00a0\u00bb"},"content":{"rendered":"<ul>\n<li><strong>Origine : <\/strong>Kaka etrap, Ahal velayat, Turkm\u00e9nistan. 25 hectares de sols bien drain\u00e9s et tr\u00e8s ensoleill\u00e9s, id\u00e9aux pour la culture des poires asiatiques. <\/li>\n<li><strong>Profil de saveur :<\/strong> L\u00e9g\u00e8rement sucr\u00e9 avec des notes de caramel et de miel floral ; faible acidit\u00e9 ; tr\u00e8s rafra\u00eechissant.<\/li>\n<li><strong>Taille du fruit \/ Poids :<\/strong><br \/>\n&#8211; Diam\u00e8tre-1 : 70-85 mm, poids moyen 180-230 g<br \/>\n&#8211; Diam\u00e8tre-2 : 65-80 mm, poids moyen 170-210 g<br \/>\n&#8211; Diam\u00e8tre-3 : 60-75 mm, poids moyen 160-200 g<\/li>\n<li><strong>P\u00e9riode der\u00e9colte: <\/strong>De la mi-ao\u00fbt au d\u00e9but septembre. Disponibles \u00e0 l&rsquo;\u00e9tat frais jusqu&rsquo;en novembre; les fruits conserv\u00e9s au froid sont disponibles jusqu&rsquo;en janvier. <\/li>\n<\/ul>\n","protected":false},"excerpt":{"rendered":"<p><strong>Emballage :<\/strong> bo\u00eetes t\u00e9lescopiques de 19 kg<\/p>\n<p><span class=\"fadeinm1hgl8\"><span lang=\"EN-US\"><b>Chair :<\/b> Ferme, croustillante, blanche, juteuse avec une faible teneur en fibres<\/span><\/span><\/p>\n<p><strong>Niveau BRIX: <\/strong>10-16 Bx<\/p>\n","protected":false},"featured_media":18768,"comment_status":"open","ping_status":"closed","template":"","meta":{"_acf_changed":false},"brand":[1373],"product_cat":[1375],"product_tag":[],"class_list":{"0":"post-18879","1":"product","2":"type-product","3":"status-publish","4":"has-post-thumbnail","6":"brand-miwe-fr","7":"product_cat-fruits-fr","9":"first","10":"instock","11":"shipping-taxable","12":"purchasable","13":"product-type-simple"},"acf":[],"_links":{"self":[{"href":"https:\/\/turkmenexporter.com\/fr\/wp-json\/wp\/v2\/product\/18879","targetHints":{"allow":["GET"]}}],"collection":[{"href":"https:\/\/turkmenexporter.com\/fr\/wp-json\/wp\/v2\/product"}],"about":[{"href":"https:\/\/turkmenexporter.com\/fr\/wp-json\/wp\/v2\/types\/product"}],"replies":[{"embeddable":true,"href":"https:\/\/turkmenexporter.com\/fr\/wp-json\/wp\/v2\/comments?post=18879"}],"version-history":[{"count":1,"href":"https:\/\/turkmenexporter.com\/fr\/wp-json\/wp\/v2\/product\/18879\/revisions"}],"predecessor-version":[{"id":18971,"href":"https:\/\/turkmenexporter.com\/fr\/wp-json\/wp\/v2\/product\/18879\/revisions\/18971"}],"wp:featuredmedia":[{"embeddable":true,"href":"https:\/\/turkmenexporter.com\/fr\/wp-json\/wp\/v2\/media\/18768"}],"wp:attachment":[{"href":"https:\/\/turkmenexporter.com\/fr\/wp-json\/wp\/v2\/media?parent=18879"}],"wp:term":[{"taxonomy":"brand","embeddable":true,"href":"https:\/\/turkmenexporter.com\/fr\/wp-json\/wp\/v2\/brand?post=18879"},{"taxonomy":"product_cat","embeddable":true,"href":"https:\/\/turkmenexporter.com\/fr\/wp-json\/wp\/v2\/product_cat?post=18879"},{"taxonomy":"product_tag","embeddable":true,"href":"https:\/\/turkmenexporter.com\/fr\/wp-json\/wp\/v2\/product_tag?post=18879"}],"curies":[{"name":"wp","href":"https:\/\/api.w.org\/{rel}","templated":true}]}}