{"id":18880,"date":"2025-07-29T14:38:01","date_gmt":"2025-07-29T09:38:01","guid":{"rendered":"https:\/\/turkmenexporter.com\/product\/pomme-dor-delicieuse\/"},"modified":"2025-07-29T14:38:01","modified_gmt":"2025-07-29T09:38:01","slug":"pomme-dor-delicieuse","status":"publish","type":"product","link":"https:\/\/turkmenexporter.com\/fr\/produit\/pomme-dor-delicieuse\/","title":{"rendered":"Pomme \u00ab\u00a0Golden Delicious\u00a0\u00bb"},"content":{"rendered":"<p style=\"margin: 0cm\"><span class=\"fadeinm1hgl8\"><span lang=\"EN-US\"><b>Profil de saveur : <\/b>L\u00e9g\u00e8rement sucr\u00e9, aromatique, faible acidit\u00e9 &#8211; id\u00e9al pour la consommation et la transformation \u00e0 l&rsquo;\u00e9tat frais.<\/span><\/span><\/p>\n<p style=\"margin: 0cm\"><strong>P\u00e9riode der\u00e9colte: <\/strong>Fin septembre \u00e0 d\u00e9but octobre. Disponible jusqu&rsquo;en avril. <\/p>\n<p style=\"margin: 0cm\"><strong>R\u00e9colte pr\u00e9vue (en tonnes) : <\/strong>Sur demande \/ disponible pour la saison 2025<\/p>\n<p style=\"margin: 0cm\"><strong>Origine : <\/strong>Kaka etrap, Ahal velayat, Turkm\u00e9nistan. <strong>115<\/strong> hectares de vergers irrigu\u00e9s de haute altitude b\u00e9n\u00e9ficiant d&rsquo;une exposition optimale au soleil<\/p>\n<p style=\"margin: 0cm\"><strong>Conditions de livraison : <\/strong>EXW (r\u00e9gion d&rsquo;Ahal), FOB (port de Turkmenbashi), CIF, DDP (disponible pour certains march\u00e9s)<\/p>\n<p style=\"margin: 0cm\">\n","protected":false},"excerpt":{"rendered":"<p style=\"margin: 0cm\"><strong>Conditionnement :<\/strong> bo\u00eetes t\u00e9lescopiques de 9 kg et 19 kg<\/p>\n<p style=\"margin: 0cm\"><span class=\"fadeinm1hgl8\"><span lang=\"EN-US\"><b>Chair : <\/b>Blanc cr\u00e8me, \u00e0 grain fin, croquante et juteuse<\/span><\/span><\/p>\n<p style=\"margin: 0cm\"><span class=\"fadeinm1hgl8\"><span lang=\"EN-US\"><b>Niveau BRIX: <\/b>12\u00b0-17\u00b0Bx<\/span><\/span><\/p>\n","protected":false},"featured_media":18750,"comment_status":"open","ping_status":"closed","template":"","meta":{"_acf_changed":false},"brand":[1373],"product_cat":[1375],"product_tag":[],"class_list":{"0":"post-18880","1":"product","2":"type-product","3":"status-publish","4":"has-post-thumbnail","6":"brand-miwe-fr","7":"product_cat-fruits-fr","9":"first","10":"instock","11":"shipping-taxable","12":"purchasable","13":"product-type-simple"},"acf":[],"_links":{"self":[{"href":"https:\/\/turkmenexporter.com\/fr\/wp-json\/wp\/v2\/product\/18880","targetHints":{"allow":["GET"]}}],"collection":[{"href":"https:\/\/turkmenexporter.com\/fr\/wp-json\/wp\/v2\/product"}],"about":[{"href":"https:\/\/turkmenexporter.com\/fr\/wp-json\/wp\/v2\/types\/product"}],"replies":[{"embeddable":true,"href":"https:\/\/turkmenexporter.com\/fr\/wp-json\/wp\/v2\/comments?post=18880"}],"version-history":[{"count":0,"href":"https:\/\/turkmenexporter.com\/fr\/wp-json\/wp\/v2\/product\/18880\/revisions"}],"wp:featuredmedia":[{"embeddable":true,"href":"https:\/\/turkmenexporter.com\/fr\/wp-json\/wp\/v2\/media\/18750"}],"wp:attachment":[{"href":"https:\/\/turkmenexporter.com\/fr\/wp-json\/wp\/v2\/media?parent=18880"}],"wp:term":[{"taxonomy":"brand","embeddable":true,"href":"https:\/\/turkmenexporter.com\/fr\/wp-json\/wp\/v2\/brand?post=18880"},{"taxonomy":"product_cat","embeddable":true,"href":"https:\/\/turkmenexporter.com\/fr\/wp-json\/wp\/v2\/product_cat?post=18880"},{"taxonomy":"product_tag","embeddable":true,"href":"https:\/\/turkmenexporter.com\/fr\/wp-json\/wp\/v2\/product_tag?post=18880"}],"curies":[{"name":"wp","href":"https:\/\/api.w.org\/{rel}","templated":true}]}}