{"id":18881,"date":"2025-07-29T14:22:15","date_gmt":"2025-07-29T09:22:15","guid":{"rendered":"https:\/\/turkmenexporter.com\/product\/pomme-rose-glow\/"},"modified":"2025-07-29T14:22:15","modified_gmt":"2025-07-29T09:22:15","slug":"pomme-rose-glow","status":"publish","type":"product","link":"https:\/\/turkmenexporter.com\/fr\/produit\/pomme-rose-glow\/","title":{"rendered":"Pomme \u00ab\u00a0Rosy Glow\u00a0\u00bb"},"content":{"rendered":"<ul>\n<li><strong>Origine : <\/strong>Kaka etrap, Ahal velayat, Turkm\u00e9nistan. <strong>115<\/strong> hectares de vergers irrigu\u00e9s de haute altitude b\u00e9n\u00e9ficiant d&rsquo;une exposition optimale au soleil<\/li>\n<li><strong> R\u00e9coltepr\u00e9vue (en tonnes) : <\/strong>3,500<\/li>\n<li><strong>P\u00e9riode de r\u00e9colte : <\/strong>Fin octobre \u00e0 d\u00e9but novembre. La disponibilit\u00e9 se prolonge jusqu&rsquo;en mai dans des conditions de stockage ad\u00e9quates. <\/li>\n<li><strong>Conditions de livraison : <\/strong>EXW (r\u00e9gion d&rsquo;Ahal), FOB (port de Turkmenbashi), CIF, DDP (disponible pour certains march\u00e9s)<\/li>\n<\/ul>\n","protected":false},"excerpt":{"rendered":"<p>Conditionnement : bo\u00eetes t\u00e9lescopiques de 9 kg et 19 kg<br \/>\nChair : Croustillante, ferme, blanche avec une l\u00e9g\u00e8re teinte ros\u00e9e pr\u00e8s de la peau<br \/>\nNiveau BRIX : 12,4\u00b0 Bx<\/p>\n","protected":false},"featured_media":18762,"comment_status":"open","ping_status":"closed","template":"","meta":{"_acf_changed":false},"brand":[1373],"product_cat":[1375],"product_tag":[],"class_list":{"0":"post-18881","1":"product","2":"type-product","3":"status-publish","4":"has-post-thumbnail","6":"brand-miwe-fr","7":"product_cat-fruits-fr","9":"first","10":"instock","11":"shipping-taxable","12":"purchasable","13":"product-type-simple"},"acf":[],"_links":{"self":[{"href":"https:\/\/turkmenexporter.com\/fr\/wp-json\/wp\/v2\/product\/18881","targetHints":{"allow":["GET"]}}],"collection":[{"href":"https:\/\/turkmenexporter.com\/fr\/wp-json\/wp\/v2\/product"}],"about":[{"href":"https:\/\/turkmenexporter.com\/fr\/wp-json\/wp\/v2\/types\/product"}],"replies":[{"embeddable":true,"href":"https:\/\/turkmenexporter.com\/fr\/wp-json\/wp\/v2\/comments?post=18881"}],"version-history":[{"count":0,"href":"https:\/\/turkmenexporter.com\/fr\/wp-json\/wp\/v2\/product\/18881\/revisions"}],"wp:featuredmedia":[{"embeddable":true,"href":"https:\/\/turkmenexporter.com\/fr\/wp-json\/wp\/v2\/media\/18762"}],"wp:attachment":[{"href":"https:\/\/turkmenexporter.com\/fr\/wp-json\/wp\/v2\/media?parent=18881"}],"wp:term":[{"taxonomy":"brand","embeddable":true,"href":"https:\/\/turkmenexporter.com\/fr\/wp-json\/wp\/v2\/brand?post=18881"},{"taxonomy":"product_cat","embeddable":true,"href":"https:\/\/turkmenexporter.com\/fr\/wp-json\/wp\/v2\/product_cat?post=18881"},{"taxonomy":"product_tag","embeddable":true,"href":"https:\/\/turkmenexporter.com\/fr\/wp-json\/wp\/v2\/product_tag?post=18881"}],"curies":[{"name":"wp","href":"https:\/\/api.w.org\/{rel}","templated":true}]}}