{"id":19332,"date":"2025-08-19T17:45:09","date_gmt":"2025-08-19T12:45:09","guid":{"rendered":"https:\/\/turkmenexporter.com\/product\/gosha-chynar-mojito-boisson-carbonee-sans-alcool\/"},"modified":"2025-08-19T17:45:09","modified_gmt":"2025-08-19T12:45:09","slug":"gosha-chynar-mojito-boisson-carbonee-sans-alcool","status":"publish","type":"product","link":"https:\/\/turkmenexporter.com\/fr\/produit\/gosha-chynar-mojito-boisson-carbonee-sans-alcool\/","title":{"rendered":"Gosha Chynar Mojito boisson sans alcool carbon\u00e9e."},"content":{"rendered":"<p>Ingr\u00e9dients : Eau potable purifi\u00e9e, sucre, gaz carbonique E290, r\u00e9gulateur d&rsquo;acidit\u00e9 acide citrique E330, ar\u00f4me naturel identique \u00ab\u00a0citron-citron vert\u00a0\u00bb, m\u00e9lange d&rsquo;\u00e9dulcorants : aspartame E951, cyclamate de sodium E952, saccharine E954, ar\u00f4me naturel identique \u00ab\u00a0menthe\u00a0\u00bb, conservateur benzoate de sodium E211.<\/p>\n<p>Valeur nutritionnelle pour 100 sm^3 de produit:<br \/>\n&#8211; glucides non disponibles,<br \/>\n&#8211; valeur \u00e9nerg\u00e9tique 0,5 kcal,<\/p>\n<p>Conditions de stockage : \u00e0 conserver \u00e0 une temp\u00e9rature comprise entre 4\u00b0C et 25\u00b0C.<\/p>\n<p>Produit certifi\u00e9. OGM sans. Tableau vie 180 jours. <\/p>\n","protected":false},"excerpt":{"rendered":"<p>Gosha Chynar mojito boisson gazeuse 0,5 L<br \/>\n12 bouteilles par bloc.<br \/>\n108 blocs par palette.<\/p>\n","protected":false},"featured_media":19238,"comment_status":"open","ping_status":"closed","template":"","meta":{"_acf_changed":false},"brand":[1319],"product_cat":[625],"product_tag":[],"class_list":{"0":"post-19332","1":"product","2":"type-product","3":"status-publish","4":"has-post-thumbnail","6":"brand-gosha-chynar-fr","7":"product_cat-boissons","9":"first","10":"instock","11":"shipping-taxable","12":"purchasable","13":"product-type-simple"},"acf":[],"_links":{"self":[{"href":"https:\/\/turkmenexporter.com\/fr\/wp-json\/wp\/v2\/product\/19332","targetHints":{"allow":["GET"]}}],"collection":[{"href":"https:\/\/turkmenexporter.com\/fr\/wp-json\/wp\/v2\/product"}],"about":[{"href":"https:\/\/turkmenexporter.com\/fr\/wp-json\/wp\/v2\/types\/product"}],"replies":[{"embeddable":true,"href":"https:\/\/turkmenexporter.com\/fr\/wp-json\/wp\/v2\/comments?post=19332"}],"version-history":[{"count":0,"href":"https:\/\/turkmenexporter.com\/fr\/wp-json\/wp\/v2\/product\/19332\/revisions"}],"wp:featuredmedia":[{"embeddable":true,"href":"https:\/\/turkmenexporter.com\/fr\/wp-json\/wp\/v2\/media\/19238"}],"wp:attachment":[{"href":"https:\/\/turkmenexporter.com\/fr\/wp-json\/wp\/v2\/media?parent=19332"}],"wp:term":[{"taxonomy":"brand","embeddable":true,"href":"https:\/\/turkmenexporter.com\/fr\/wp-json\/wp\/v2\/brand?post=19332"},{"taxonomy":"product_cat","embeddable":true,"href":"https:\/\/turkmenexporter.com\/fr\/wp-json\/wp\/v2\/product_cat?post=19332"},{"taxonomy":"product_tag","embeddable":true,"href":"https:\/\/turkmenexporter.com\/fr\/wp-json\/wp\/v2\/product_tag?post=19332"}],"curies":[{"name":"wp","href":"https:\/\/api.w.org\/{rel}","templated":true}]}}