{"id":19343,"date":"2025-08-19T17:45:09","date_gmt":"2025-08-19T12:45:09","guid":{"rendered":"https:\/\/turkmenexporter.com\/product\/7-chynar-terragon-boisson-gazeuse-non-alcoolisee\/"},"modified":"2025-08-19T17:45:09","modified_gmt":"2025-08-19T12:45:09","slug":"7-chynar-terragon-boisson-gazeuse-non-alcoolisee","status":"publish","type":"product","link":"https:\/\/turkmenexporter.com\/fr\/produit\/7-chynar-terragon-boisson-gazeuse-non-alcoolisee\/","title":{"rendered":"7 Chynar Terragon boisson gazeuse non alcoolis\u00e9e"},"content":{"rendered":"<p>Ingr\u00e9dients : Eau potable purifi\u00e9e, sucre, gaz carbonique E290, r\u00e9gulateur d&rsquo;acidit\u00e9 acide citrique E330, ar\u00f4me naturel identique \u00ab\u00a0Terragon\u00a0\u00bb, conservateur benzoate de sodium E211.<\/p>\n<p>Valeur nutritionnelle pour 100 sm^3 de produit:<br \/>\n&#8211; glucides 10,4,<br \/>\n&#8211; valeur \u00e9nerg\u00e9tique 40 kcal,<\/p>\n<p>Conditions de stockage : \u00e0 conserver \u00e0 une temp\u00e9rature comprise entre 4\u00b0C et 25\u00b0C.<\/p>\n<p>Produit certifi\u00e9. OGM sans. Tableau vie 180 jours. <\/p>\n","protected":false},"excerpt":{"rendered":"<p>Gosha Chynar terragon boisson gazeuse 0,5 L<br \/>\n12 bouteilles par bloc.<br \/>\n108 blocs par palette.<\/p>\n","protected":false},"featured_media":19232,"comment_status":"open","ping_status":"closed","template":"","meta":{"_acf_changed":false},"brand":[1319],"product_cat":[625],"product_tag":[],"class_list":{"0":"post-19343","1":"product","2":"type-product","3":"status-publish","4":"has-post-thumbnail","6":"brand-gosha-chynar-fr","7":"product_cat-boissons","9":"first","10":"instock","11":"shipping-taxable","12":"purchasable","13":"product-type-simple"},"acf":[],"_links":{"self":[{"href":"https:\/\/turkmenexporter.com\/fr\/wp-json\/wp\/v2\/product\/19343","targetHints":{"allow":["GET"]}}],"collection":[{"href":"https:\/\/turkmenexporter.com\/fr\/wp-json\/wp\/v2\/product"}],"about":[{"href":"https:\/\/turkmenexporter.com\/fr\/wp-json\/wp\/v2\/types\/product"}],"replies":[{"embeddable":true,"href":"https:\/\/turkmenexporter.com\/fr\/wp-json\/wp\/v2\/comments?post=19343"}],"version-history":[{"count":0,"href":"https:\/\/turkmenexporter.com\/fr\/wp-json\/wp\/v2\/product\/19343\/revisions"}],"wp:featuredmedia":[{"embeddable":true,"href":"https:\/\/turkmenexporter.com\/fr\/wp-json\/wp\/v2\/media\/19232"}],"wp:attachment":[{"href":"https:\/\/turkmenexporter.com\/fr\/wp-json\/wp\/v2\/media?parent=19343"}],"wp:term":[{"taxonomy":"brand","embeddable":true,"href":"https:\/\/turkmenexporter.com\/fr\/wp-json\/wp\/v2\/brand?post=19343"},{"taxonomy":"product_cat","embeddable":true,"href":"https:\/\/turkmenexporter.com\/fr\/wp-json\/wp\/v2\/product_cat?post=19343"},{"taxonomy":"product_tag","embeddable":true,"href":"https:\/\/turkmenexporter.com\/fr\/wp-json\/wp\/v2\/product_tag?post=19343"}],"curies":[{"name":"wp","href":"https:\/\/api.w.org\/{rel}","templated":true}]}}