{"id":19348,"date":"2025-08-19T17:45:07","date_gmt":"2025-08-19T12:45:07","guid":{"rendered":"https:\/\/turkmenexporter.com\/product\/7-chynar-boisson-gazeuse-non-alcoolisee-aromatisee-a-lorange-05-l\/"},"modified":"2025-09-05T11:50:44","modified_gmt":"2025-09-05T06:50:44","slug":"7-chynar-boisson-gazeuse-non-alcoolisee-aromatisee-a-lorange-05-l","status":"publish","type":"product","link":"https:\/\/turkmenexporter.com\/fr\/produit\/7-chynar-boisson-gazeuse-non-alcoolisee-aromatisee-a-lorange-05-l\/","title":{"rendered":"7 Chynar boisson gazeuse non alcoolis\u00e9e aromatis\u00e9e \u00e0 l&rsquo;orange 0,5 L"},"content":{"rendered":"<p>Ingr\u00e9dients : Eau potable purifi\u00e9e, sucre, gaz carbonique E290, r\u00e9gulateur d&rsquo;acidit\u00e9 acide citrique E330, ar\u00f4me naturel identique \u00ab\u00a0Orange\u00a0\u00bb, additif alimentaire sodium sitrate 3-substitu\u00e9 E331, ar\u00f4me naturel identique \u00ab\u00a0Multisense Masking\u00a0\u00bb, conservateur benzoate de sodium E211, antioxydant acide ascorbique E300.<\/p>\n<p>Nutrition valeur par 100 sm^3 de le produit:<br \/>\n&#8211; glucides 12,3 g,<br \/>\n&#8211; \u00e9nergie valeur 50 kcal,<\/p>\n<p>Conditions de stockage : \u00e0 conserver \u00e0 une temp\u00e9rature comprise entre 4\u00b0C et 25\u00b0C.<\/p>\n<p>Produit certifi\u00e9. OGM sans. Tableau vie 180 jours. <\/p>\n","protected":false},"excerpt":{"rendered":"<p>7 Chynar orange aromatis\u00e9e carbon\u00e9e boisson 0,5 L<br \/>\n12 bouteilles dans un bloc.<br \/>\n108 blocs dans une palette.<\/p>\n","protected":false},"featured_media":18998,"comment_status":"open","ping_status":"closed","template":"","meta":{"_acf_changed":false},"brand":[1319],"product_cat":[625],"product_tag":[],"class_list":{"0":"post-19348","1":"product","2":"type-product","3":"status-publish","4":"has-post-thumbnail","6":"brand-gosha-chynar-fr","7":"product_cat-boissons","9":"first","10":"instock","11":"shipping-taxable","12":"purchasable","13":"product-type-simple"},"acf":[],"_links":{"self":[{"href":"https:\/\/turkmenexporter.com\/fr\/wp-json\/wp\/v2\/product\/19348","targetHints":{"allow":["GET"]}}],"collection":[{"href":"https:\/\/turkmenexporter.com\/fr\/wp-json\/wp\/v2\/product"}],"about":[{"href":"https:\/\/turkmenexporter.com\/fr\/wp-json\/wp\/v2\/types\/product"}],"replies":[{"embeddable":true,"href":"https:\/\/turkmenexporter.com\/fr\/wp-json\/wp\/v2\/comments?post=19348"}],"version-history":[{"count":1,"href":"https:\/\/turkmenexporter.com\/fr\/wp-json\/wp\/v2\/product\/19348\/revisions"}],"predecessor-version":[{"id":19551,"href":"https:\/\/turkmenexporter.com\/fr\/wp-json\/wp\/v2\/product\/19348\/revisions\/19551"}],"wp:featuredmedia":[{"embeddable":true,"href":"https:\/\/turkmenexporter.com\/fr\/wp-json\/wp\/v2\/media\/18998"}],"wp:attachment":[{"href":"https:\/\/turkmenexporter.com\/fr\/wp-json\/wp\/v2\/media?parent=19348"}],"wp:term":[{"taxonomy":"brand","embeddable":true,"href":"https:\/\/turkmenexporter.com\/fr\/wp-json\/wp\/v2\/brand?post=19348"},{"taxonomy":"product_cat","embeddable":true,"href":"https:\/\/turkmenexporter.com\/fr\/wp-json\/wp\/v2\/product_cat?post=19348"},{"taxonomy":"product_tag","embeddable":true,"href":"https:\/\/turkmenexporter.com\/fr\/wp-json\/wp\/v2\/product_tag?post=19348"}],"curies":[{"name":"wp","href":"https:\/\/api.w.org\/{rel}","templated":true}]}}