{"id":19352,"date":"2025-08-19T17:45:05","date_gmt":"2025-08-19T12:45:05","guid":{"rendered":"https:\/\/turkmenexporter.com\/product\/kola-chynar-boisson-gazeuse-1-l\/"},"modified":"2025-08-20T12:15:19","modified_gmt":"2025-08-20T07:15:19","slug":"kola-chynar-boisson-gazeuse-1-l","status":"publish","type":"product","link":"https:\/\/turkmenexporter.com\/fr\/produit\/kola-chynar-boisson-gazeuse-1-l\/","title":{"rendered":"Kola Chynar boisson gazeuse 1 L"},"content":{"rendered":"<p>Ingr\u00e9dients : Eau purifi\u00e9e boisson, sucre, boisson carbonante gaz carbone dioxyde E290, \u00ab\u00a0Cola\u00a0\u00bb composant, ingr\u00e9dients parfum\u00e9s. additifs alimentaires, agent de conservation benzoate de sodium E211. <\/p>\n<p>Valeur nutritionnelle pour 100 sm^3 de produit:<br \/>\n&#8211; glucides 11 g,<br \/>\n&#8211; valeur \u00e9nerg\u00e9tique 44 kcal,<br \/>\n&#8211; caf\u00e9ine pas plus de 100 mg\/L<\/p>\n<p>Conditions de stockage : \u00e0 conserver \u00e0 une temp\u00e9rature comprise entre 4\u00b0C et 25\u00b0C.<\/p>\n<p>Produit certifi\u00e9. OGM sans. Tableau vie 180 jours. <\/p>\n","protected":false},"excerpt":{"rendered":"<p>Cola Chynar Classic boisson gazeuse 1 L<br \/>\n12 bouteilles par bloc.<br \/>\n60 blocs par palette.<\/p>\n","protected":false},"featured_media":19034,"comment_status":"open","ping_status":"closed","template":"","meta":{"_acf_changed":false},"brand":[1319],"product_cat":[625],"product_tag":[],"class_list":{"0":"post-19352","1":"product","2":"type-product","3":"status-publish","4":"has-post-thumbnail","6":"brand-gosha-chynar-fr","7":"product_cat-boissons","9":"first","10":"instock","11":"shipping-taxable","12":"purchasable","13":"product-type-simple"},"acf":[],"_links":{"self":[{"href":"https:\/\/turkmenexporter.com\/fr\/wp-json\/wp\/v2\/product\/19352","targetHints":{"allow":["GET"]}}],"collection":[{"href":"https:\/\/turkmenexporter.com\/fr\/wp-json\/wp\/v2\/product"}],"about":[{"href":"https:\/\/turkmenexporter.com\/fr\/wp-json\/wp\/v2\/types\/product"}],"replies":[{"embeddable":true,"href":"https:\/\/turkmenexporter.com\/fr\/wp-json\/wp\/v2\/comments?post=19352"}],"version-history":[{"count":1,"href":"https:\/\/turkmenexporter.com\/fr\/wp-json\/wp\/v2\/product\/19352\/revisions"}],"predecessor-version":[{"id":19354,"href":"https:\/\/turkmenexporter.com\/fr\/wp-json\/wp\/v2\/product\/19352\/revisions\/19354"}],"wp:featuredmedia":[{"embeddable":true,"href":"https:\/\/turkmenexporter.com\/fr\/wp-json\/wp\/v2\/media\/19034"}],"wp:attachment":[{"href":"https:\/\/turkmenexporter.com\/fr\/wp-json\/wp\/v2\/media?parent=19352"}],"wp:term":[{"taxonomy":"brand","embeddable":true,"href":"https:\/\/turkmenexporter.com\/fr\/wp-json\/wp\/v2\/brand?post=19352"},{"taxonomy":"product_cat","embeddable":true,"href":"https:\/\/turkmenexporter.com\/fr\/wp-json\/wp\/v2\/product_cat?post=19352"},{"taxonomy":"product_tag","embeddable":true,"href":"https:\/\/turkmenexporter.com\/fr\/wp-json\/wp\/v2\/product_tag?post=19352"}],"curies":[{"name":"wp","href":"https:\/\/api.w.org\/{rel}","templated":true}]}}