{"id":19353,"date":"2025-08-19T17:45:06","date_gmt":"2025-08-19T12:45:06","guid":{"rendered":"https:\/\/turkmenexporter.com\/product\/gosha-chynar-cola-boisson-gazeuse-15-l\/"},"modified":"2025-08-19T17:45:06","modified_gmt":"2025-08-19T12:45:06","slug":"gosha-chynar-cola-boisson-gazeuse-15-l","status":"publish","type":"product","link":"https:\/\/turkmenexporter.com\/fr\/produit\/gosha-chynar-cola-boisson-gazeuse-15-l\/","title":{"rendered":"Gosha Chynar Cola boisson gazeuse 1,5 L"},"content":{"rendered":"<p>Ingr\u00e9dients : Eau potable purifi\u00e9e, sucre, gaz carbonique pour boisson, dioxyde de carbone E290, composant \u00ab\u00a0Cola\u00a0\u00bb, ingr\u00e9dients parfum\u00e9s. additifs alimentaires, agent conservateur, benzoate de sodium E211. <\/p>\n<p>Nutrition valeur par 100 sm^3 de le produit:<br \/>\n&#8211; glucides 11 g,<br \/>\n&#8211; \u00e9nergie valeur 44 kcal,<br \/>\n&#8211; caf\u00e9ine pas plus de 100 mg\/L.<\/p>\n<p>Conditions de stockage : \u00e0 conserver \u00e0 une temp\u00e9rature comprise entre 4\u00b0C et 25\u00b0C.<\/p>\n<p>Produit certifi\u00e9. OGM sans. Tableau vie 180 jours. <\/p>\n","protected":false},"excerpt":{"rendered":"<p>Gosha Chynar Cola carbon\u00e9 boisson 1,5 L<br \/>\n6 bouteilles dans un bloc.<br \/>\n76 blocs dans une palette.<\/p>\n","protected":false},"featured_media":19076,"comment_status":"open","ping_status":"closed","template":"","meta":{"_acf_changed":false},"brand":[1319],"product_cat":[625],"product_tag":[],"class_list":{"0":"post-19353","1":"product","2":"type-product","3":"status-publish","4":"has-post-thumbnail","6":"brand-gosha-chynar-fr","7":"product_cat-boissons","9":"first","10":"instock","11":"shipping-taxable","12":"purchasable","13":"product-type-simple"},"acf":[],"_links":{"self":[{"href":"https:\/\/turkmenexporter.com\/fr\/wp-json\/wp\/v2\/product\/19353","targetHints":{"allow":["GET"]}}],"collection":[{"href":"https:\/\/turkmenexporter.com\/fr\/wp-json\/wp\/v2\/product"}],"about":[{"href":"https:\/\/turkmenexporter.com\/fr\/wp-json\/wp\/v2\/types\/product"}],"replies":[{"embeddable":true,"href":"https:\/\/turkmenexporter.com\/fr\/wp-json\/wp\/v2\/comments?post=19353"}],"version-history":[{"count":0,"href":"https:\/\/turkmenexporter.com\/fr\/wp-json\/wp\/v2\/product\/19353\/revisions"}],"wp:featuredmedia":[{"embeddable":true,"href":"https:\/\/turkmenexporter.com\/fr\/wp-json\/wp\/v2\/media\/19076"}],"wp:attachment":[{"href":"https:\/\/turkmenexporter.com\/fr\/wp-json\/wp\/v2\/media?parent=19353"}],"wp:term":[{"taxonomy":"brand","embeddable":true,"href":"https:\/\/turkmenexporter.com\/fr\/wp-json\/wp\/v2\/brand?post=19353"},{"taxonomy":"product_cat","embeddable":true,"href":"https:\/\/turkmenexporter.com\/fr\/wp-json\/wp\/v2\/product_cat?post=19353"},{"taxonomy":"product_tag","embeddable":true,"href":"https:\/\/turkmenexporter.com\/fr\/wp-json\/wp\/v2\/product_tag?post=19353"}],"curies":[{"name":"wp","href":"https:\/\/api.w.org\/{rel}","templated":true}]}}