{"id":19356,"date":"2025-08-19T17:45:04","date_gmt":"2025-08-19T12:45:04","guid":{"rendered":"https:\/\/turkmenexporter.com\/product\/gosha-chynar-eau-non-alcoolisee-fortement-gazeifiee-1-l\/"},"modified":"2025-08-19T17:45:04","modified_gmt":"2025-08-19T12:45:04","slug":"gosha-chynar-eau-non-alcoolisee-fortement-gazeifiee-1-l","status":"publish","type":"product","link":"https:\/\/turkmenexporter.com\/fr\/produit\/gosha-chynar-eau-non-alcoolisee-fortement-gazeifiee-1-l\/","title":{"rendered":"Gosha Chynar eau non alcoolis\u00e9e fortement gaz\u00e9ifi\u00e9e 1 L"},"content":{"rendered":"<p>Conditions de stockage : \u00e0 conserver \u00e0 une temp\u00e9rature comprise entre 4\u00b0C et 25\u00b0C.<\/p>\n<p>Produit certifi\u00e9. OGM sans. Tableau vie 180 jours. <\/p>\n","protected":false},"excerpt":{"rendered":"<p>Boisson carbon\u00e9e vitamin\u00e9e \u00e9nerg\u00e9tique sans alcool 1 l<br \/>\n12 bouteilles dans un bloc.<br \/>\n120 blocs dans une palette.<\/p>\n","protected":false},"featured_media":19106,"comment_status":"open","ping_status":"closed","template":"","meta":{"_acf_changed":false},"brand":[1319],"product_cat":[625],"product_tag":[],"class_list":{"0":"post-19356","1":"product","2":"type-product","3":"status-publish","4":"has-post-thumbnail","6":"brand-gosha-chynar-fr","7":"product_cat-boissons","9":"first","10":"instock","11":"shipping-taxable","12":"purchasable","13":"product-type-variable","14":"has-default-attributes"},"acf":[],"_links":{"self":[{"href":"https:\/\/turkmenexporter.com\/fr\/wp-json\/wp\/v2\/product\/19356","targetHints":{"allow":["GET"]}}],"collection":[{"href":"https:\/\/turkmenexporter.com\/fr\/wp-json\/wp\/v2\/product"}],"about":[{"href":"https:\/\/turkmenexporter.com\/fr\/wp-json\/wp\/v2\/types\/product"}],"replies":[{"embeddable":true,"href":"https:\/\/turkmenexporter.com\/fr\/wp-json\/wp\/v2\/comments?post=19356"}],"version-history":[{"count":0,"href":"https:\/\/turkmenexporter.com\/fr\/wp-json\/wp\/v2\/product\/19356\/revisions"}],"wp:featuredmedia":[{"embeddable":true,"href":"https:\/\/turkmenexporter.com\/fr\/wp-json\/wp\/v2\/media\/19106"}],"wp:attachment":[{"href":"https:\/\/turkmenexporter.com\/fr\/wp-json\/wp\/v2\/media?parent=19356"}],"wp:term":[{"taxonomy":"brand","embeddable":true,"href":"https:\/\/turkmenexporter.com\/fr\/wp-json\/wp\/v2\/brand?post=19356"},{"taxonomy":"product_cat","embeddable":true,"href":"https:\/\/turkmenexporter.com\/fr\/wp-json\/wp\/v2\/product_cat?post=19356"},{"taxonomy":"product_tag","embeddable":true,"href":"https:\/\/turkmenexporter.com\/fr\/wp-json\/wp\/v2\/product_tag?post=19356"}],"curies":[{"name":"wp","href":"https:\/\/api.w.org\/{rel}","templated":true}]}}