{"id":19360,"date":"2025-08-19T17:45:04","date_gmt":"2025-08-19T12:45:04","guid":{"rendered":"https:\/\/turkmenexporter.com\/product\/cola-chynar-boisson-sans-alcool-carbonee-05-l\/"},"modified":"2025-09-05T11:50:44","modified_gmt":"2025-09-05T06:50:44","slug":"cola-chynar-boisson-sans-alcool-carbonee-05-l","status":"publish","type":"product","link":"https:\/\/turkmenexporter.com\/fr\/produit\/cola-chynar-boisson-sans-alcool-carbonee-05-l\/","title":{"rendered":"Cola Chynar boisson sans alcool carbon\u00e9e 0,5 L"},"content":{"rendered":"<p>Ingr\u00e9dients : Eau potable purifi\u00e9e, sucre, gaz carbonique pour boisson, dioxyde de carbone E290, composant \u00ab\u00a0Cola\u00a0\u00bb, ingr\u00e9dients parfum\u00e9s. additifs alimentaires, agent conservateur, benzoate de sodium E211. <\/p>\n<p>Valeur nutritionnelle pour 100 sm^3 de produit:<br \/>\n&#8211; glucides 11 g,<br \/>\n&#8211; valeur \u00e9nerg\u00e9tique 44 kcal,<br \/>\n&#8211; caf\u00e9ine pas plus de 100 mg\/L<\/p>\n<p>Conditions de stockage : \u00e0 conserver \u00e0 une temp\u00e9rature comprise entre 4\u00b0C et 25\u00b0C.<\/p>\n<p>Produit certifi\u00e9. OGM sans. Tableau vie 180 jours. <\/p>\n","protected":false},"excerpt":{"rendered":"<p>Cola Chynar Classic carbon\u00e9 boisson 0,5 L<br \/>\n12 bouteilles dans un bloc.<br \/>\n108 blocs dans une palette.<\/p>\n","protected":false},"featured_media":19028,"comment_status":"open","ping_status":"closed","template":"","meta":{"_acf_changed":false},"brand":[1319],"product_cat":[625],"product_tag":[848],"class_list":{"0":"post-19360","1":"product","2":"type-product","3":"status-publish","4":"has-post-thumbnail","6":"brand-gosha-chynar-fr","7":"product_cat-boissons","8":"product_tag-front-product-fr","10":"first","11":"instock","12":"shipping-taxable","13":"purchasable","14":"product-type-simple"},"acf":[],"_links":{"self":[{"href":"https:\/\/turkmenexporter.com\/fr\/wp-json\/wp\/v2\/product\/19360","targetHints":{"allow":["GET"]}}],"collection":[{"href":"https:\/\/turkmenexporter.com\/fr\/wp-json\/wp\/v2\/product"}],"about":[{"href":"https:\/\/turkmenexporter.com\/fr\/wp-json\/wp\/v2\/types\/product"}],"replies":[{"embeddable":true,"href":"https:\/\/turkmenexporter.com\/fr\/wp-json\/wp\/v2\/comments?post=19360"}],"version-history":[{"count":1,"href":"https:\/\/turkmenexporter.com\/fr\/wp-json\/wp\/v2\/product\/19360\/revisions"}],"predecessor-version":[{"id":19552,"href":"https:\/\/turkmenexporter.com\/fr\/wp-json\/wp\/v2\/product\/19360\/revisions\/19552"}],"wp:featuredmedia":[{"embeddable":true,"href":"https:\/\/turkmenexporter.com\/fr\/wp-json\/wp\/v2\/media\/19028"}],"wp:attachment":[{"href":"https:\/\/turkmenexporter.com\/fr\/wp-json\/wp\/v2\/media?parent=19360"}],"wp:term":[{"taxonomy":"brand","embeddable":true,"href":"https:\/\/turkmenexporter.com\/fr\/wp-json\/wp\/v2\/brand?post=19360"},{"taxonomy":"product_cat","embeddable":true,"href":"https:\/\/turkmenexporter.com\/fr\/wp-json\/wp\/v2\/product_cat?post=19360"},{"taxonomy":"product_tag","embeddable":true,"href":"https:\/\/turkmenexporter.com\/fr\/wp-json\/wp\/v2\/product_tag?post=19360"}],"curies":[{"name":"wp","href":"https:\/\/api.w.org\/{rel}","templated":true}]}}