{"id":19555,"date":"2025-09-03T14:54:00","date_gmt":"2025-09-03T09:54:00","guid":{"rendered":"https:\/\/turkmenexporter.com\/product\/amandes-marinada\/"},"modified":"2025-09-03T14:54:00","modified_gmt":"2025-09-03T09:54:00","slug":"amandes-marinada","status":"publish","type":"product","link":"https:\/\/turkmenexporter.com\/fr\/produit\/amandes-marinada\/","title":{"rendered":"Amandes \u00ab\u00a0Marinada\u00a0\u00bb"},"content":{"rendered":"<p><strong>Noyau Caract\u00e9ristiques:<\/strong> Elong\u00e9 forme, peau p\u00e2le, riche et \u00e9quilibr\u00e9 go\u00fbt.<\/p>\n<p><strong>Taille du grain \/ Poids: <\/strong>12-14 mm, ~1,2-1,3 g par grain, 18-20 grains\/oz.<\/p>\n<p><strong>P\u00e9riode de r\u00e9colte:<\/strong> D\u00e9but septembre. Disponible jusqu&rsquo;\u00e0 Mars. <\/p>\n<p><strong>Conditions de livraison <\/strong>: EXW (Ashgabat), FOB (Turkmenbashi Port), CIF, DDP (march\u00e9s s\u00e9lectionn\u00e9s)<\/p>\n","protected":false},"excerpt":{"rendered":"<p><strong>Profil de saveur : <\/strong>Naturellement doux, ar\u00f4me de noisette, convient pour le snacking et l&rsquo;utilisation industrielle<\/p>\n<p><strong>Type de coque<\/strong>:Coquille fine et dure, convient pour un traitement efficace<\/p>\n<p><strong>Emballage :<\/strong> Caisse standard de 15 kg ou 25 kg<\/p>\n","protected":false},"featured_media":18744,"comment_status":"open","ping_status":"closed","template":"","meta":{"_acf_changed":false},"brand":[1373],"product_cat":[1415],"product_tag":[848],"class_list":{"0":"post-19555","1":"product","2":"type-product","3":"status-publish","4":"has-post-thumbnail","6":"brand-miwe-fr","7":"product_cat-amandes","8":"product_tag-front-product-fr","10":"first","11":"instock","12":"shipping-taxable","13":"purchasable","14":"product-type-simple"},"acf":[],"_links":{"self":[{"href":"https:\/\/turkmenexporter.com\/fr\/wp-json\/wp\/v2\/product\/19555","targetHints":{"allow":["GET"]}}],"collection":[{"href":"https:\/\/turkmenexporter.com\/fr\/wp-json\/wp\/v2\/product"}],"about":[{"href":"https:\/\/turkmenexporter.com\/fr\/wp-json\/wp\/v2\/types\/product"}],"replies":[{"embeddable":true,"href":"https:\/\/turkmenexporter.com\/fr\/wp-json\/wp\/v2\/comments?post=19555"}],"version-history":[{"count":0,"href":"https:\/\/turkmenexporter.com\/fr\/wp-json\/wp\/v2\/product\/19555\/revisions"}],"wp:featuredmedia":[{"embeddable":true,"href":"https:\/\/turkmenexporter.com\/fr\/wp-json\/wp\/v2\/media\/18744"}],"wp:attachment":[{"href":"https:\/\/turkmenexporter.com\/fr\/wp-json\/wp\/v2\/media?parent=19555"}],"wp:term":[{"taxonomy":"brand","embeddable":true,"href":"https:\/\/turkmenexporter.com\/fr\/wp-json\/wp\/v2\/brand?post=19555"},{"taxonomy":"product_cat","embeddable":true,"href":"https:\/\/turkmenexporter.com\/fr\/wp-json\/wp\/v2\/product_cat?post=19555"},{"taxonomy":"product_tag","embeddable":true,"href":"https:\/\/turkmenexporter.com\/fr\/wp-json\/wp\/v2\/product_tag?post=19555"}],"curies":[{"name":"wp","href":"https:\/\/api.w.org\/{rel}","templated":true}]}}