{"id":19557,"date":"2025-09-03T14:31:40","date_gmt":"2025-09-03T09:31:40","guid":{"rendered":"https:\/\/turkmenexporter.com\/product\/amande-makako\/"},"modified":"2025-09-03T14:31:40","modified_gmt":"2025-09-03T09:31:40","slug":"amande-makako","status":"publish","type":"product","link":"https:\/\/turkmenexporter.com\/fr\/produit\/amande-makako\/","title":{"rendered":"Amande \u00ab\u00a0Makako\u00a0\u00bb"},"content":{"rendered":"<p><strong>Noyau Caract\u00e9ristiques : <\/strong>Peau lisse de couleur brun clair, sucr\u00e9e saveur, haute huile.<\/p>\n<p><strong>Taille du grain \/ Poids: <\/strong>11-13 mm, ~1,1 g par grain, 20-22 grains\/oz<\/p>\n<p><strong>P\u00e9riode de r\u00e9colte: <\/strong>Fin Ao\u00fbt \u00e0 d\u00e9but Septembre. Disponible jusqu&rsquo;\u00e0 Mars <\/p>\n<p><strong>Conditions de livraison <\/strong>: EXW (Ashgabat), FOB (Turkmenbashi Port), CIF, DDP (march\u00e9s s\u00e9lectionn\u00e9s)<\/p>\n","protected":false},"excerpt":{"rendered":"<p><strong>Profil de saveur : <\/strong>Naturellement doux, ar\u00f4me de noisette, convient pour le snacking et l&rsquo;utilisation industrielle<\/p>\n<p><strong>Type de coque : <\/strong>Coquille semi-dure, facile \u00e0 casser<\/p>\n<p><strong>Conditionnement : <\/strong>Caisse standard de 15 kg ou 25 kg<\/p>\n","protected":false},"featured_media":18738,"comment_status":"open","ping_status":"closed","template":"","meta":{"_acf_changed":false},"brand":[1373],"product_cat":[1415],"product_tag":[848],"class_list":{"0":"post-19557","1":"product","2":"type-product","3":"status-publish","4":"has-post-thumbnail","6":"brand-miwe-fr","7":"product_cat-amandes","8":"product_tag-front-product-fr","10":"first","11":"instock","12":"shipping-taxable","13":"purchasable","14":"product-type-simple"},"acf":[],"_links":{"self":[{"href":"https:\/\/turkmenexporter.com\/fr\/wp-json\/wp\/v2\/product\/19557","targetHints":{"allow":["GET"]}}],"collection":[{"href":"https:\/\/turkmenexporter.com\/fr\/wp-json\/wp\/v2\/product"}],"about":[{"href":"https:\/\/turkmenexporter.com\/fr\/wp-json\/wp\/v2\/types\/product"}],"replies":[{"embeddable":true,"href":"https:\/\/turkmenexporter.com\/fr\/wp-json\/wp\/v2\/comments?post=19557"}],"version-history":[{"count":0,"href":"https:\/\/turkmenexporter.com\/fr\/wp-json\/wp\/v2\/product\/19557\/revisions"}],"wp:featuredmedia":[{"embeddable":true,"href":"https:\/\/turkmenexporter.com\/fr\/wp-json\/wp\/v2\/media\/18738"}],"wp:attachment":[{"href":"https:\/\/turkmenexporter.com\/fr\/wp-json\/wp\/v2\/media?parent=19557"}],"wp:term":[{"taxonomy":"brand","embeddable":true,"href":"https:\/\/turkmenexporter.com\/fr\/wp-json\/wp\/v2\/brand?post=19557"},{"taxonomy":"product_cat","embeddable":true,"href":"https:\/\/turkmenexporter.com\/fr\/wp-json\/wp\/v2\/product_cat?post=19557"},{"taxonomy":"product_tag","embeddable":true,"href":"https:\/\/turkmenexporter.com\/fr\/wp-json\/wp\/v2\/product_tag?post=19557"}],"curies":[{"name":"wp","href":"https:\/\/api.w.org\/{rel}","templated":true}]}}