{"id":19883,"date":"2025-09-09T15:27:05","date_gmt":"2025-09-09T10:27:05","guid":{"rendered":"https:\/\/turkmenexporter.com\/product\/huile-de-transmission-mecanique-geartec-multi-80w-90\/"},"modified":"2026-01-19T16:56:12","modified_gmt":"2026-01-19T11:56:12","slug":"huile-de-transmission-mecanique-geartec-multi-80w-90","status":"publish","type":"product","link":"https:\/\/turkmenexporter.com\/fr\/produit\/huile-de-transmission-mecanique-geartec-multi-80w-90\/","title":{"rendered":"Huile de transmission m\u00e9canique Geartec Multi 80W-90"},"content":{"rendered":"<p>High-quality oil for mechanical transmissions of passenger cars and trucks. It is produced on the basis of high-quality mineral base oils obtained from crude oil and a balanced package of additives that ensure high performance in various climatic conditions. It has high antioxidant and anti-foam properties.<br \/>\nReduces friction and wear under high loads.  <\/p>\n<p>&#8211; Viscosit\u00e9 cin\u00e9matique \u00e0 100 \u00b0C mm2\/s, comprise entre 14 et 17<br \/>\n&#8211; Indice de viscosit\u00e9, pas inf\u00e9rieur \u00e0 95<br \/>\n&#8211; Point d&rsquo;\u00e9coulement \u00b0C, pas sup\u00e9rieur \u00e0 -18<br \/>\n&#8211; Point d&rsquo;\u00e9clair \u00b0C, pas inf\u00e9rieur \u00e0 220<\/p>\n","protected":false},"excerpt":{"rendered":"<p>Huile de transmission m\u00e9canique<br \/>\nDisponible en bidons de 20L et en f\u00fbts de 208L<\/p>\n","protected":false},"featured_media":19823,"comment_status":"open","ping_status":"closed","template":"","meta":{"_acf_changed":false},"brand":[1434],"product_cat":[1275],"product_tag":[],"class_list":{"0":"post-19883","1":"product","2":"type-product","3":"status-publish","4":"has-post-thumbnail","6":"brand-gm-oil-fr","7":"product_cat-produitsautomobiles","9":"first","10":"instock","11":"shipping-taxable","12":"purchasable","13":"product-type-simple"},"acf":[],"_links":{"self":[{"href":"https:\/\/turkmenexporter.com\/fr\/wp-json\/wp\/v2\/product\/19883","targetHints":{"allow":["GET"]}}],"collection":[{"href":"https:\/\/turkmenexporter.com\/fr\/wp-json\/wp\/v2\/product"}],"about":[{"href":"https:\/\/turkmenexporter.com\/fr\/wp-json\/wp\/v2\/types\/product"}],"replies":[{"embeddable":true,"href":"https:\/\/turkmenexporter.com\/fr\/wp-json\/wp\/v2\/comments?post=19883"}],"version-history":[{"count":1,"href":"https:\/\/turkmenexporter.com\/fr\/wp-json\/wp\/v2\/product\/19883\/revisions"}],"predecessor-version":[{"id":20114,"href":"https:\/\/turkmenexporter.com\/fr\/wp-json\/wp\/v2\/product\/19883\/revisions\/20114"}],"wp:featuredmedia":[{"embeddable":true,"href":"https:\/\/turkmenexporter.com\/fr\/wp-json\/wp\/v2\/media\/19823"}],"wp:attachment":[{"href":"https:\/\/turkmenexporter.com\/fr\/wp-json\/wp\/v2\/media?parent=19883"}],"wp:term":[{"taxonomy":"brand","embeddable":true,"href":"https:\/\/turkmenexporter.com\/fr\/wp-json\/wp\/v2\/brand?post=19883"},{"taxonomy":"product_cat","embeddable":true,"href":"https:\/\/turkmenexporter.com\/fr\/wp-json\/wp\/v2\/product_cat?post=19883"},{"taxonomy":"product_tag","embeddable":true,"href":"https:\/\/turkmenexporter.com\/fr\/wp-json\/wp\/v2\/product_tag?post=19883"}],"curies":[{"name":"wp","href":"https:\/\/api.w.org\/{rel}","templated":true}]}}