{"id":19886,"date":"2025-09-09T15:27:05","date_gmt":"2025-09-09T10:27:05","guid":{"rendered":"https:\/\/turkmenexporter.com\/product\/huile-hydraulique-iso-vg-46-hm\/"},"modified":"2026-01-19T16:56:11","modified_gmt":"2026-01-19T11:56:11","slug":"huile-hydraulique-iso-vg-46-hm","status":"publish","type":"product","link":"https:\/\/turkmenexporter.com\/fr\/produit\/huile-hydraulique-iso-vg-46-hm\/","title":{"rendered":"Huile hydraulique ISO VG-46 HM"},"content":{"rendered":"<p>Huile de haute qualit\u00e9 destin\u00e9e aux syst\u00e8mes hydrauliques des voitures, des machines sp\u00e9ciales et des \u00e9quipements. Elle est produite \u00e0 partir d&rsquo;huiles de base min\u00e9rales de haute qualit\u00e9 obtenues \u00e0 partir de p\u00e9trole brut. Elle poss\u00e8de un potentiel antioxydant \u00e9lev\u00e9, une stabilit\u00e9 thermique et chimique. Elle prot\u00e8ge les pi\u00e8ces du syst\u00e8me hydraulique de l&rsquo;usure et assure un fonctionnement continu pendant une longue p\u00e9riode.   <\/p>\n<p>&#8211; Viscosit\u00e9 cin\u00e9matique \u00e0 100 \u00b0C mm2\/s, comprise entre 41,4 et 50,6<br \/>\n&#8211; Indice de viscosit\u00e9, pas inf\u00e9rieur \u00e0 95<br \/>\n&#8211; Point d&rsquo;\u00e9coulement \u00b0C, pas sup\u00e9rieur \u00e0 -15<br \/>\n&#8211; Point d&rsquo;\u00e9clair \u00b0C, pas inf\u00e9rieur \u00e0 210<\/p>\n","protected":false},"excerpt":{"rendered":"<p>Huile hydraulique GM OIL<br \/>\nDisponible en bidons de 20L et en f\u00fbts de 208L<\/p>\n","protected":false},"featured_media":19829,"comment_status":"open","ping_status":"closed","template":"","meta":{"_acf_changed":false},"brand":[1434],"product_cat":[1275],"product_tag":[],"class_list":{"0":"post-19886","1":"product","2":"type-product","3":"status-publish","4":"has-post-thumbnail","6":"brand-gm-oil-fr","7":"product_cat-produitsautomobiles","9":"first","10":"instock","11":"shipping-taxable","12":"purchasable","13":"product-type-simple"},"acf":[],"_links":{"self":[{"href":"https:\/\/turkmenexporter.com\/fr\/wp-json\/wp\/v2\/product\/19886","targetHints":{"allow":["GET"]}}],"collection":[{"href":"https:\/\/turkmenexporter.com\/fr\/wp-json\/wp\/v2\/product"}],"about":[{"href":"https:\/\/turkmenexporter.com\/fr\/wp-json\/wp\/v2\/types\/product"}],"replies":[{"embeddable":true,"href":"https:\/\/turkmenexporter.com\/fr\/wp-json\/wp\/v2\/comments?post=19886"}],"version-history":[{"count":1,"href":"https:\/\/turkmenexporter.com\/fr\/wp-json\/wp\/v2\/product\/19886\/revisions"}],"predecessor-version":[{"id":20113,"href":"https:\/\/turkmenexporter.com\/fr\/wp-json\/wp\/v2\/product\/19886\/revisions\/20113"}],"wp:featuredmedia":[{"embeddable":true,"href":"https:\/\/turkmenexporter.com\/fr\/wp-json\/wp\/v2\/media\/19829"}],"wp:attachment":[{"href":"https:\/\/turkmenexporter.com\/fr\/wp-json\/wp\/v2\/media?parent=19886"}],"wp:term":[{"taxonomy":"brand","embeddable":true,"href":"https:\/\/turkmenexporter.com\/fr\/wp-json\/wp\/v2\/brand?post=19886"},{"taxonomy":"product_cat","embeddable":true,"href":"https:\/\/turkmenexporter.com\/fr\/wp-json\/wp\/v2\/product_cat?post=19886"},{"taxonomy":"product_tag","embeddable":true,"href":"https:\/\/turkmenexporter.com\/fr\/wp-json\/wp\/v2\/product_tag?post=19886"}],"curies":[{"name":"wp","href":"https:\/\/api.w.org\/{rel}","templated":true}]}}