{"id":19888,"date":"2025-09-09T15:27:04","date_gmt":"2025-09-09T10:27:04","guid":{"rendered":"https:\/\/turkmenexporter.com\/product\/huile-pour-transmission-automatique-pour-voitures-et-camions-atf-dxr-3\/"},"modified":"2026-01-19T16:56:09","modified_gmt":"2026-01-19T11:56:09","slug":"huile-pour-transmission-automatique-pour-voitures-et-camions-atf-dxr-3","status":"publish","type":"product","link":"https:\/\/turkmenexporter.com\/fr\/produit\/huile-pour-transmission-automatique-pour-voitures-et-camions-atf-dxr-3\/","title":{"rendered":"Huile pour transmission automatique pour voitures et camions ATF DXR 3"},"content":{"rendered":"<p>Huile multifonctionnelle hautement efficace con\u00e7ue pour les transmissions automatiques des voitures et des camions. Fabriqu\u00e9e \u00e0 partir d&rsquo;huiles de base de haute qualit\u00e9 avec un ensemble d&rsquo;additifs sp\u00e9ciaux qui lui conf\u00e8rent une fonctionnalit\u00e9 \u00e9lev\u00e9e. Poss\u00e8de une excellente fluidit\u00e9 \u00e0 des temp\u00e9ratures inf\u00e9rieures \u00e0 z\u00e9ro. Assure le maintien de propri\u00e9t\u00e9s hautement performantes pendant une longue p\u00e9riode.   <\/p>\n<p>&#8211; Viscosit\u00e9 cin\u00e9matique \u00e0 100 \u00b0C mm2\/s, comprise entre 6,5 et 8,5<br \/>\n&#8211; Indice de viscosit\u00e9, pas inf\u00e9rieur \u00e0 165<br \/>\n&#8211; Point d&rsquo;\u00e9coulement \u00b0C, pas sup\u00e9rieur \u00e0 -45<br \/>\n&#8211; Point d&rsquo;\u00e9clair \u00b0C, pas inf\u00e9rieur \u00e0 210<\/p>\n","protected":false},"excerpt":{"rendered":"<p>Huile pour transmission automatique<br \/>\nDisponible en bidons de 1 L et 4 L<br \/>\nChaque carton contient 4 bidons de 4 L<br \/>\nChaque palette peut contenir 75 cartons de bidons de 4 L<\/p>\n","protected":false},"featured_media":19817,"comment_status":"open","ping_status":"closed","template":"","meta":{"_acf_changed":false},"brand":[1434],"product_cat":[1275],"product_tag":[],"class_list":{"0":"post-19888","1":"product","2":"type-product","3":"status-publish","4":"has-post-thumbnail","6":"brand-gm-oil-fr","7":"product_cat-produitsautomobiles","9":"first","10":"instock","11":"shipping-taxable","12":"purchasable","13":"product-type-simple"},"acf":[],"_links":{"self":[{"href":"https:\/\/turkmenexporter.com\/fr\/wp-json\/wp\/v2\/product\/19888","targetHints":{"allow":["GET"]}}],"collection":[{"href":"https:\/\/turkmenexporter.com\/fr\/wp-json\/wp\/v2\/product"}],"about":[{"href":"https:\/\/turkmenexporter.com\/fr\/wp-json\/wp\/v2\/types\/product"}],"replies":[{"embeddable":true,"href":"https:\/\/turkmenexporter.com\/fr\/wp-json\/wp\/v2\/comments?post=19888"}],"version-history":[{"count":1,"href":"https:\/\/turkmenexporter.com\/fr\/wp-json\/wp\/v2\/product\/19888\/revisions"}],"predecessor-version":[{"id":20111,"href":"https:\/\/turkmenexporter.com\/fr\/wp-json\/wp\/v2\/product\/19888\/revisions\/20111"}],"wp:featuredmedia":[{"embeddable":true,"href":"https:\/\/turkmenexporter.com\/fr\/wp-json\/wp\/v2\/media\/19817"}],"wp:attachment":[{"href":"https:\/\/turkmenexporter.com\/fr\/wp-json\/wp\/v2\/media?parent=19888"}],"wp:term":[{"taxonomy":"brand","embeddable":true,"href":"https:\/\/turkmenexporter.com\/fr\/wp-json\/wp\/v2\/brand?post=19888"},{"taxonomy":"product_cat","embeddable":true,"href":"https:\/\/turkmenexporter.com\/fr\/wp-json\/wp\/v2\/product_cat?post=19888"},{"taxonomy":"product_tag","embeddable":true,"href":"https:\/\/turkmenexporter.com\/fr\/wp-json\/wp\/v2\/product_tag?post=19888"}],"curies":[{"name":"wp","href":"https:\/\/api.w.org\/{rel}","templated":true}]}}