{"id":19889,"date":"2025-09-09T15:27:03","date_gmt":"2025-09-09T10:27:03","guid":{"rendered":"https:\/\/turkmenexporter.com\/product\/huile-minerale-pour-moteurs-a-essence-et-diesel-sae-60\/"},"modified":"2026-01-19T16:56:10","modified_gmt":"2026-01-19T11:56:10","slug":"huile-minerale-pour-moteurs-a-essence-et-diesel-sae-60","status":"publish","type":"product","link":"https:\/\/turkmenexporter.com\/fr\/produit\/huile-minerale-pour-moteurs-a-essence-et-diesel-sae-60\/","title":{"rendered":"Huile min\u00e9rale pour moteurs \u00e0 essence et diesel SAE 60"},"content":{"rendered":"<p>Huile min\u00e9rale d&rsquo;\u00e9t\u00e9 pour moteurs \u00e0 essence et diesel. Elle est fabriqu\u00e9e \u00e0 partir d&rsquo;huiles de base de haute qualit\u00e9 obtenues \u00e0 partir de p\u00e9trole brut et d&rsquo;additifs multifonctionnels afin de garantir d&rsquo;excellentes performances et une dur\u00e9e de vie optimale. Elle offre une excellente protection anti-usure pour les pi\u00e8ces du moteur fonctionnant dans des conditions difficiles. Elle emp\u00eache la formation de d\u00e9p\u00f4ts de carbone et prot\u00e8ge les pi\u00e8ces du moteur contre la corrosion.   <\/p>\n<p>&#8211; Viscosit\u00e9 cin\u00e9matique \u00e0 100\u00b0C mm2\/s, entre 21,9-26,1<br \/>\n&#8211; Viscosit\u00e9 dynamique \u00e0 moins 25\u00b0C MPa s, pas plus de 6500<br \/>\n&#8211; Indice de viscosit\u00e9, pas moins de 90<br \/>\n&#8211; Point d&rsquo;\u00e9coulement \u00b0C, pas plus de -3<br \/>\n&#8211; Point d&rsquo;\u00e9clair \u00b0C, pas moins de 250<\/p>\n","protected":false},"excerpt":{"rendered":"<p>Huile min\u00e9rale pour moteur<br \/>\nDisponible en bidons de 1L, 4L, 5L, 20L<br \/>\nChaque bo\u00eete contient 4 bidons de 5L<br \/>\nChaque palette peut contenir 70 bo\u00eetes de bidons de 5L<\/p>\n","protected":false},"featured_media":19799,"comment_status":"open","ping_status":"closed","template":"","meta":{"_acf_changed":false},"brand":[1434],"product_cat":[1275],"product_tag":[848],"class_list":{"0":"post-19889","1":"product","2":"type-product","3":"status-publish","4":"has-post-thumbnail","6":"brand-gm-oil-fr","7":"product_cat-produitsautomobiles","8":"product_tag-front-product-fr","10":"first","11":"instock","12":"shipping-taxable","13":"purchasable","14":"product-type-simple"},"acf":[],"_links":{"self":[{"href":"https:\/\/turkmenexporter.com\/fr\/wp-json\/wp\/v2\/product\/19889","targetHints":{"allow":["GET"]}}],"collection":[{"href":"https:\/\/turkmenexporter.com\/fr\/wp-json\/wp\/v2\/product"}],"about":[{"href":"https:\/\/turkmenexporter.com\/fr\/wp-json\/wp\/v2\/types\/product"}],"replies":[{"embeddable":true,"href":"https:\/\/turkmenexporter.com\/fr\/wp-json\/wp\/v2\/comments?post=19889"}],"version-history":[{"count":1,"href":"https:\/\/turkmenexporter.com\/fr\/wp-json\/wp\/v2\/product\/19889\/revisions"}],"predecessor-version":[{"id":20112,"href":"https:\/\/turkmenexporter.com\/fr\/wp-json\/wp\/v2\/product\/19889\/revisions\/20112"}],"wp:featuredmedia":[{"embeddable":true,"href":"https:\/\/turkmenexporter.com\/fr\/wp-json\/wp\/v2\/media\/19799"}],"wp:attachment":[{"href":"https:\/\/turkmenexporter.com\/fr\/wp-json\/wp\/v2\/media?parent=19889"}],"wp:term":[{"taxonomy":"brand","embeddable":true,"href":"https:\/\/turkmenexporter.com\/fr\/wp-json\/wp\/v2\/brand?post=19889"},{"taxonomy":"product_cat","embeddable":true,"href":"https:\/\/turkmenexporter.com\/fr\/wp-json\/wp\/v2\/product_cat?post=19889"},{"taxonomy":"product_tag","embeddable":true,"href":"https:\/\/turkmenexporter.com\/fr\/wp-json\/wp\/v2\/product_tag?post=19889"}],"curies":[{"name":"wp","href":"https:\/\/api.w.org\/{rel}","templated":true}]}}