{"id":19891,"date":"2025-09-09T15:27:03","date_gmt":"2025-09-09T10:27:03","guid":{"rendered":"https:\/\/turkmenexporter.com\/product\/huile-pour-transmission-automatique-atf-dxr-2\/"},"modified":"2026-01-19T16:56:01","modified_gmt":"2026-01-19T11:56:01","slug":"huile-pour-transmission-automatique-atf-dxr-2","status":"publish","type":"product","link":"https:\/\/turkmenexporter.com\/fr\/produit\/huile-pour-transmission-automatique-atf-dxr-2\/","title":{"rendered":"Huile pour transmission automatique ATF DXR 2<br>"},"content":{"rendered":"<p>Huile de haute qualit\u00e9 con\u00e7ue pour les transmissions automatiques. Elle est produite \u00e0 partir d&rsquo;huiles de base de haute qualit\u00e9 obtenues \u00e0 partir de p\u00e9trole brut et d&rsquo;un ensemble d&rsquo;additifs d\u00e9velopp\u00e9s \u00e0 l&rsquo;aide de technologies de pointe. R\u00e9pond aux exigences op\u00e9rationnelles les plus strictes. Prot\u00e8ge efficacement les pi\u00e8ces de transmission \u00e0 des vitesses et des charges \u00e9lev\u00e9es.   <\/p>\n<p>&#8211; Viscosit\u00e9 cin\u00e9matique \u00e0 100 \u00b0C mm2\/s, comprise entre 6,5 et 8,5<br \/>\n&#8211; Indice de viscosit\u00e9, pas inf\u00e9rieur \u00e0 160<br \/>\n&#8211; Point d&rsquo;\u00e9coulement \u00b0C, pas sup\u00e9rieur \u00e0 -40<br \/>\n&#8211; Point d&rsquo;\u00e9clair \u00b0C, pas inf\u00e9rieur \u00e0 190<\/p>\n","protected":false},"excerpt":{"rendered":"<p>Huile pour transmission automatique<br \/>\nDisponible en bidons de 1 L et 4 L<br \/>\nChaque carton contient 4 bidons de 4 L<br \/>\nChaque palette peut contenir 75 cartons de bidons de 4 L<\/p>\n","protected":false},"featured_media":19811,"comment_status":"open","ping_status":"closed","template":"","meta":{"_acf_changed":false},"brand":[1434],"product_cat":[1275],"product_tag":[],"class_list":{"0":"post-19891","1":"product","2":"type-product","3":"status-publish","4":"has-post-thumbnail","6":"brand-gm-oil-fr","7":"product_cat-produitsautomobiles","9":"first","10":"instock","11":"shipping-taxable","12":"purchasable","13":"product-type-simple"},"acf":[],"_links":{"self":[{"href":"https:\/\/turkmenexporter.com\/fr\/wp-json\/wp\/v2\/product\/19891","targetHints":{"allow":["GET"]}}],"collection":[{"href":"https:\/\/turkmenexporter.com\/fr\/wp-json\/wp\/v2\/product"}],"about":[{"href":"https:\/\/turkmenexporter.com\/fr\/wp-json\/wp\/v2\/types\/product"}],"replies":[{"embeddable":true,"href":"https:\/\/turkmenexporter.com\/fr\/wp-json\/wp\/v2\/comments?post=19891"}],"version-history":[{"count":1,"href":"https:\/\/turkmenexporter.com\/fr\/wp-json\/wp\/v2\/product\/19891\/revisions"}],"predecessor-version":[{"id":20107,"href":"https:\/\/turkmenexporter.com\/fr\/wp-json\/wp\/v2\/product\/19891\/revisions\/20107"}],"wp:featuredmedia":[{"embeddable":true,"href":"https:\/\/turkmenexporter.com\/fr\/wp-json\/wp\/v2\/media\/19811"}],"wp:attachment":[{"href":"https:\/\/turkmenexporter.com\/fr\/wp-json\/wp\/v2\/media?parent=19891"}],"wp:term":[{"taxonomy":"brand","embeddable":true,"href":"https:\/\/turkmenexporter.com\/fr\/wp-json\/wp\/v2\/brand?post=19891"},{"taxonomy":"product_cat","embeddable":true,"href":"https:\/\/turkmenexporter.com\/fr\/wp-json\/wp\/v2\/product_cat?post=19891"},{"taxonomy":"product_tag","embeddable":true,"href":"https:\/\/turkmenexporter.com\/fr\/wp-json\/wp\/v2\/product_tag?post=19891"}],"curies":[{"name":"wp","href":"https:\/\/api.w.org\/{rel}","templated":true}]}}