{"id":19892,"date":"2025-09-09T15:27:02","date_gmt":"2025-09-09T10:27:02","guid":{"rendered":"https:\/\/turkmenexporter.com\/product\/huile-moteur-lubrifiante-minerale-sae-20w-50\/"},"modified":"2026-01-19T16:55:57","modified_gmt":"2026-01-19T11:55:57","slug":"huile-moteur-lubrifiante-minerale-sae-20w-50","status":"publish","type":"product","link":"https:\/\/turkmenexporter.com\/fr\/produit\/huile-moteur-lubrifiante-minerale-sae-20w-50\/","title":{"rendered":"Huile moteur lubrifiante min\u00e9rale SAE 20W-50<br><br>"},"content":{"rendered":"<p>Huile min\u00e9rale toutes saisons pour moteurs \u00e0 essence et diesel. Sa base min\u00e9rale et son ensemble d&rsquo;additifs \u00e9quilibr\u00e9s permettent son utilisation dans les moteurs pr\u00e9sentant une usure moyenne. Assure la stabilit\u00e9 des caract\u00e9ristiques de viscosit\u00e9 et de la pression dans le syst\u00e8me. Poss\u00e8de des propri\u00e9t\u00e9s antioxydantes et d\u00e9tergentes \u00e9lev\u00e9es.   <\/p>\n<p>&#8211; Kinematic viscosity at 100\u00b0C mm2\/s, within 16,3-21,9<br \/>\n&#8211; Dynamic viscosity at minus 15\u00b0C MPa s, not more than 9500<br \/>\n&#8211; Viscosity index, not less than 120<br \/>\n&#8211; Pour point \u00b0C, not higher -15<br \/>\n&#8211; Flash point \u00b0C, no less than 210<\/p>\n","protected":false},"excerpt":{"rendered":"<p>Huile min\u00e9rale pour moteur<br \/>\nDisponible en bidons de 1L, 4L, 5L, 20L<br \/>\nChaque bo\u00eete contient 4 bidons de 5L<br \/>\nChaque palette peut contenir 70 bo\u00eetes de bidons de 5L<\/p>\n","protected":false},"featured_media":19793,"comment_status":"open","ping_status":"closed","template":"","meta":{"_acf_changed":false},"brand":[1434],"product_cat":[1275],"product_tag":[],"class_list":{"0":"post-19892","1":"product","2":"type-product","3":"status-publish","4":"has-post-thumbnail","6":"brand-gm-oil-fr","7":"product_cat-produitsautomobiles","9":"first","10":"instock","11":"shipping-taxable","12":"purchasable","13":"product-type-simple"},"acf":[],"_links":{"self":[{"href":"https:\/\/turkmenexporter.com\/fr\/wp-json\/wp\/v2\/product\/19892","targetHints":{"allow":["GET"]}}],"collection":[{"href":"https:\/\/turkmenexporter.com\/fr\/wp-json\/wp\/v2\/product"}],"about":[{"href":"https:\/\/turkmenexporter.com\/fr\/wp-json\/wp\/v2\/types\/product"}],"replies":[{"embeddable":true,"href":"https:\/\/turkmenexporter.com\/fr\/wp-json\/wp\/v2\/comments?post=19892"}],"version-history":[{"count":1,"href":"https:\/\/turkmenexporter.com\/fr\/wp-json\/wp\/v2\/product\/19892\/revisions"}],"predecessor-version":[{"id":20100,"href":"https:\/\/turkmenexporter.com\/fr\/wp-json\/wp\/v2\/product\/19892\/revisions\/20100"}],"wp:featuredmedia":[{"embeddable":true,"href":"https:\/\/turkmenexporter.com\/fr\/wp-json\/wp\/v2\/media\/19793"}],"wp:attachment":[{"href":"https:\/\/turkmenexporter.com\/fr\/wp-json\/wp\/v2\/media?parent=19892"}],"wp:term":[{"taxonomy":"brand","embeddable":true,"href":"https:\/\/turkmenexporter.com\/fr\/wp-json\/wp\/v2\/brand?post=19892"},{"taxonomy":"product_cat","embeddable":true,"href":"https:\/\/turkmenexporter.com\/fr\/wp-json\/wp\/v2\/product_cat?post=19892"},{"taxonomy":"product_tag","embeddable":true,"href":"https:\/\/turkmenexporter.com\/fr\/wp-json\/wp\/v2\/product_tag?post=19892"}],"curies":[{"name":"wp","href":"https:\/\/api.w.org\/{rel}","templated":true}]}}