{"id":19893,"date":"2025-09-09T15:27:01","date_gmt":"2025-09-09T10:27:01","guid":{"rendered":"https:\/\/turkmenexporter.com\/product\/huile-minerale-pour-moteurs-a-essence-et-diesel-sae-15w-40\/"},"modified":"2026-01-19T16:56:00","modified_gmt":"2026-01-19T11:56:00","slug":"huile-minerale-pour-moteurs-a-essence-et-diesel-sae-15w-40","status":"publish","type":"product","link":"https:\/\/turkmenexporter.com\/fr\/produit\/huile-minerale-pour-moteurs-a-essence-et-diesel-sae-15w-40\/","title":{"rendered":"Huile min\u00e9rale pour moteurs \u00e0 essence et diesel SAE 15W-40"},"content":{"rendered":"<p>Huile min\u00e9rale toutes saisons pour moteurs \u00e0 essence et diesel. Fabriqu\u00e9e \u00e0 partir d&rsquo;une huile de base min\u00e9rale de haute qualit\u00e9 avec un ensemble d&rsquo;additifs \u00e9quilibr\u00e9, elle est destin\u00e9e \u00e0 \u00eatre utilis\u00e9e dans des moteurs ayant diff\u00e9rents kilom\u00e9trages. Elle pr\u00e9sente des propri\u00e9t\u00e9s de performance am\u00e9lior\u00e9es et de faibles niveaux de combustion. Elle prot\u00e8ge contre la corrosion.   <\/p>\n<p>&#8211; Kinematic viscosity at 100\u00b0C mm2\/s, within 12,5-16,3<br \/>\n&#8211; Dynamic viscosity at minus 20 \u00b0C MPa s, not more than 7000<br \/>\n&#8211; Viscosity index, not less than 130<br \/>\n&#8211; Pour point \u00b0C, not higher -20<br \/>\n&#8211; Flash point \u00b0C, no less than 210<\/p>\n","protected":false},"excerpt":{"rendered":"<p>Huile moteur min\u00e9rale<br \/>\nDisponible en bidons de 1 L, 4 L, 5 L et 20 L<br \/>\nChaque carton contient 4 bidons de 5 L<br \/>\nChaque palette peut contenir 70 cartons de bidons de 5 L<\/p>\n","protected":false},"featured_media":19787,"comment_status":"open","ping_status":"closed","template":"","meta":{"_acf_changed":false},"brand":[1434],"product_cat":[1275],"product_tag":[],"class_list":{"0":"post-19893","1":"product","2":"type-product","3":"status-publish","4":"has-post-thumbnail","6":"brand-gm-oil-fr","7":"product_cat-produitsautomobiles","9":"first","10":"instock","11":"shipping-taxable","12":"purchasable","13":"product-type-simple"},"acf":[],"_links":{"self":[{"href":"https:\/\/turkmenexporter.com\/fr\/wp-json\/wp\/v2\/product\/19893","targetHints":{"allow":["GET"]}}],"collection":[{"href":"https:\/\/turkmenexporter.com\/fr\/wp-json\/wp\/v2\/product"}],"about":[{"href":"https:\/\/turkmenexporter.com\/fr\/wp-json\/wp\/v2\/types\/product"}],"replies":[{"embeddable":true,"href":"https:\/\/turkmenexporter.com\/fr\/wp-json\/wp\/v2\/comments?post=19893"}],"version-history":[{"count":1,"href":"https:\/\/turkmenexporter.com\/fr\/wp-json\/wp\/v2\/product\/19893\/revisions"}],"predecessor-version":[{"id":20105,"href":"https:\/\/turkmenexporter.com\/fr\/wp-json\/wp\/v2\/product\/19893\/revisions\/20105"}],"wp:featuredmedia":[{"embeddable":true,"href":"https:\/\/turkmenexporter.com\/fr\/wp-json\/wp\/v2\/media\/19787"}],"wp:attachment":[{"href":"https:\/\/turkmenexporter.com\/fr\/wp-json\/wp\/v2\/media?parent=19893"}],"wp:term":[{"taxonomy":"brand","embeddable":true,"href":"https:\/\/turkmenexporter.com\/fr\/wp-json\/wp\/v2\/brand?post=19893"},{"taxonomy":"product_cat","embeddable":true,"href":"https:\/\/turkmenexporter.com\/fr\/wp-json\/wp\/v2\/product_cat?post=19893"},{"taxonomy":"product_tag","embeddable":true,"href":"https:\/\/turkmenexporter.com\/fr\/wp-json\/wp\/v2\/product_tag?post=19893"}],"curies":[{"name":"wp","href":"https:\/\/api.w.org\/{rel}","templated":true}]}}