{"id":19894,"date":"2025-09-09T15:27:00","date_gmt":"2025-09-09T10:27:00","guid":{"rendered":"https:\/\/turkmenexporter.com\/product\/huile-moteur-entierement-synthetique-5w-40\/"},"modified":"2026-01-19T16:55:59","modified_gmt":"2026-01-19T11:55:59","slug":"huile-moteur-entierement-synthetique-5w-40","status":"publish","type":"product","link":"https:\/\/turkmenexporter.com\/fr\/produit\/huile-moteur-entierement-synthetique-5w-40\/","title":{"rendered":"Huile moteur enti\u00e8rement synth\u00e9tique 5W-40"},"content":{"rendered":"<p>Huile enti\u00e8rement synth\u00e9tique toutes saisons pour moteurs \u00e0 essence et diesel. Elle est produite \u00e0 partir de composants synth\u00e9tiques de haute qualit\u00e9 et d&rsquo;un complexe d&rsquo;additifs multifonctionnels adapt\u00e9s \u00e0 ceux-ci. Elle se caract\u00e9rise par une faible viscosit\u00e9 et une productivit\u00e9 \u00e9lev\u00e9e. Elle offre un haut niveau de protection contre l&rsquo;usure du moteur, une \u00e9conomie de carburant et une longue dur\u00e9e de vie.  <\/p>\n<p>&#8211; Viscosit\u00e9 cin\u00e9matique \u00e0 100 \u00b0C mm2\/s, comprise entre 12,5 et 16,3<br \/>\n&#8211; Viscosit\u00e9 dynamique \u00e0 -30 \u00b0C MPa s, inf\u00e9rieure ou \u00e9gale \u00e0 6600<br \/>\n&#8211; Indice de viscosit\u00e9, sup\u00e9rieur ou \u00e9gal \u00e0 145<br \/>\n&#8211; Point d&rsquo;\u00e9coulement \u00b0C, pas sup\u00e9rieur \u00e0 -35<br \/>\n&#8211; Point d&rsquo;\u00e9clair \u00b0C, pas inf\u00e9rieur \u00e0 200<\/p>\n","protected":false},"excerpt":{"rendered":"<p>Huile moteur enti\u00e8rement synth\u00e9tique<br \/>\nDisponible en bidons de 1 L, 4 L et 5 L<br \/>\nChaque carton contient 4 bidons de 5 L<br \/>\nChaque palette peut contenir 70 cartons de bidons de 5 L<\/p>\n","protected":false},"featured_media":19781,"comment_status":"open","ping_status":"closed","template":"","meta":{"_acf_changed":false},"brand":[1434],"product_cat":[1275],"product_tag":[],"class_list":{"0":"post-19894","1":"product","2":"type-product","3":"status-publish","4":"has-post-thumbnail","6":"brand-gm-oil-fr","7":"product_cat-produitsautomobiles","9":"first","10":"instock","11":"shipping-taxable","12":"purchasable","13":"product-type-simple"},"acf":[],"_links":{"self":[{"href":"https:\/\/turkmenexporter.com\/fr\/wp-json\/wp\/v2\/product\/19894","targetHints":{"allow":["GET"]}}],"collection":[{"href":"https:\/\/turkmenexporter.com\/fr\/wp-json\/wp\/v2\/product"}],"about":[{"href":"https:\/\/turkmenexporter.com\/fr\/wp-json\/wp\/v2\/types\/product"}],"replies":[{"embeddable":true,"href":"https:\/\/turkmenexporter.com\/fr\/wp-json\/wp\/v2\/comments?post=19894"}],"version-history":[{"count":1,"href":"https:\/\/turkmenexporter.com\/fr\/wp-json\/wp\/v2\/product\/19894\/revisions"}],"predecessor-version":[{"id":20102,"href":"https:\/\/turkmenexporter.com\/fr\/wp-json\/wp\/v2\/product\/19894\/revisions\/20102"}],"wp:featuredmedia":[{"embeddable":true,"href":"https:\/\/turkmenexporter.com\/fr\/wp-json\/wp\/v2\/media\/19781"}],"wp:attachment":[{"href":"https:\/\/turkmenexporter.com\/fr\/wp-json\/wp\/v2\/media?parent=19894"}],"wp:term":[{"taxonomy":"brand","embeddable":true,"href":"https:\/\/turkmenexporter.com\/fr\/wp-json\/wp\/v2\/brand?post=19894"},{"taxonomy":"product_cat","embeddable":true,"href":"https:\/\/turkmenexporter.com\/fr\/wp-json\/wp\/v2\/product_cat?post=19894"},{"taxonomy":"product_tag","embeddable":true,"href":"https:\/\/turkmenexporter.com\/fr\/wp-json\/wp\/v2\/product_tag?post=19894"}],"curies":[{"name":"wp","href":"https:\/\/api.w.org\/{rel}","templated":true}]}}