{"id":19895,"date":"2025-09-09T15:27:00","date_gmt":"2025-09-09T10:27:00","guid":{"rendered":"https:\/\/turkmenexporter.com\/product\/huile-moteur-semi-synthetique-10w-40\/"},"modified":"2026-01-19T16:55:59","modified_gmt":"2026-01-19T11:55:59","slug":"huile-moteur-semi-synthetique-10w-40","status":"publish","type":"product","link":"https:\/\/turkmenexporter.com\/fr\/produit\/huile-moteur-semi-synthetique-10w-40\/","title":{"rendered":"Huile moteur semi-synth\u00e9tique 10W-40"},"content":{"rendered":"<p>Huile moteur semi-synth\u00e9tique toutes saisons pour moteurs \u00e0 essence et diesel. Elle est fabriqu\u00e9e \u00e0 partir d&rsquo;huiles de base synth\u00e9tiques et min\u00e9rales de haute qualit\u00e9. Un ensemble d&rsquo;additifs high-tech sp\u00e9cialement s\u00e9lectionn\u00e9s permet d&rsquo;\u00e9conomiser du carburant et d&rsquo;assurer une protection fiable des pi\u00e8ces du moteur contre l&rsquo;usure et les d\u00e9p\u00f4ts.  <\/p>\n<p>&#8211; Viscosit\u00e9 cin\u00e9matique \u00e0 100 \u00b0C mm2\/s, comprise entre 12,5 et 16,3<br \/>\n&#8211; Viscosit\u00e9 dynamique \u00e0 -25 \u00b0C MPa s, inf\u00e9rieure ou \u00e9gale \u00e0 7000<br \/>\n&#8211; Indice de viscosit\u00e9, sup\u00e9rieur ou \u00e9gal \u00e0 130<br \/>\n&#8211; Point d&rsquo;\u00e9coulement \u00b0C, pas sup\u00e9rieur \u00e0 -30<br \/>\n&#8211; Point d&rsquo;\u00e9clair \u00b0C, pas inf\u00e9rieur \u00e0 210<\/p>\n","protected":false},"excerpt":{"rendered":"<p>Huile moteur semi-synth\u00e9tique<br \/>\nDisponible en bidons de 1 L, 4 L, 5 L et 20 L<br \/>\nChaque carton contient 4 bidons de 5 L<br \/>\nChaque palette peut contenir 70 cartons de bidons de 5 L<\/p>\n","protected":false},"featured_media":19805,"comment_status":"open","ping_status":"closed","template":"","meta":{"_acf_changed":false},"brand":[1434],"product_cat":[1275],"product_tag":[],"class_list":{"0":"post-19895","1":"product","2":"type-product","3":"status-publish","4":"has-post-thumbnail","6":"brand-gm-oil-fr","7":"product_cat-produitsautomobiles","9":"first","10":"instock","11":"shipping-taxable","12":"purchasable","13":"product-type-simple"},"acf":[],"_links":{"self":[{"href":"https:\/\/turkmenexporter.com\/fr\/wp-json\/wp\/v2\/product\/19895","targetHints":{"allow":["GET"]}}],"collection":[{"href":"https:\/\/turkmenexporter.com\/fr\/wp-json\/wp\/v2\/product"}],"about":[{"href":"https:\/\/turkmenexporter.com\/fr\/wp-json\/wp\/v2\/types\/product"}],"replies":[{"embeddable":true,"href":"https:\/\/turkmenexporter.com\/fr\/wp-json\/wp\/v2\/comments?post=19895"}],"version-history":[{"count":1,"href":"https:\/\/turkmenexporter.com\/fr\/wp-json\/wp\/v2\/product\/19895\/revisions"}],"predecessor-version":[{"id":20103,"href":"https:\/\/turkmenexporter.com\/fr\/wp-json\/wp\/v2\/product\/19895\/revisions\/20103"}],"wp:featuredmedia":[{"embeddable":true,"href":"https:\/\/turkmenexporter.com\/fr\/wp-json\/wp\/v2\/media\/19805"}],"wp:attachment":[{"href":"https:\/\/turkmenexporter.com\/fr\/wp-json\/wp\/v2\/media?parent=19895"}],"wp:term":[{"taxonomy":"brand","embeddable":true,"href":"https:\/\/turkmenexporter.com\/fr\/wp-json\/wp\/v2\/brand?post=19895"},{"taxonomy":"product_cat","embeddable":true,"href":"https:\/\/turkmenexporter.com\/fr\/wp-json\/wp\/v2\/product_cat?post=19895"},{"taxonomy":"product_tag","embeddable":true,"href":"https:\/\/turkmenexporter.com\/fr\/wp-json\/wp\/v2\/product_tag?post=19895"}],"curies":[{"name":"wp","href":"https:\/\/api.w.org\/{rel}","templated":true}]}}