{"id":19897,"date":"2025-09-09T15:26:57","date_gmt":"2025-09-09T10:26:57","guid":{"rendered":"https:\/\/turkmenexporter.com\/product\/huile-moteur-entierement-synthetique-avancee-5w-30\/"},"modified":"2026-01-19T16:56:08","modified_gmt":"2026-01-19T11:56:08","slug":"huile-moteur-entierement-synthetique-avancee-5w-30","status":"publish","type":"product","link":"https:\/\/turkmenexporter.com\/fr\/produit\/huile-moteur-entierement-synthetique-avancee-5w-30\/","title":{"rendered":"Huile moteur enti\u00e8rement synth\u00e9tique avanc\u00e9e 5W-30"},"content":{"rendered":"<p>Huile enti\u00e8rement synth\u00e9tique toutes saisons pour moteurs \u00e0 essence et diesel. Fabriqu\u00e9e \u00e0 partir d&rsquo;une huile de base synth\u00e9tique de haute qualit\u00e9 et d&rsquo;un ensemble d&rsquo;additifs sp\u00e9ciaux qui lui conf\u00e8rent une grande stabilit\u00e9 thermique et chimique. Elle poss\u00e8de des propri\u00e9t\u00e9s anticorrosion. Assure une longue dur\u00e9e de vie.  <\/p>\n<p>&#8211; Viscosit\u00e9 cin\u00e9matique \u00e0 100 \u00b0C mm2\/s, comprise entre 9,3 et 12,6<br \/>\n&#8211; Viscosit\u00e9 dynamique \u00e0 -30 \u00b0C MPa s, inf\u00e9rieure ou \u00e9gale \u00e0 6600<br \/>\n&#8211; Indice de viscosit\u00e9, sup\u00e9rieur ou \u00e9gal \u00e0 145<br \/>\n&#8211; Point d&rsquo;\u00e9coulement \u00b0C, pas sup\u00e9rieur \u00e0 -35<br \/>\n&#8211; Point d&rsquo;\u00e9clair \u00b0C, pas inf\u00e9rieur \u00e0 200<\/p>\n","protected":false},"excerpt":{"rendered":"<p>Huile moteur enti\u00e8rement synth\u00e9tique de pointe Disponible en bidons de 1 L, 4 L et 5L bidons<br \/>\nChaque bo\u00eete contient 4 pi\u00e8ces de 5L bidons<br \/>\nChaque palette peut contenir 70 bo\u00eetes de bidons de 5 L canisters<\/p>\n","protected":false},"featured_media":19775,"comment_status":"open","ping_status":"closed","template":"","meta":{"_acf_changed":false},"brand":[1434],"product_cat":[1275],"product_tag":[],"class_list":{"0":"post-19897","1":"product","2":"type-product","3":"status-publish","4":"has-post-thumbnail","6":"brand-gm-oil-fr","7":"product_cat-produitsautomobiles","9":"first","10":"instock","11":"shipping-taxable","12":"purchasable","13":"product-type-simple"},"acf":[],"_links":{"self":[{"href":"https:\/\/turkmenexporter.com\/fr\/wp-json\/wp\/v2\/product\/19897","targetHints":{"allow":["GET"]}}],"collection":[{"href":"https:\/\/turkmenexporter.com\/fr\/wp-json\/wp\/v2\/product"}],"about":[{"href":"https:\/\/turkmenexporter.com\/fr\/wp-json\/wp\/v2\/types\/product"}],"replies":[{"embeddable":true,"href":"https:\/\/turkmenexporter.com\/fr\/wp-json\/wp\/v2\/comments?post=19897"}],"version-history":[{"count":1,"href":"https:\/\/turkmenexporter.com\/fr\/wp-json\/wp\/v2\/product\/19897\/revisions"}],"predecessor-version":[{"id":20109,"href":"https:\/\/turkmenexporter.com\/fr\/wp-json\/wp\/v2\/product\/19897\/revisions\/20109"}],"wp:featuredmedia":[{"embeddable":true,"href":"https:\/\/turkmenexporter.com\/fr\/wp-json\/wp\/v2\/media\/19775"}],"wp:attachment":[{"href":"https:\/\/turkmenexporter.com\/fr\/wp-json\/wp\/v2\/media?parent=19897"}],"wp:term":[{"taxonomy":"brand","embeddable":true,"href":"https:\/\/turkmenexporter.com\/fr\/wp-json\/wp\/v2\/brand?post=19897"},{"taxonomy":"product_cat","embeddable":true,"href":"https:\/\/turkmenexporter.com\/fr\/wp-json\/wp\/v2\/product_cat?post=19897"},{"taxonomy":"product_tag","embeddable":true,"href":"https:\/\/turkmenexporter.com\/fr\/wp-json\/wp\/v2\/product_tag?post=19897"}],"curies":[{"name":"wp","href":"https:\/\/api.w.org\/{rel}","templated":true}]}}