{"id":19993,"date":"2025-11-27T11:16:21","date_gmt":"2025-11-27T06:16:21","guid":{"rendered":"https:\/\/turkmenexporter.com\/product\/nesil-cafe-lyophilise\/"},"modified":"2025-11-27T11:16:21","modified_gmt":"2025-11-27T06:16:21","slug":"nesil-cafe-lyophilise","status":"publish","type":"product","link":"https:\/\/turkmenexporter.com\/fr\/produit\/nesil-cafe-lyophilise\/","title":{"rendered":"Caf\u00e9 Nesil lyophilis\u00e9"},"content":{"rendered":"<p>Caf\u00e9 lyophilis\u00e9 naturel instantan\u00e9. Sans OGM.<\/p>\n<p>Conditions de stockage : Conserver dans un r\u00e9cipient herm\u00e9tiquement ferm\u00e9 dans un endroit frais et sec.<\/p>\n<p>Poids net : 54 g. Certifi\u00e9 par le T\u015e 01449067-02-2023. <\/p>\n","protected":false},"excerpt":{"rendered":"<p>Caf\u00e9 lyophilis\u00e9 instantan\u00e9 naturel<\/p>\n<p>30 b\u00e2tonnets par paquet.<\/p>\n<p>20 paquets par bo\u00eete.<\/p>\n<p>96 bo\u00eetes par palette.<\/p>\n<p>Poids de l&#8217;emballage : 54 g<\/p>\n","protected":false},"featured_media":19963,"comment_status":"open","ping_status":"closed","template":"","meta":{"_acf_changed":false},"brand":[1255],"product_cat":[729],"product_tag":[],"class_list":{"0":"post-19993","1":"product","2":"type-product","3":"status-publish","4":"has-post-thumbnail","6":"brand-nesil-coffee-fr","7":"product_cat-cafe","9":"first","10":"instock","11":"shipping-taxable","12":"purchasable","13":"product-type-simple"},"acf":[],"_links":{"self":[{"href":"https:\/\/turkmenexporter.com\/fr\/wp-json\/wp\/v2\/product\/19993","targetHints":{"allow":["GET"]}}],"collection":[{"href":"https:\/\/turkmenexporter.com\/fr\/wp-json\/wp\/v2\/product"}],"about":[{"href":"https:\/\/turkmenexporter.com\/fr\/wp-json\/wp\/v2\/types\/product"}],"replies":[{"embeddable":true,"href":"https:\/\/turkmenexporter.com\/fr\/wp-json\/wp\/v2\/comments?post=19993"}],"version-history":[{"count":0,"href":"https:\/\/turkmenexporter.com\/fr\/wp-json\/wp\/v2\/product\/19993\/revisions"}],"wp:featuredmedia":[{"embeddable":true,"href":"https:\/\/turkmenexporter.com\/fr\/wp-json\/wp\/v2\/media\/19963"}],"wp:attachment":[{"href":"https:\/\/turkmenexporter.com\/fr\/wp-json\/wp\/v2\/media?parent=19993"}],"wp:term":[{"taxonomy":"brand","embeddable":true,"href":"https:\/\/turkmenexporter.com\/fr\/wp-json\/wp\/v2\/brand?post=19993"},{"taxonomy":"product_cat","embeddable":true,"href":"https:\/\/turkmenexporter.com\/fr\/wp-json\/wp\/v2\/product_cat?post=19993"},{"taxonomy":"product_tag","embeddable":true,"href":"https:\/\/turkmenexporter.com\/fr\/wp-json\/wp\/v2\/product_tag?post=19993"}],"curies":[{"name":"wp","href":"https:\/\/api.w.org\/{rel}","templated":true}]}}