{"id":20092,"date":"2026-01-12T16:47:26","date_gmt":"2026-01-12T11:47:26","guid":{"rendered":"https:\/\/turkmenexporter.com\/product\/batterie-au-plomb-acide-pour-automobile-menzil-12-v-75-ah\/"},"modified":"2026-01-12T16:47:26","modified_gmt":"2026-01-12T11:47:26","slug":"batterie-au-plomb-acide-pour-automobile-menzil-12-v-75-ah","status":"publish","type":"product","link":"https:\/\/turkmenexporter.com\/fr\/produit\/batterie-au-plomb-acide-pour-automobile-menzil-12-v-75-ah\/","title":{"rendered":"Automobile Plomb-acide Batterie Menzil 12 V 75 Ah"},"content":{"rendered":"<p data-start=\"284\" data-end=\"593\">La batterie automobile <strong data-start=\"288\" data-end=\"326\">Menzil 12V 75Ah<\/strong> est une batterie de d\u00e9marrage au plomb-acide d\u00e9velopp\u00e9e pour les v\u00e9hicules n\u00e9cessitant une puissance de d\u00e9marrage accrue et une r\u00e9serve d&rsquo;\u00e9nergie plus importante. Ce mod\u00e8le convient aux voitures particuli\u00e8res, aux v\u00e9hicules utilitaires l\u00e9gers et aux v\u00e9hicules de transport utilitaires fonctionnant dans des conditions standard et mod\u00e9r\u00e9ment exigeantes. <\/p>\n<ul data-start=\"1511\" data-end=\"1811\">\n<li data-start=\"1511\" data-end=\"1578\">\n<p data-start=\"1513\" data-end=\"1578\"><strong data-start=\"1513\" data-end=\"1546\">Quantit\u00e9 minimale de commande (MOQ) :<\/strong> 1 500 unit\u00e9s (environ 25 tonnes)<\/p>\n<\/li>\n<li data-start=\"1579\" data-end=\"1638\">\n<p data-start=\"1581\" data-end=\"1638\"><strong data-start=\"1581\" data-end=\"1595\">Emballage :<\/strong> Emball\u00e9 dans un film poly\u00e9thyl\u00e8ne, palettis\u00e9<\/p>\n<\/li>\n<li data-start=\"1639\" data-end=\"1677\"><strong data-start=\"1680\" data-end=\"1698\">Conditions de paiement :<\/strong> Paiement anticip\u00e9 \u00e0 100 %<\/li>\n<li data-start=\"1717\" data-end=\"1756\">\n<p data-start=\"1719\" data-end=\"1756\"><strong data-start=\"1719\" data-end=\"1741\">Pays d&rsquo;origine :<\/strong> Turkm\u00e9nistan<\/p>\n<\/li>\n<\/ul>\n<p>Le produit est pr\u00e9par\u00e9 pour les exp\u00e9ditions en vrac et optimis\u00e9 pour le transport sur palettes. Produite au Turkm\u00e9nistan, la batterie est con\u00e7ue pour un approvisionnement orient\u00e9 vers l&rsquo;exportation, offrant des performances constantes et des sp\u00e9cifications pratiques pour les distributeurs et les acheteurs en gros acheteurs. <\/p>\n","protected":false},"excerpt":{"rendered":"<p>Menzil 12 V 75 Ah au plomb-acide automobile batterie pour voitures et v\u00e9hicules utilitaires l\u00e9gers v\u00e9hicules.<\/p>\n<ul>\n<li data-start=\"879\" data-end=\"907\">\n<p data-start=\"881\" data-end=\"907\"><strong data-start=\"881\" data-end=\"901\">Tension nominale :<\/strong> 12 V<\/p>\n<\/li>\n<li data-start=\"908\" data-end=\"931\">\n<p data-start=\"910\" data-end=\"931\"><strong data-start=\"910\" data-end=\"923\">Capacit\u00e9 :<\/strong> 75 Ah<\/p>\n<\/li>\n<li data-start=\"985\" data-end=\"1023\">\n<p data-start=\"987\" data-end=\"1023\"><strong data-start=\"987\" data-end=\"1002\">Dimensions:<\/strong> 260 \u00d7 170 \u00d7 220 mm<\/p>\n<\/li>\n<li data-start=\"1024\" data-end=\"1053\">\n<p data-start=\"1026\" data-end=\"1053\"><strong data-start=\"1026\" data-end=\"1037\">Poids :<\/strong> environ 20 kg <\/p>\n<\/li>\n<\/ul>\n","protected":false},"featured_media":20037,"comment_status":"open","ping_status":"closed","template":"","meta":{"_acf_changed":false},"brand":[1456],"product_cat":[1275],"product_tag":[],"class_list":{"0":"post-20092","1":"product","2":"type-product","3":"status-publish","4":"has-post-thumbnail","6":"brand-hindiwar","7":"product_cat-produitsautomobiles","9":"first","10":"instock","11":"shipping-taxable","12":"purchasable","13":"product-type-simple"},"acf":[],"_links":{"self":[{"href":"https:\/\/turkmenexporter.com\/fr\/wp-json\/wp\/v2\/product\/20092","targetHints":{"allow":["GET"]}}],"collection":[{"href":"https:\/\/turkmenexporter.com\/fr\/wp-json\/wp\/v2\/product"}],"about":[{"href":"https:\/\/turkmenexporter.com\/fr\/wp-json\/wp\/v2\/types\/product"}],"replies":[{"embeddable":true,"href":"https:\/\/turkmenexporter.com\/fr\/wp-json\/wp\/v2\/comments?post=20092"}],"version-history":[{"count":0,"href":"https:\/\/turkmenexporter.com\/fr\/wp-json\/wp\/v2\/product\/20092\/revisions"}],"wp:featuredmedia":[{"embeddable":true,"href":"https:\/\/turkmenexporter.com\/fr\/wp-json\/wp\/v2\/media\/20037"}],"wp:attachment":[{"href":"https:\/\/turkmenexporter.com\/fr\/wp-json\/wp\/v2\/media?parent=20092"}],"wp:term":[{"taxonomy":"brand","embeddable":true,"href":"https:\/\/turkmenexporter.com\/fr\/wp-json\/wp\/v2\/brand?post=20092"},{"taxonomy":"product_cat","embeddable":true,"href":"https:\/\/turkmenexporter.com\/fr\/wp-json\/wp\/v2\/product_cat?post=20092"},{"taxonomy":"product_tag","embeddable":true,"href":"https:\/\/turkmenexporter.com\/fr\/wp-json\/wp\/v2\/product_tag?post=20092"}],"curies":[{"name":"wp","href":"https:\/\/api.w.org\/{rel}","templated":true}]}}