{"id":2363,"date":"2024-01-20T00:42:19","date_gmt":"2024-01-19T19:42:19","guid":{"rendered":"https:\/\/turkmenexporter.com\/product\/graines-de-tournesol-grillees-et-legerement-salees\/"},"modified":"2024-09-17T19:29:27","modified_gmt":"2024-09-17T14:29:27","slug":"graines-de-tournesol-grillees-et-legerement-salees","status":"publish","type":"product","link":"https:\/\/turkmenexporter.com\/fr\/produit\/graines-de-tournesol-grillees-et-legerement-salees\/","title":{"rendered":"Graines de tournesol grill\u00e9es et l\u00e9g\u00e8rement sal\u00e9es"},"content":{"rendered":"<p>Graines de tournesol grill\u00e9es et l\u00e9g\u00e8rement sal\u00e9es. Ingr\u00e9dients : graines de tournesol, sel comestible Valeur nutritionnelle pour 100 g de produit : prot\u00e9ines 19,3 g, mati\u00e8res grasses 49,8 g, glucides 24,1 g, valeur \u00e9nerg\u00e9tique 622 kcal Conditions de stockage : conserver \u00e0 +20\u00baC et une humidit\u00e9 relative ne d\u00e9passant pas 70%. La date de fabrication et la date de p\u00e9remption sont indiqu\u00e9es sur l&#8217;emballage Conserver dans un endroit frais et sec. Produit certifi\u00e9.<\/p>\n<p>Volume de la bo\u00eete : 0,019 M3<br \/>\nPoids brut de la bo\u00eete : 1,7 kg<\/p>\n","protected":false},"excerpt":{"rendered":"<p>Graines de tournesol grill\u00e9es et l\u00e9g\u00e8rement sal\u00e9es en paquet de 30 g<br \/>\n40 paquets dans une bo\u00eete.<\/p>\n","protected":false},"featured_media":2665,"comment_status":"open","ping_status":"closed","template":"","meta":{"_acf_changed":false},"brand":[272],"product_cat":[262],"product_tag":[848],"class_list":{"0":"post-2363","1":"product","2":"type-product","3":"status-publish","4":"has-post-thumbnail","6":"brand-altyn-yunus-fr","7":"product_cat-graines-de-tournesol","8":"product_tag-front-product-fr","10":"first","11":"instock","12":"shipping-taxable","13":"purchasable","14":"product-type-simple"},"acf":[],"_links":{"self":[{"href":"https:\/\/turkmenexporter.com\/fr\/wp-json\/wp\/v2\/product\/2363","targetHints":{"allow":["GET"]}}],"collection":[{"href":"https:\/\/turkmenexporter.com\/fr\/wp-json\/wp\/v2\/product"}],"about":[{"href":"https:\/\/turkmenexporter.com\/fr\/wp-json\/wp\/v2\/types\/product"}],"replies":[{"embeddable":true,"href":"https:\/\/turkmenexporter.com\/fr\/wp-json\/wp\/v2\/comments?post=2363"}],"version-history":[{"count":3,"href":"https:\/\/turkmenexporter.com\/fr\/wp-json\/wp\/v2\/product\/2363\/revisions"}],"predecessor-version":[{"id":3343,"href":"https:\/\/turkmenexporter.com\/fr\/wp-json\/wp\/v2\/product\/2363\/revisions\/3343"}],"wp:featuredmedia":[{"embeddable":true,"href":"https:\/\/turkmenexporter.com\/fr\/wp-json\/wp\/v2\/media\/2665"}],"wp:attachment":[{"href":"https:\/\/turkmenexporter.com\/fr\/wp-json\/wp\/v2\/media?parent=2363"}],"wp:term":[{"taxonomy":"brand","embeddable":true,"href":"https:\/\/turkmenexporter.com\/fr\/wp-json\/wp\/v2\/brand?post=2363"},{"taxonomy":"product_cat","embeddable":true,"href":"https:\/\/turkmenexporter.com\/fr\/wp-json\/wp\/v2\/product_cat?post=2363"},{"taxonomy":"product_tag","embeddable":true,"href":"https:\/\/turkmenexporter.com\/fr\/wp-json\/wp\/v2\/product_tag?post=2363"}],"curies":[{"name":"wp","href":"https:\/\/api.w.org\/{rel}","templated":true}]}}