{"id":3323,"date":"2024-02-07T20:53:40","date_gmt":"2024-02-07T15:53:40","guid":{"rendered":"https:\/\/turkmenexporter.com\/?post_type=product&#038;p=3323"},"modified":"2024-09-17T19:29:27","modified_gmt":"2024-09-17T14:29:27","slug":"graines-de-tournesol-grillees-et-salees","status":"publish","type":"product","link":"https:\/\/turkmenexporter.com\/fr\/produit\/graines-de-tournesol-grillees-et-salees\/","title":{"rendered":"Graines de tournesol grill\u00e9es et sal\u00e9es"},"content":{"rendered":"<p>Roasted salted sunflower seeds. Ingr\u00e9dients : graines de tournesol, sel comestible Valeur nutritionnelle pour 100 g de produit : prot\u00e9ines 19,3 g, mati\u00e8res grasses 49,8 g, glucides 24,1 g, valeur \u00e9nerg\u00e9tique 622 kcal Conditions de stockage : conserver \u00e0 +20\u00baC et une humidit\u00e9 relative ne d\u00e9passant pas 70%. La date de fabrication et la date de p\u00e9remption sont indiqu\u00e9es sur l&#8217;emballage Conserver dans un endroit frais et sec. Produit certifi\u00e9.<\/p>\n<p>Volume de la bo\u00eete : 0,019 M3<br \/>\nPoids brut de la bo\u00eete : 1,7 kg<\/p>\n","protected":false},"excerpt":{"rendered":"<p>Graines de tournesol grill\u00e9es et sal\u00e9es en paquet de 30 g<br \/>\n40 paquets dans une bo\u00eete<\/p>\n","protected":false},"featured_media":3329,"comment_status":"open","ping_status":"closed","template":"","meta":{"_acf_changed":false},"brand":[272],"product_cat":[262],"product_tag":[848],"class_list":{"0":"post-3323","1":"product","2":"type-product","3":"status-publish","4":"has-post-thumbnail","6":"brand-altyn-yunus-fr","7":"product_cat-graines-de-tournesol","8":"product_tag-front-product-fr","10":"first","11":"instock","12":"shipping-taxable","13":"purchasable","14":"product-type-simple"},"acf":[],"_links":{"self":[{"href":"https:\/\/turkmenexporter.com\/fr\/wp-json\/wp\/v2\/product\/3323","targetHints":{"allow":["GET"]}}],"collection":[{"href":"https:\/\/turkmenexporter.com\/fr\/wp-json\/wp\/v2\/product"}],"about":[{"href":"https:\/\/turkmenexporter.com\/fr\/wp-json\/wp\/v2\/types\/product"}],"replies":[{"embeddable":true,"href":"https:\/\/turkmenexporter.com\/fr\/wp-json\/wp\/v2\/comments?post=3323"}],"version-history":[{"count":2,"href":"https:\/\/turkmenexporter.com\/fr\/wp-json\/wp\/v2\/product\/3323\/revisions"}],"predecessor-version":[{"id":3342,"href":"https:\/\/turkmenexporter.com\/fr\/wp-json\/wp\/v2\/product\/3323\/revisions\/3342"}],"wp:featuredmedia":[{"embeddable":true,"href":"https:\/\/turkmenexporter.com\/fr\/wp-json\/wp\/v2\/media\/3329"}],"wp:attachment":[{"href":"https:\/\/turkmenexporter.com\/fr\/wp-json\/wp\/v2\/media?parent=3323"}],"wp:term":[{"taxonomy":"brand","embeddable":true,"href":"https:\/\/turkmenexporter.com\/fr\/wp-json\/wp\/v2\/brand?post=3323"},{"taxonomy":"product_cat","embeddable":true,"href":"https:\/\/turkmenexporter.com\/fr\/wp-json\/wp\/v2\/product_cat?post=3323"},{"taxonomy":"product_tag","embeddable":true,"href":"https:\/\/turkmenexporter.com\/fr\/wp-json\/wp\/v2\/product_tag?post=3323"}],"curies":[{"name":"wp","href":"https:\/\/api.w.org\/{rel}","templated":true}]}}