{"id":3472,"date":"2024-02-08T06:38:44","date_gmt":"2024-02-08T01:38:44","guid":{"rendered":"https:\/\/turkmenexporter.com\/?post_type=product&#038;p=3472"},"modified":"2024-09-17T19:29:25","modified_gmt":"2024-09-17T14:29:25","slug":"graines-de-courge-grillees","status":"publish","type":"product","link":"https:\/\/turkmenexporter.com\/fr\/produit\/graines-de-courge-grillees\/","title":{"rendered":"Graines de courge grill\u00e9es"},"content":{"rendered":"<p>Graines de courge grill\u00e9es et non sal\u00e9es. Ingr\u00e9dients : graines de courge. Valeur nutritionnelle pour 100 g de produit : prot\u00e9ines 29,0 g, mati\u00e8res grasses 13,1 g, hydrates de carbone 46,7 g, valeur \u00e9nerg\u00e9tique 589 kcal. Conditions de conservation : conserver \u00e0 +20\u00baC \u00b15\u00baC et \u00e0 une humidit\u00e9 relative ne d\u00e9passant pas 70%. La date de fabrication et la date de p\u00e9remption sont indiqu\u00e9es sur l&#8217;emballage. Conserver dans un endroit frais et sec. Produit certifi\u00e9.<\/p>\n<ul>\n<li>Volume de la bo\u00eete : 0,019 M3<\/li>\n<li>Poids brut de la bo\u00eete : 1,7 kg<\/li>\n<li>Dur\u00e9e de conservation : 10 mois<\/li>\n<\/ul>\n","protected":false},"excerpt":{"rendered":"<p>Graines de courge grill\u00e9es en sachet 30 g<br \/>\n40 paquets dans une bo\u00eete<\/p>\n","protected":false},"featured_media":3478,"comment_status":"open","ping_status":"closed","template":"","meta":{"_acf_changed":false},"brand":[272],"product_cat":[282],"product_tag":[],"class_list":{"0":"post-3472","1":"product","2":"type-product","3":"status-publish","4":"has-post-thumbnail","6":"brand-altyn-yunus-fr","7":"product_cat-graines-de-citrouille","9":"first","10":"instock","11":"shipping-taxable","12":"purchasable","13":"product-type-simple"},"acf":[],"_links":{"self":[{"href":"https:\/\/turkmenexporter.com\/fr\/wp-json\/wp\/v2\/product\/3472","targetHints":{"allow":["GET"]}}],"collection":[{"href":"https:\/\/turkmenexporter.com\/fr\/wp-json\/wp\/v2\/product"}],"about":[{"href":"https:\/\/turkmenexporter.com\/fr\/wp-json\/wp\/v2\/types\/product"}],"replies":[{"embeddable":true,"href":"https:\/\/turkmenexporter.com\/fr\/wp-json\/wp\/v2\/comments?post=3472"}],"version-history":[{"count":2,"href":"https:\/\/turkmenexporter.com\/fr\/wp-json\/wp\/v2\/product\/3472\/revisions"}],"predecessor-version":[{"id":3489,"href":"https:\/\/turkmenexporter.com\/fr\/wp-json\/wp\/v2\/product\/3472\/revisions\/3489"}],"wp:featuredmedia":[{"embeddable":true,"href":"https:\/\/turkmenexporter.com\/fr\/wp-json\/wp\/v2\/media\/3478"}],"wp:attachment":[{"href":"https:\/\/turkmenexporter.com\/fr\/wp-json\/wp\/v2\/media?parent=3472"}],"wp:term":[{"taxonomy":"brand","embeddable":true,"href":"https:\/\/turkmenexporter.com\/fr\/wp-json\/wp\/v2\/brand?post=3472"},{"taxonomy":"product_cat","embeddable":true,"href":"https:\/\/turkmenexporter.com\/fr\/wp-json\/wp\/v2\/product_cat?post=3472"},{"taxonomy":"product_tag","embeddable":true,"href":"https:\/\/turkmenexporter.com\/fr\/wp-json\/wp\/v2\/product_tag?post=3472"}],"curies":[{"name":"wp","href":"https:\/\/api.w.org\/{rel}","templated":true}]}}