{"id":3495,"date":"2024-02-08T07:12:17","date_gmt":"2024-02-08T02:12:17","guid":{"rendered":"https:\/\/turkmenexporter.com\/?post_type=product&#038;p=3495"},"modified":"2024-09-17T19:29:24","modified_gmt":"2024-09-17T14:29:24","slug":"graines-de-courge-salees-et-grillees","status":"publish","type":"product","link":"https:\/\/turkmenexporter.com\/fr\/produit\/graines-de-courge-salees-et-grillees\/","title":{"rendered":"Graines de courge sal\u00e9es et grill\u00e9es"},"content":{"rendered":"<p>Graines de courge sal\u00e9es et grill\u00e9es. Ingr\u00e9dients : graines de courge, sel. Valeur nutritionnelle pour 100 g de produit : prot\u00e9ines 29,0 g, mati\u00e8res grasses 13,1 g, glucides 46,7 g, valeur \u00e9nerg\u00e9tique 589 kcal. Conditions de conservation : conserver \u00e0 +20\u00baC \u00b15\u00baC et \u00e0 une humidit\u00e9 relative ne d\u00e9passant pas 70%. La date de fabrication et la date de p\u00e9remption sont indiqu\u00e9es sur l&#8217;emballage. Conserver dans un endroit frais et sec. Produit certifi\u00e9.<\/p>\n<ul>\n<li>Volume de la bo\u00eete : 0,019 M3<\/li>\n<li>Poids brut de la bo\u00eete : 1,7 kg<\/li>\n<li>Dur\u00e9e de conservation : 10 mois<\/li>\n<\/ul>\n","protected":false},"excerpt":{"rendered":"<p>Graines de courge grill\u00e9es et sal\u00e9es en sachet 30 g<br \/>\n40 paquets dans une bo\u00eete<\/p>\n","protected":false},"featured_media":3501,"comment_status":"open","ping_status":"closed","template":"","meta":{"_acf_changed":false},"brand":[272],"product_cat":[282],"product_tag":[848],"class_list":{"0":"post-3495","1":"product","2":"type-product","3":"status-publish","4":"has-post-thumbnail","6":"brand-altyn-yunus-fr","7":"product_cat-graines-de-citrouille","8":"product_tag-front-product-fr","10":"first","11":"instock","12":"shipping-taxable","13":"purchasable","14":"product-type-simple"},"acf":[],"_links":{"self":[{"href":"https:\/\/turkmenexporter.com\/fr\/wp-json\/wp\/v2\/product\/3495","targetHints":{"allow":["GET"]}}],"collection":[{"href":"https:\/\/turkmenexporter.com\/fr\/wp-json\/wp\/v2\/product"}],"about":[{"href":"https:\/\/turkmenexporter.com\/fr\/wp-json\/wp\/v2\/types\/product"}],"replies":[{"embeddable":true,"href":"https:\/\/turkmenexporter.com\/fr\/wp-json\/wp\/v2\/comments?post=3495"}],"version-history":[{"count":2,"href":"https:\/\/turkmenexporter.com\/fr\/wp-json\/wp\/v2\/product\/3495\/revisions"}],"predecessor-version":[{"id":3513,"href":"https:\/\/turkmenexporter.com\/fr\/wp-json\/wp\/v2\/product\/3495\/revisions\/3513"}],"wp:featuredmedia":[{"embeddable":true,"href":"https:\/\/turkmenexporter.com\/fr\/wp-json\/wp\/v2\/media\/3501"}],"wp:attachment":[{"href":"https:\/\/turkmenexporter.com\/fr\/wp-json\/wp\/v2\/media?parent=3495"}],"wp:term":[{"taxonomy":"brand","embeddable":true,"href":"https:\/\/turkmenexporter.com\/fr\/wp-json\/wp\/v2\/brand?post=3495"},{"taxonomy":"product_cat","embeddable":true,"href":"https:\/\/turkmenexporter.com\/fr\/wp-json\/wp\/v2\/product_cat?post=3495"},{"taxonomy":"product_tag","embeddable":true,"href":"https:\/\/turkmenexporter.com\/fr\/wp-json\/wp\/v2\/product_tag?post=3495"}],"curies":[{"name":"wp","href":"https:\/\/api.w.org\/{rel}","templated":true}]}}