{"id":3601,"date":"2024-02-08T08:16:58","date_gmt":"2024-02-08T03:16:58","guid":{"rendered":"https:\/\/turkmenexporter.com\/?post_type=product&#038;p=3601"},"modified":"2024-09-17T19:29:22","modified_gmt":"2024-09-17T14:29:22","slug":"pistaches-salees-grillees","status":"publish","type":"product","link":"https:\/\/turkmenexporter.com\/fr\/produit\/pistaches-salees-grillees\/","title":{"rendered":"Pistaches sal\u00e9es grill\u00e9es"},"content":{"rendered":"<p>Pistaches sal\u00e9es grill\u00e9es . Ingr\u00e9dients : pistaches, sel. Conditions de stockage : conserver \u00e0 une temp\u00e9rature de 20\u00baC et sous une humidit\u00e9 relative de l&rsquo;air ne d\u00e9passant pas 70%. La date de fabrication et la date de p\u00e9remption sont indiqu\u00e9es sur l&#8217;emballage. Conserver dans un endroit frais et sec. Valeur nutritionnelle pour 100 g de produit : prot\u00e9ines &#8211; 20 g, graisses &#8211; 50 g, hydrates de carbone &#8211; 7 g. Valeur \u00e9nerg\u00e9tique &#8211; 558 kcal. Sans OGM. Le produit est certifi\u00e9.<\/p>\n<ul>\n<li>Volume de la bo\u00eete : 0,019 M3<\/li>\n<li>Poids brut de la bo\u00eete : 1,7 kg<\/li>\n<li>Dur\u00e9e de conservation : 10 mois<\/li>\n<\/ul>\n","protected":false},"excerpt":{"rendered":"<p>Pistaches sal\u00e9es grill\u00e9es en paquet de 35 g<br \/>\n40 paquets dans une bo\u00eete<\/p>\n","protected":false},"featured_media":3613,"comment_status":"open","ping_status":"closed","template":"","meta":{"_acf_changed":false},"brand":[272],"product_cat":[295],"product_tag":[848],"class_list":{"0":"post-3601","1":"product","2":"type-product","3":"status-publish","4":"has-post-thumbnail","6":"brand-altyn-yunus-fr","7":"product_cat-pistaches","8":"product_tag-front-product-fr","10":"first","11":"instock","12":"shipping-taxable","13":"purchasable","14":"product-type-simple"},"acf":[],"_links":{"self":[{"href":"https:\/\/turkmenexporter.com\/fr\/wp-json\/wp\/v2\/product\/3601","targetHints":{"allow":["GET"]}}],"collection":[{"href":"https:\/\/turkmenexporter.com\/fr\/wp-json\/wp\/v2\/product"}],"about":[{"href":"https:\/\/turkmenexporter.com\/fr\/wp-json\/wp\/v2\/types\/product"}],"replies":[{"embeddable":true,"href":"https:\/\/turkmenexporter.com\/fr\/wp-json\/wp\/v2\/comments?post=3601"}],"version-history":[{"count":2,"href":"https:\/\/turkmenexporter.com\/fr\/wp-json\/wp\/v2\/product\/3601\/revisions"}],"predecessor-version":[{"id":3624,"href":"https:\/\/turkmenexporter.com\/fr\/wp-json\/wp\/v2\/product\/3601\/revisions\/3624"}],"wp:featuredmedia":[{"embeddable":true,"href":"https:\/\/turkmenexporter.com\/fr\/wp-json\/wp\/v2\/media\/3613"}],"wp:attachment":[{"href":"https:\/\/turkmenexporter.com\/fr\/wp-json\/wp\/v2\/media?parent=3601"}],"wp:term":[{"taxonomy":"brand","embeddable":true,"href":"https:\/\/turkmenexporter.com\/fr\/wp-json\/wp\/v2\/brand?post=3601"},{"taxonomy":"product_cat","embeddable":true,"href":"https:\/\/turkmenexporter.com\/fr\/wp-json\/wp\/v2\/product_cat?post=3601"},{"taxonomy":"product_tag","embeddable":true,"href":"https:\/\/turkmenexporter.com\/fr\/wp-json\/wp\/v2\/product_tag?post=3601"}],"curies":[{"name":"wp","href":"https:\/\/api.w.org\/{rel}","templated":true}]}}