{"id":3676,"date":"2024-02-09T00:52:05","date_gmt":"2024-02-08T19:52:05","guid":{"rendered":"https:\/\/turkmenexporter.com\/?post_type=product&#038;p=3676"},"modified":"2024-09-17T19:29:20","modified_gmt":"2024-09-17T14:29:20","slug":"sucette-aromatisee-tutti-frutti","status":"publish","type":"product","link":"https:\/\/turkmenexporter.com\/fr\/produit\/sucette-aromatisee-tutti-frutti\/","title":{"rendered":"Sucette aromatis\u00e9e Tutti-Frutti avec chewing-gum"},"content":{"rendered":"<p>Sucette \u00ab\u00a0Melek\u00a0\u00bb au go\u00fbt de tutti frutti avec chewing-gum. Ingr\u00e9dients : Sucre, sirop de glucose, ar\u00f4me naturel \u00ab\u00a0Tutti frutti\u00a0\u00bb, acide citrique (E330), colorant alimentaire naturel (E163), chewing-gum aromatis\u00e9 \u00ab\u00a0Tutti frutti\u00a0\u00bb. Valeur nutritionnelle pour 100 g de produit : glucides &#8211; 93,3 g. Valeur \u00e9nerg\u00e9tique &#8211; 392 kcal. La date de fabrication et la date de p\u00e9remption sont indiqu\u00e9es sur l&#8217;emballage. Conditions de stockage : conserver \u00e0 18\u00b13\u00baC et humidit\u00e9 relative max 75%. Sans OGM. Conserver dans un endroit frais et sec. Produit certifi\u00e9.<\/p>\n<ul>\n<li>Volume de la bo\u00eete : 0,044 M3<\/li>\n<li>Poids brut de la bo\u00eete : 15,5 kg<\/li>\n<li>Dur\u00e9e de conservation : 18 mois<\/li>\n<\/ul>\n","protected":false},"excerpt":{"rendered":"<p>Tutti-Frutti sucette aromatis\u00e9e avec chewing-gum 12 g. 100 pi\u00e8ces par bloc.<br \/>\n12 blocs dans une bo\u00eete. Le prix indiqu\u00e9 est pour 1 bloc.<\/p>\n","protected":false},"featured_media":3682,"comment_status":"open","ping_status":"closed","template":"","meta":{"_acf_changed":false},"brand":[272],"product_cat":[297],"product_tag":[],"class_list":{"0":"post-3676","1":"product","2":"type-product","3":"status-publish","4":"has-post-thumbnail","6":"brand-altyn-yunus-fr","7":"product_cat-bonbons","9":"first","10":"instock","11":"shipping-taxable","12":"purchasable","13":"product-type-simple"},"acf":[],"_links":{"self":[{"href":"https:\/\/turkmenexporter.com\/fr\/wp-json\/wp\/v2\/product\/3676","targetHints":{"allow":["GET"]}}],"collection":[{"href":"https:\/\/turkmenexporter.com\/fr\/wp-json\/wp\/v2\/product"}],"about":[{"href":"https:\/\/turkmenexporter.com\/fr\/wp-json\/wp\/v2\/types\/product"}],"replies":[{"embeddable":true,"href":"https:\/\/turkmenexporter.com\/fr\/wp-json\/wp\/v2\/comments?post=3676"}],"version-history":[{"count":2,"href":"https:\/\/turkmenexporter.com\/fr\/wp-json\/wp\/v2\/product\/3676\/revisions"}],"predecessor-version":[{"id":3693,"href":"https:\/\/turkmenexporter.com\/fr\/wp-json\/wp\/v2\/product\/3676\/revisions\/3693"}],"wp:featuredmedia":[{"embeddable":true,"href":"https:\/\/turkmenexporter.com\/fr\/wp-json\/wp\/v2\/media\/3682"}],"wp:attachment":[{"href":"https:\/\/turkmenexporter.com\/fr\/wp-json\/wp\/v2\/media?parent=3676"}],"wp:term":[{"taxonomy":"brand","embeddable":true,"href":"https:\/\/turkmenexporter.com\/fr\/wp-json\/wp\/v2\/brand?post=3676"},{"taxonomy":"product_cat","embeddable":true,"href":"https:\/\/turkmenexporter.com\/fr\/wp-json\/wp\/v2\/product_cat?post=3676"},{"taxonomy":"product_tag","embeddable":true,"href":"https:\/\/turkmenexporter.com\/fr\/wp-json\/wp\/v2\/product_tag?post=3676"}],"curies":[{"name":"wp","href":"https:\/\/api.w.org\/{rel}","templated":true}]}}