{"id":3735,"date":"2024-02-09T05:39:28","date_gmt":"2024-02-09T00:39:28","guid":{"rendered":"https:\/\/turkmenexporter.com\/?post_type=product&#038;p=3735"},"modified":"2024-09-17T19:29:18","modified_gmt":"2024-09-17T14:29:18","slug":"sucette-aromatisee-au-cola","status":"publish","type":"product","link":"https:\/\/turkmenexporter.com\/fr\/produit\/sucette-aromatisee-au-cola\/","title":{"rendered":"Sucette au go\u00fbt de cola avec chewing-gum"},"content":{"rendered":"<p>Sucette aromatis\u00e9e au cola \u00ab\u00a0Melek\u00a0\u00bb avec chewing-gum. Ingr\u00e9dients : Sucre, sirop de glucose, ar\u00f4me naturel \u00ab\u00a0Cola\u00a0\u00bb, acide citrique (E330), acide malique (E296), colorant alimentaire naturel \u00ab\u00a0Bleu naturel\u00a0\u00bb, chewing-gum aromatis\u00e9 au cola. Valeur nutritionnelle pour 100 g de produit : glucides &#8211; 93,3 g. Valeur \u00e9nerg\u00e9tique &#8211; 392 kcal. La date de fabrication et la date de p\u00e9remption sont indiqu\u00e9es sur l&#8217;emballage. Conditions de stockage : conserver \u00e0 18\u00b13\u00baC et humidit\u00e9 relative max 75%. Sans OGM. Conserver dans un endroit frais et sec. Produit certifi\u00e9.<\/p>\n<ul>\n<li>Volume de la bo\u00eete : 0,044 M3<\/li>\n<li>Poids brut de la bo\u00eete : 15,5 kg<\/li>\n<li>Dur\u00e9e de conservation : 18 mois<\/li>\n<\/ul>\n","protected":false},"excerpt":{"rendered":"<p>Sucette aromatis\u00e9e au cola avec chewing-gum 12 g. 100 pi\u00e8ces par bloc.<br \/>\n12 blocs dans une bo\u00eete. Le prix indiqu\u00e9 est pour 1 bloc.<\/p>\n","protected":false},"featured_media":3741,"comment_status":"open","ping_status":"closed","template":"","meta":{"_acf_changed":false},"brand":[272],"product_cat":[297],"product_tag":[848],"class_list":{"0":"post-3735","1":"product","2":"type-product","3":"status-publish","4":"has-post-thumbnail","6":"brand-altyn-yunus-fr","7":"product_cat-bonbons","8":"product_tag-front-product-fr","10":"first","11":"instock","12":"shipping-taxable","13":"purchasable","14":"product-type-simple"},"acf":[],"_links":{"self":[{"href":"https:\/\/turkmenexporter.com\/fr\/wp-json\/wp\/v2\/product\/3735","targetHints":{"allow":["GET"]}}],"collection":[{"href":"https:\/\/turkmenexporter.com\/fr\/wp-json\/wp\/v2\/product"}],"about":[{"href":"https:\/\/turkmenexporter.com\/fr\/wp-json\/wp\/v2\/types\/product"}],"replies":[{"embeddable":true,"href":"https:\/\/turkmenexporter.com\/fr\/wp-json\/wp\/v2\/comments?post=3735"}],"version-history":[{"count":2,"href":"https:\/\/turkmenexporter.com\/fr\/wp-json\/wp\/v2\/product\/3735\/revisions"}],"predecessor-version":[{"id":3780,"href":"https:\/\/turkmenexporter.com\/fr\/wp-json\/wp\/v2\/product\/3735\/revisions\/3780"}],"wp:featuredmedia":[{"embeddable":true,"href":"https:\/\/turkmenexporter.com\/fr\/wp-json\/wp\/v2\/media\/3741"}],"wp:attachment":[{"href":"https:\/\/turkmenexporter.com\/fr\/wp-json\/wp\/v2\/media?parent=3735"}],"wp:term":[{"taxonomy":"brand","embeddable":true,"href":"https:\/\/turkmenexporter.com\/fr\/wp-json\/wp\/v2\/brand?post=3735"},{"taxonomy":"product_cat","embeddable":true,"href":"https:\/\/turkmenexporter.com\/fr\/wp-json\/wp\/v2\/product_cat?post=3735"},{"taxonomy":"product_tag","embeddable":true,"href":"https:\/\/turkmenexporter.com\/fr\/wp-json\/wp\/v2\/product_tag?post=3735"}],"curies":[{"name":"wp","href":"https:\/\/api.w.org\/{rel}","templated":true}]}}