{"id":5466,"date":"2024-03-04T13:24:57","date_gmt":"2024-03-04T08:24:57","guid":{"rendered":"https:\/\/turkmenexporter.com\/product\/barre-de-caramel-hozzi-avec-noix-et-nougat\/"},"modified":"2024-09-17T19:29:12","modified_gmt":"2024-09-17T14:29:12","slug":"barre-de-caramel-hozzi-avec-noix-et-nougat","status":"publish","type":"product","link":"https:\/\/turkmenexporter.com\/fr\/produit\/barre-de-caramel-hozzi-avec-noix-et-nougat\/","title":{"rendered":"Barre de caramel HOZZI avec noix et nougat"},"content":{"rendered":"<p>Barre de caramel enrob\u00e9e d&rsquo;un gla\u00e7age de confiserie \u00ab\u00a0Hozzi\u00a0\u00bb avec cacahu\u00e8tes et nougat. Ingr\u00e9dients : sucre, arachide, sirop de glucose, lait entier en poudre, lait \u00e9cr\u00e9m\u00e9 en poudre, graisse v\u00e9g\u00e9tale raffin\u00e9e d\u00e9sodoris\u00e9e (huile de tournesol, huile de palme), poudre d&rsquo;\u0153uf sec, l\u00e9cithine (E322), poudre de cacao, carbonate de sodium (E500), ar\u00f4mes naturels \u00ab\u00a0Chocolat\u00a0\u00bb, ar\u00f4mes naturels \u00ab\u00a0Caramel\u00a0\u00bb, sorbitol. Valeur nutritionnelle pour 100 g de produit : prot\u00e9ines &#8211; 7,6 g, graisses &#8211; 20,9 g, hydrates de carbone &#8211; 63,2 g. Valeur \u00e9nerg\u00e9tique &#8211; 471 kcal. La date de fabrication et la date de p\u00e9remption sont indiqu\u00e9es sur l&#8217;emballage. Conditions de stockage : conserver \u00e0 18\u00b13\u00baC et humidit\u00e9 relative max 75%. Sans OGM. Conserver dans un endroit frais et sec. Produit certifi\u00e9.<\/p>\n<p>Volume de la bo\u00eete : 0,011 M3<\/p>\n<p>Poids brut de la bo\u00eete : 3,5 kg<\/p>\n<p>Dur\u00e9e de conservation : 18 mois<\/p>\n","protected":false},"excerpt":{"rendered":"<p>Barre de caramel HOZZI avec noix et nougat 20gr<\/p>\n<p>24 pi\u00e8ces par bloc. 6 blocs dans une bo\u00eete.<\/p>\n","protected":false},"featured_media":4140,"comment_status":"open","ping_status":"closed","template":"","meta":{"_acf_changed":false},"brand":[272],"product_cat":[301],"product_tag":[],"class_list":{"0":"post-5466","1":"product","2":"type-product","3":"status-publish","4":"has-post-thumbnail","6":"brand-altyn-yunus-fr","7":"product_cat-chocolat","9":"first","10":"instock","11":"shipping-taxable","12":"purchasable","13":"product-type-simple"},"acf":[],"_links":{"self":[{"href":"https:\/\/turkmenexporter.com\/fr\/wp-json\/wp\/v2\/product\/5466","targetHints":{"allow":["GET"]}}],"collection":[{"href":"https:\/\/turkmenexporter.com\/fr\/wp-json\/wp\/v2\/product"}],"about":[{"href":"https:\/\/turkmenexporter.com\/fr\/wp-json\/wp\/v2\/types\/product"}],"replies":[{"embeddable":true,"href":"https:\/\/turkmenexporter.com\/fr\/wp-json\/wp\/v2\/comments?post=5466"}],"version-history":[{"count":1,"href":"https:\/\/turkmenexporter.com\/fr\/wp-json\/wp\/v2\/product\/5466\/revisions"}],"predecessor-version":[{"id":5656,"href":"https:\/\/turkmenexporter.com\/fr\/wp-json\/wp\/v2\/product\/5466\/revisions\/5656"}],"wp:featuredmedia":[{"embeddable":true,"href":"https:\/\/turkmenexporter.com\/fr\/wp-json\/wp\/v2\/media\/4140"}],"wp:attachment":[{"href":"https:\/\/turkmenexporter.com\/fr\/wp-json\/wp\/v2\/media?parent=5466"}],"wp:term":[{"taxonomy":"brand","embeddable":true,"href":"https:\/\/turkmenexporter.com\/fr\/wp-json\/wp\/v2\/brand?post=5466"},{"taxonomy":"product_cat","embeddable":true,"href":"https:\/\/turkmenexporter.com\/fr\/wp-json\/wp\/v2\/product_cat?post=5466"},{"taxonomy":"product_tag","embeddable":true,"href":"https:\/\/turkmenexporter.com\/fr\/wp-json\/wp\/v2\/product_tag?post=5466"}],"curies":[{"name":"wp","href":"https:\/\/api.w.org\/{rel}","templated":true}]}}