{"id":5467,"date":"2024-03-09T19:35:55","date_gmt":"2024-03-09T14:35:55","guid":{"rendered":"https:\/\/turkmenexporter.com\/product\/chocolat-aere-bubbly\/"},"modified":"2024-09-17T19:29:11","modified_gmt":"2024-09-17T14:29:11","slug":"chocolat-aere-bubbly","status":"publish","type":"product","link":"https:\/\/turkmenexporter.com\/fr\/produit\/chocolat-aere-bubbly\/","title":{"rendered":"Chocolat a\u00e9r\u00e9 BUBBLY"},"content":{"rendered":"<ul>\n<li>Volume de la bo\u00eete : 0,03 M3<\/li>\n<li>Poids brut de la bo\u00eete : 10,2 kg<\/li>\n<li>Dur\u00e9e de conservation : 18 mois.<\/li>\n<\/ul>\n","protected":false},"excerpt":{"rendered":"<p>Chocolat a\u00e9r\u00e9 90 gr. Fabriqu\u00e9 avec des technologies belges.<\/p>\n<p>20 pi\u00e8ces par bloc. 5 blocs dans une bo\u00eete.<\/p>\n","protected":false},"featured_media":4264,"comment_status":"open","ping_status":"closed","template":"","meta":{"_acf_changed":false},"brand":[272],"product_cat":[301],"product_tag":[],"class_list":{"0":"post-5467","1":"product","2":"type-product","3":"status-publish","4":"has-post-thumbnail","6":"brand-altyn-yunus-fr","7":"product_cat-chocolat","9":"first","10":"instock","11":"shipping-taxable","12":"purchasable","13":"product-type-variable","14":"has-default-attributes"},"acf":[],"_links":{"self":[{"href":"https:\/\/turkmenexporter.com\/fr\/wp-json\/wp\/v2\/product\/5467","targetHints":{"allow":["GET"]}}],"collection":[{"href":"https:\/\/turkmenexporter.com\/fr\/wp-json\/wp\/v2\/product"}],"about":[{"href":"https:\/\/turkmenexporter.com\/fr\/wp-json\/wp\/v2\/types\/product"}],"replies":[{"embeddable":true,"href":"https:\/\/turkmenexporter.com\/fr\/wp-json\/wp\/v2\/comments?post=5467"}],"version-history":[{"count":1,"href":"https:\/\/turkmenexporter.com\/fr\/wp-json\/wp\/v2\/product\/5467\/revisions"}],"predecessor-version":[{"id":5537,"href":"https:\/\/turkmenexporter.com\/fr\/wp-json\/wp\/v2\/product\/5467\/revisions\/5537"}],"wp:featuredmedia":[{"embeddable":true,"href":"https:\/\/turkmenexporter.com\/fr\/wp-json\/wp\/v2\/media\/4264"}],"wp:attachment":[{"href":"https:\/\/turkmenexporter.com\/fr\/wp-json\/wp\/v2\/media?parent=5467"}],"wp:term":[{"taxonomy":"brand","embeddable":true,"href":"https:\/\/turkmenexporter.com\/fr\/wp-json\/wp\/v2\/brand?post=5467"},{"taxonomy":"product_cat","embeddable":true,"href":"https:\/\/turkmenexporter.com\/fr\/wp-json\/wp\/v2\/product_cat?post=5467"},{"taxonomy":"product_tag","embeddable":true,"href":"https:\/\/turkmenexporter.com\/fr\/wp-json\/wp\/v2\/product_tag?post=5467"}],"curies":[{"name":"wp","href":"https:\/\/api.w.org\/{rel}","templated":true}]}}