{"id":5471,"date":"2024-03-04T13:25:02","date_gmt":"2024-03-04T08:25:02","guid":{"rendered":"https:\/\/turkmenexporter.com\/product\/barre-chocolatee-game-on-aux-multi-cereales\/"},"modified":"2024-09-17T19:29:11","modified_gmt":"2024-09-17T14:29:11","slug":"barre-chocolatee-game-on-aux-multi-cereales","status":"publish","type":"product","link":"https:\/\/turkmenexporter.com\/fr\/produit\/barre-chocolatee-game-on-aux-multi-cereales\/","title":{"rendered":"Barre chocolat\u00e9e GAME ON aux multi-c\u00e9r\u00e9ales"},"content":{"rendered":"<p>Bonbons au chocolat multigrains \u00ab\u00a0Game On\u00a0\u00bb. Ingr\u00e9dients : flocons de c\u00e9r\u00e9ales (avoine, bl\u00e9, ma\u00efs), sucre en poudre, substitut de beurre de cacao de type laurique, lait \u00e9cr\u00e9m\u00e9 en poudre, cacao en poudre, \u00e9mulsifiant (E322) l\u00e9cithine, ar\u00f4me de chocolat. Valeur nutritionnelle pour 100 g de produit : prot\u00e9ines &#8211; 7,5 g, graisses &#8211; 21,1 g, hydrates de carbone &#8211; 62,2 g. Valeur \u00e9nerg\u00e9tique &#8211; 469 kcal. La date de fabrication et la date de p\u00e9remption sont indiqu\u00e9es sur l&#8217;emballage. Conditions de stockage : conserver \u00e0 18\u00b13\u00baC et humidit\u00e9 relative max 75%. Sans OGM. Conserver dans un endroit frais et sec. Produit certifi\u00e9.<\/p>\n<p>Volume de la bo\u00eete : 0,018 M3<\/p>\n<p>Poids brut de la bo\u00eete : 6,3 kg<\/p>\n<p>Dur\u00e9e de conservation : 18 mois<\/p>\n","protected":false},"excerpt":{"rendered":"<p>GAME ON barre chocolat\u00e9e aux multi-c\u00e9r\u00e9ales 20gr<\/p>\n<p>24 pi\u00e8ces par bloc. 12 blocs dans une bo\u00eete.<\/p>\n","protected":false},"featured_media":4208,"comment_status":"open","ping_status":"closed","template":"","meta":{"_acf_changed":false},"brand":[272],"product_cat":[301],"product_tag":[848],"class_list":{"0":"post-5471","1":"product","2":"type-product","3":"status-publish","4":"has-post-thumbnail","6":"brand-altyn-yunus-fr","7":"product_cat-chocolat","8":"product_tag-front-product-fr","10":"first","11":"instock","12":"shipping-taxable","13":"purchasable","14":"product-type-simple"},"acf":[],"_links":{"self":[{"href":"https:\/\/turkmenexporter.com\/fr\/wp-json\/wp\/v2\/product\/5471","targetHints":{"allow":["GET"]}}],"collection":[{"href":"https:\/\/turkmenexporter.com\/fr\/wp-json\/wp\/v2\/product"}],"about":[{"href":"https:\/\/turkmenexporter.com\/fr\/wp-json\/wp\/v2\/types\/product"}],"replies":[{"embeddable":true,"href":"https:\/\/turkmenexporter.com\/fr\/wp-json\/wp\/v2\/comments?post=5471"}],"version-history":[{"count":1,"href":"https:\/\/turkmenexporter.com\/fr\/wp-json\/wp\/v2\/product\/5471\/revisions"}],"predecessor-version":[{"id":5661,"href":"https:\/\/turkmenexporter.com\/fr\/wp-json\/wp\/v2\/product\/5471\/revisions\/5661"}],"wp:featuredmedia":[{"embeddable":true,"href":"https:\/\/turkmenexporter.com\/fr\/wp-json\/wp\/v2\/media\/4208"}],"wp:attachment":[{"href":"https:\/\/turkmenexporter.com\/fr\/wp-json\/wp\/v2\/media?parent=5471"}],"wp:term":[{"taxonomy":"brand","embeddable":true,"href":"https:\/\/turkmenexporter.com\/fr\/wp-json\/wp\/v2\/brand?post=5471"},{"taxonomy":"product_cat","embeddable":true,"href":"https:\/\/turkmenexporter.com\/fr\/wp-json\/wp\/v2\/product_cat?post=5471"},{"taxonomy":"product_tag","embeddable":true,"href":"https:\/\/turkmenexporter.com\/fr\/wp-json\/wp\/v2\/product_tag?post=5471"}],"curies":[{"name":"wp","href":"https:\/\/api.w.org\/{rel}","templated":true}]}}