{"id":5472,"date":"2024-03-09T19:35:55","date_gmt":"2024-03-09T14:35:55","guid":{"rendered":"https:\/\/turkmenexporter.com\/product\/billiard-barre-chocolatee-aeree\/"},"modified":"2024-09-17T19:29:10","modified_gmt":"2024-09-17T14:29:10","slug":"billiard-barre-chocolatee-aeree","status":"publish","type":"product","link":"https:\/\/turkmenexporter.com\/fr\/produit\/billiard-barre-chocolatee-aeree\/","title":{"rendered":"BILLIARD barre chocolat\u00e9e a\u00e9r\u00e9e"},"content":{"rendered":"<ul>\n<li>Volume de la bo\u00eete : 0,015 M3<\/li>\n<li>Poids brut de la bo\u00eete : 3,6 kg<\/li>\n<li>Dur\u00e9e de conservation : 18 mois.<\/li>\n<\/ul>\n","protected":false},"excerpt":{"rendered":"<p>Barre chocolat\u00e9e a\u00e9r\u00e9e 20 gr<\/p>\n<p>12 pi\u00e8ces par bloc. 12 blocs dans une bo\u00eete.<\/p>\n","protected":false},"featured_media":4312,"comment_status":"open","ping_status":"closed","template":"","meta":{"_acf_changed":false},"brand":[272],"product_cat":[301],"product_tag":[],"class_list":{"0":"post-5472","1":"product","2":"type-product","3":"status-publish","4":"has-post-thumbnail","6":"brand-altyn-yunus-fr","7":"product_cat-chocolat","9":"first","10":"instock","11":"shipping-taxable","12":"purchasable","13":"product-type-variable","14":"has-default-attributes"},"acf":[],"_links":{"self":[{"href":"https:\/\/turkmenexporter.com\/fr\/wp-json\/wp\/v2\/product\/5472","targetHints":{"allow":["GET"]}}],"collection":[{"href":"https:\/\/turkmenexporter.com\/fr\/wp-json\/wp\/v2\/product"}],"about":[{"href":"https:\/\/turkmenexporter.com\/fr\/wp-json\/wp\/v2\/types\/product"}],"replies":[{"embeddable":true,"href":"https:\/\/turkmenexporter.com\/fr\/wp-json\/wp\/v2\/comments?post=5472"}],"version-history":[{"count":1,"href":"https:\/\/turkmenexporter.com\/fr\/wp-json\/wp\/v2\/product\/5472\/revisions"}],"predecessor-version":[{"id":5476,"href":"https:\/\/turkmenexporter.com\/fr\/wp-json\/wp\/v2\/product\/5472\/revisions\/5476"}],"wp:featuredmedia":[{"embeddable":true,"href":"https:\/\/turkmenexporter.com\/fr\/wp-json\/wp\/v2\/media\/4312"}],"wp:attachment":[{"href":"https:\/\/turkmenexporter.com\/fr\/wp-json\/wp\/v2\/media?parent=5472"}],"wp:term":[{"taxonomy":"brand","embeddable":true,"href":"https:\/\/turkmenexporter.com\/fr\/wp-json\/wp\/v2\/brand?post=5472"},{"taxonomy":"product_cat","embeddable":true,"href":"https:\/\/turkmenexporter.com\/fr\/wp-json\/wp\/v2\/product_cat?post=5472"},{"taxonomy":"product_tag","embeddable":true,"href":"https:\/\/turkmenexporter.com\/fr\/wp-json\/wp\/v2\/product_tag?post=5472"}],"curies":[{"name":"wp","href":"https:\/\/api.w.org\/{rel}","templated":true}]}}