{"id":5683,"date":"2024-03-09T19:35:55","date_gmt":"2024-03-09T14:35:55","guid":{"rendered":"https:\/\/turkmenexporter.com\/product\/tablettes-de-chocolat-springa-pour-la-nouvelle-annee\/"},"modified":"2024-09-17T19:29:08","modified_gmt":"2024-09-17T14:29:08","slug":"tablettes-de-chocolat-springa-pour-la-nouvelle-annee","status":"publish","type":"product","link":"https:\/\/turkmenexporter.com\/fr\/produit\/tablettes-de-chocolat-springa-pour-la-nouvelle-annee\/","title":{"rendered":"Tablettes de chocolat SPRINGA &amp; TOWER pour la nouvelle ann\u00e9e"},"content":{"rendered":"<p>Barre de caramel enrob\u00e9e de chocolat au lait avec cacahu\u00e8tes et nougat. Ingr\u00e9dients : Sucre, arachide, sirop de glucose, lait entier en poudre, lait \u00e9cr\u00e9m\u00e9 en poudre, huile de tournesol raffin\u00e9e et d\u00e9sodoris\u00e9e, huile de palme, poudre d&rsquo;\u0153uf sec, l\u00e9cithine (E322), cacao en poudre, liqueur de chocolat, beurre de cacao, carbonate de sodium, (E500), ar\u00f4mes naturels \u00ab\u00a0Chocolat\u00a0\u00bb, \u00ab\u00a0Caramel\u00a0\u00bb, \u00e9dulcorant sorbitol (E420). Valeur nutritionnelle pour 100 g de produit : prot\u00e9ines &#8211; 7,6 g, graisses &#8211; 63,2 g, hydrates de carbone &#8211; 20,9 g. Valeur \u00e9nerg\u00e9tique &#8211; 471 kcal. Barre de caramel enrob\u00e9e de chocolat au lait avec nougat. Ingr\u00e9dients : Sucre, sirop de glucose, lait entier en poudre, lait \u00e9cr\u00e9m\u00e9 en poudre, huile de tournesol raffin\u00e9e et d\u00e9sodoris\u00e9e, huile de palme, poudre d&rsquo;\u0153uf sec, l\u00e9cithine (E322), cacao en poudre, liqueur de chocolat, beurre de cacao, sel, carbonate de sodium (E500), ar\u00f4mes naturels \u00ab\u00a0Chocolat\u00a0\u00bb, \u00ab\u00a0Caramel\u00a0\u00bb, \u00e9dulcorant sorbitol (E420). Valeur nutritionnelle pour 100 g de produit : prot\u00e9ines &#8211; 3,9 g, graisses &#8211; 16,0 g, hydrates de carbone &#8211; 72,0 g. Valeur \u00e9nerg\u00e9tique &#8211; 445 kcal. La date de fabrication et la date de p\u00e9remption sont indiqu\u00e9es sur l&#8217;emballage. Conditions de stockage : conserver \u00e0 une temp\u00e9rature de 18\u00b13\u00baC et \u00e0 une humidit\u00e9 relative maximale de 75%. Nos produits ne contiennent pas de graisse de porc. Le produit est certifi\u00e9. Ne contient pas d&rsquo;OGM.<\/p>\n<p>Volume de la bo\u00eete : 0,023 M3<\/p>\n<p>Poids brut de la bo\u00eete : 3,3 kg<\/p>\n<p>Dur\u00e9e de conservation : 18 mois<\/p>\n","protected":false},"excerpt":{"rendered":"<p>Tablettes de chocolat du Nouvel An 125 gr<\/p>\n<p>18 blocs dans une bo\u00eete.<\/p>\n","protected":false},"featured_media":4246,"comment_status":"open","ping_status":"closed","template":"","meta":{"_acf_changed":false},"brand":[272],"product_cat":[301],"product_tag":[],"class_list":{"0":"post-5683","1":"product","2":"type-product","3":"status-publish","4":"has-post-thumbnail","6":"brand-altyn-yunus-fr","7":"product_cat-chocolat","9":"first","10":"instock","11":"shipping-taxable","12":"purchasable","13":"product-type-simple"},"acf":[],"_links":{"self":[{"href":"https:\/\/turkmenexporter.com\/fr\/wp-json\/wp\/v2\/product\/5683","targetHints":{"allow":["GET"]}}],"collection":[{"href":"https:\/\/turkmenexporter.com\/fr\/wp-json\/wp\/v2\/product"}],"about":[{"href":"https:\/\/turkmenexporter.com\/fr\/wp-json\/wp\/v2\/types\/product"}],"replies":[{"embeddable":true,"href":"https:\/\/turkmenexporter.com\/fr\/wp-json\/wp\/v2\/comments?post=5683"}],"version-history":[{"count":1,"href":"https:\/\/turkmenexporter.com\/fr\/wp-json\/wp\/v2\/product\/5683\/revisions"}],"predecessor-version":[{"id":8229,"href":"https:\/\/turkmenexporter.com\/fr\/wp-json\/wp\/v2\/product\/5683\/revisions\/8229"}],"wp:featuredmedia":[{"embeddable":true,"href":"https:\/\/turkmenexporter.com\/fr\/wp-json\/wp\/v2\/media\/4246"}],"wp:attachment":[{"href":"https:\/\/turkmenexporter.com\/fr\/wp-json\/wp\/v2\/media?parent=5683"}],"wp:term":[{"taxonomy":"brand","embeddable":true,"href":"https:\/\/turkmenexporter.com\/fr\/wp-json\/wp\/v2\/brand?post=5683"},{"taxonomy":"product_cat","embeddable":true,"href":"https:\/\/turkmenexporter.com\/fr\/wp-json\/wp\/v2\/product_cat?post=5683"},{"taxonomy":"product_tag","embeddable":true,"href":"https:\/\/turkmenexporter.com\/fr\/wp-json\/wp\/v2\/product_tag?post=5683"}],"curies":[{"name":"wp","href":"https:\/\/api.w.org\/{rel}","templated":true}]}}