{"id":5684,"date":"2024-03-09T19:35:56","date_gmt":"2024-03-09T14:35:56","guid":{"rendered":"https:\/\/turkmenexporter.com\/product\/springa-mini-bonbons-au-chocolat-avec-cacahuetes-et-caramel\/"},"modified":"2024-09-17T19:29:07","modified_gmt":"2024-09-17T14:29:07","slug":"springa-mini-bonbons-au-chocolat-avec-cacahuetes-et-caramel","status":"publish","type":"product","link":"https:\/\/turkmenexporter.com\/fr\/produit\/springa-mini-bonbons-au-chocolat-avec-cacahuetes-et-caramel\/","title":{"rendered":"SPRINGA MINI bonbons au chocolat avec cacahu\u00e8tes et caramel"},"content":{"rendered":"<p>Barre de caramel enrob\u00e9e de chocolat au lait avec cacahu\u00e8tes \u00ab\u00a0Springa\u00a0\u00bb. Ingr\u00e9dients : Sucre, arachide, sirop de glucose, lait entier en poudre, lait \u00e9cr\u00e9m\u00e9 en poudre, huile de tournesol raffin\u00e9e et d\u00e9sodoris\u00e9e, huile de palme, poudre d&rsquo;\u0153uf sec, l\u00e9cithine (E322), cacao en poudre, liqueur de chocolat, beurre de cacao, carbonate de sodium, (E500), ar\u00f4mes naturels \u00ab\u00a0Chocolat\u00a0\u00bb, \u00ab\u00a0Caramel\u00a0\u00bb, \u00e9dulcorant sorbitol (E420). Valeur nutritionnelle pour 100 g de produit : prot\u00e9ines &#8211; 7,6 g, graisses &#8211; 63,2 g, hydrates de carbone &#8211; 20,9 g. Valeur \u00e9nerg\u00e9tique &#8211; 471 kcal. La date de fabrication et la date de p\u00e9remption sont indiqu\u00e9es sur l&#8217;emballage. Conditions de stockage : conserver \u00e0 une temp\u00e9rature de 18\u00b13\u00baC et \u00e0 une humidit\u00e9 relative maximale de 75%. Nos produits ne contiennent pas de graisse de porc. Le produit est certifi\u00e9. Ne contient pas d&rsquo;OGM.<\/p>\n<p>Volume de la bo\u00eete : 0,024 M3<\/p>\n<p>Poids brut de la bo\u00eete : 5,6 kg<\/p>\n<p>Dur\u00e9e de conservation : 18 mois<\/p>\n","protected":false},"excerpt":{"rendered":"<p>Bonbons au chocolat avec cacahu\u00e8tes et caramel 500 gr<\/p>\n<p>10 paquets dans une bo\u00eete.<\/p>\n","protected":false},"featured_media":4396,"comment_status":"open","ping_status":"closed","template":"","meta":{"_acf_changed":false},"brand":[272],"product_cat":[301],"product_tag":[848],"class_list":{"0":"post-5684","1":"product","2":"type-product","3":"status-publish","4":"has-post-thumbnail","6":"brand-altyn-yunus-fr","7":"product_cat-chocolat","8":"product_tag-front-product-fr","10":"first","11":"instock","12":"shipping-taxable","13":"purchasable","14":"product-type-simple"},"acf":[],"_links":{"self":[{"href":"https:\/\/turkmenexporter.com\/fr\/wp-json\/wp\/v2\/product\/5684","targetHints":{"allow":["GET"]}}],"collection":[{"href":"https:\/\/turkmenexporter.com\/fr\/wp-json\/wp\/v2\/product"}],"about":[{"href":"https:\/\/turkmenexporter.com\/fr\/wp-json\/wp\/v2\/types\/product"}],"replies":[{"embeddable":true,"href":"https:\/\/turkmenexporter.com\/fr\/wp-json\/wp\/v2\/comments?post=5684"}],"version-history":[{"count":1,"href":"https:\/\/turkmenexporter.com\/fr\/wp-json\/wp\/v2\/product\/5684\/revisions"}],"predecessor-version":[{"id":10522,"href":"https:\/\/turkmenexporter.com\/fr\/wp-json\/wp\/v2\/product\/5684\/revisions\/10522"}],"wp:featuredmedia":[{"embeddable":true,"href":"https:\/\/turkmenexporter.com\/fr\/wp-json\/wp\/v2\/media\/4396"}],"wp:attachment":[{"href":"https:\/\/turkmenexporter.com\/fr\/wp-json\/wp\/v2\/media?parent=5684"}],"wp:term":[{"taxonomy":"brand","embeddable":true,"href":"https:\/\/turkmenexporter.com\/fr\/wp-json\/wp\/v2\/brand?post=5684"},{"taxonomy":"product_cat","embeddable":true,"href":"https:\/\/turkmenexporter.com\/fr\/wp-json\/wp\/v2\/product_cat?post=5684"},{"taxonomy":"product_tag","embeddable":true,"href":"https:\/\/turkmenexporter.com\/fr\/wp-json\/wp\/v2\/product_tag?post=5684"}],"curies":[{"name":"wp","href":"https:\/\/api.w.org\/{rel}","templated":true}]}}