{"id":5686,"date":"2024-03-09T19:35:57","date_gmt":"2024-03-09T14:35:57","guid":{"rendered":"https:\/\/turkmenexporter.com\/product\/barre-broly-a-la-noix-de-coco-enrobee-de-chocolat-au-lait\/"},"modified":"2024-09-17T19:29:06","modified_gmt":"2024-09-17T14:29:06","slug":"barre-broly-a-la-noix-de-coco-enrobee-de-chocolat-au-lait","status":"publish","type":"product","link":"https:\/\/turkmenexporter.com\/fr\/produit\/barre-broly-a-la-noix-de-coco-enrobee-de-chocolat-au-lait\/","title":{"rendered":"Barre BROLY \u00e0 la noix de coco enrob\u00e9e de chocolat au lait"},"content":{"rendered":"<p>Barre de noix de coco \u00ab\u00a0Broly\u00a0\u00bb enrob\u00e9e de chocolat au lait. Ingr\u00e9dients : flocons de noix de coco, huile de palme v\u00e9g\u00e9tale, poudre de cacao, liqueur de chocolat, beurre de cacao, lait \u00e9cr\u00e9m\u00e9 en poudre 1,5%, lactos\u00e9rum de lait, glucoze, sel de table, \u00e9mulsifiant l\u00e9cithine E322, conservateur glic\u00e9rine E422, conservateur gliserol E202, gomme xanthane E415, ar\u00f4mes \u00ab\u00a0noix de coco\u00a0\u00bb, vanille et \u00ab\u00a0chocolat\u00a0\u00bb identiques aux ar\u00f4mes naturels. Valeur nutritionnelle pour 100 g de produit : prot\u00e9ines &#8211; 63 g, graisses &#8211; 31,9 g, hydrates de carbone &#8211; 57,5 g. Valeur \u00e9nerg\u00e9tique &#8211; 542,3 kcal. La date de fabrication et la date de p\u00e9remption sont indiqu\u00e9es sur l&#8217;emballage. Conditions de stockage : conserver \u00e0 une temp\u00e9rature de 18\u00b13\u00baC et \u00e0 une humidit\u00e9 relative maximale de 75%. Nos produits ne contiennent pas de graisse de porc. Le produit est certifi\u00e9. Ne contient pas d&rsquo;OGM.<\/p>\n<p>Volume de la bo\u00eete : 0,018 M3<\/p>\n<p>Poids brut de la bo\u00eete : 9 kg<\/p>\n<p>Dur\u00e9e de conservation : 18 mois<\/p>\n","protected":false},"excerpt":{"rendered":"<p>Barre de noix de coco enrob\u00e9e de chocolat au lait 30 gr<\/p>\n<p>24 pi\u00e8ces par bloc. 12 blocs dans une bo\u00eete.<\/p>\n","protected":false},"featured_media":4258,"comment_status":"open","ping_status":"closed","template":"","meta":{"_acf_changed":false},"brand":[272],"product_cat":[301],"product_tag":[848],"class_list":{"0":"post-5686","1":"product","2":"type-product","3":"status-publish","4":"has-post-thumbnail","6":"brand-altyn-yunus-fr","7":"product_cat-chocolat","8":"product_tag-front-product-fr","10":"first","11":"instock","12":"shipping-taxable","13":"purchasable","14":"product-type-simple"},"acf":[],"_links":{"self":[{"href":"https:\/\/turkmenexporter.com\/fr\/wp-json\/wp\/v2\/product\/5686","targetHints":{"allow":["GET"]}}],"collection":[{"href":"https:\/\/turkmenexporter.com\/fr\/wp-json\/wp\/v2\/product"}],"about":[{"href":"https:\/\/turkmenexporter.com\/fr\/wp-json\/wp\/v2\/types\/product"}],"replies":[{"embeddable":true,"href":"https:\/\/turkmenexporter.com\/fr\/wp-json\/wp\/v2\/comments?post=5686"}],"version-history":[{"count":1,"href":"https:\/\/turkmenexporter.com\/fr\/wp-json\/wp\/v2\/product\/5686\/revisions"}],"predecessor-version":[{"id":10512,"href":"https:\/\/turkmenexporter.com\/fr\/wp-json\/wp\/v2\/product\/5686\/revisions\/10512"}],"wp:featuredmedia":[{"embeddable":true,"href":"https:\/\/turkmenexporter.com\/fr\/wp-json\/wp\/v2\/media\/4258"}],"wp:attachment":[{"href":"https:\/\/turkmenexporter.com\/fr\/wp-json\/wp\/v2\/media?parent=5686"}],"wp:term":[{"taxonomy":"brand","embeddable":true,"href":"https:\/\/turkmenexporter.com\/fr\/wp-json\/wp\/v2\/brand?post=5686"},{"taxonomy":"product_cat","embeddable":true,"href":"https:\/\/turkmenexporter.com\/fr\/wp-json\/wp\/v2\/product_cat?post=5686"},{"taxonomy":"product_tag","embeddable":true,"href":"https:\/\/turkmenexporter.com\/fr\/wp-json\/wp\/v2\/product_tag?post=5686"}],"curies":[{"name":"wp","href":"https:\/\/api.w.org\/{rel}","templated":true}]}}