{"id":5687,"date":"2024-03-09T19:35:58","date_gmt":"2024-03-09T14:35:58","guid":{"rendered":"https:\/\/turkmenexporter.com\/product\/brilliant-bonbons-au-chocolat-au-lait-fourres-au-caramel\/"},"modified":"2024-09-17T19:29:05","modified_gmt":"2024-09-17T14:29:05","slug":"brilliant-bonbons-au-chocolat-au-lait-fourres-au-caramel","status":"publish","type":"product","link":"https:\/\/turkmenexporter.com\/fr\/produit\/brilliant-bonbons-au-chocolat-au-lait-fourres-au-caramel\/","title":{"rendered":"BRILLIANT bonbons au chocolat au lait fourr\u00e9s au caramel"},"content":{"rendered":"<p>Bonbon au chocolat au lait \u00ab\u00a0brillant\u00a0\u00bb fourr\u00e9 au caramel. Ingr\u00e9dients : Sucre, p\u00e2te de cacao, beurre de cacao, huile v\u00e9g\u00e9tale (palme), m\u00e9lasse, lait entier en poudre, lait \u00e9cr\u00e9m\u00e9 en poudre, lactos\u00e9rum en poudre, \u00e9mulsifiant l\u00e9cithine de soja E322, sel alimentaire, poudre d&rsquo;\u00e9thylvaniline, ar\u00f4me identique au \u00ab\u00a0chocolat\u00a0\u00bb naturel. La teneur en r\u00e9sidu sec total de cacao n&rsquo;est pas inf\u00e9rieure \u00e0 25 %. Valeur nutritionnelle pour 100 g de produit : prot\u00e9ines &#8211; 7,7 g, graisses &#8211; 28,0 g, hydrates de carbone &#8211; 53,0 g. Valeur \u00e9nerg\u00e9tique &#8211; 499 kcal. Bonbon au chocolat noir \u00ab\u00a0brillant\u00a0\u00bb fourr\u00e9 au caramel. Ingr\u00e9dients : Sucre, p\u00e2te de cacao, substitut de beurre de cacao, huile v\u00e9g\u00e9tale (palme), m\u00e9lasse, lait \u00e9cr\u00e9m\u00e9 en poudre, \u00e9mulsifiant l\u00e9cithine de soja E322, sel, poudre d&rsquo;\u00e9thylvaniline, ar\u00f4me identique au \u00ab\u00a0chocolat\u00a0\u00bb naturel. La teneur en r\u00e9sidu sec total de cacao n&rsquo;est pas inf\u00e9rieure \u00e0 40 %. Valeur nutritionnelle pour 100 g de produit : prot\u00e9ines &#8211; 8,0 g, graisses &#8211; 28,0 g, hydrates de carbone &#8211; 63,5 g. Valeur \u00e9nerg\u00e9tique &#8211; 538 kcal. Peut contenir des traces de produits laitiers, d&rsquo;arachides et d&rsquo;autres fruits \u00e0 coque. Aucun de nos produits ne contient d&rsquo;alcool ajout\u00e9 ou de saindoux. La date de fabrication et la date de p\u00e9remption sont indiqu\u00e9es sur l&#8217;emballage. Conditions de stockage : entre +5\u00baC et +22\u00baC et une humidit\u00e9 relative de l&rsquo;air ne d\u00e9passant pas 70%. Sans OGM. Le produit est certifi\u00e9.<\/p>\n<p>Volume de la bo\u00eete : 0,067 M3<\/p>\n<p>Poids brut de la bo\u00eete : 7,1 kg <\/p>\n<p>Dur\u00e9e de conservation : 18 mois<\/p>\n","protected":false},"excerpt":{"rendered":"<p>Bonbons au chocolat au lait fourr\u00e9s au caramel 170 gr<\/p>\n<p>12 blocs dans une bo\u00eete.<\/p>\n","protected":false},"featured_media":4282,"comment_status":"open","ping_status":"closed","template":"","meta":{"_acf_changed":false},"brand":[272],"product_cat":[301],"product_tag":[848],"class_list":{"0":"post-5687","1":"product","2":"type-product","3":"status-publish","4":"has-post-thumbnail","6":"brand-altyn-yunus-fr","7":"product_cat-chocolat","8":"product_tag-front-product-fr","10":"first","11":"instock","12":"shipping-taxable","13":"purchasable","14":"product-type-simple"},"acf":[],"_links":{"self":[{"href":"https:\/\/turkmenexporter.com\/fr\/wp-json\/wp\/v2\/product\/5687","targetHints":{"allow":["GET"]}}],"collection":[{"href":"https:\/\/turkmenexporter.com\/fr\/wp-json\/wp\/v2\/product"}],"about":[{"href":"https:\/\/turkmenexporter.com\/fr\/wp-json\/wp\/v2\/types\/product"}],"replies":[{"embeddable":true,"href":"https:\/\/turkmenexporter.com\/fr\/wp-json\/wp\/v2\/comments?post=5687"}],"version-history":[{"count":1,"href":"https:\/\/turkmenexporter.com\/fr\/wp-json\/wp\/v2\/product\/5687\/revisions"}],"predecessor-version":[{"id":10507,"href":"https:\/\/turkmenexporter.com\/fr\/wp-json\/wp\/v2\/product\/5687\/revisions\/10507"}],"wp:featuredmedia":[{"embeddable":true,"href":"https:\/\/turkmenexporter.com\/fr\/wp-json\/wp\/v2\/media\/4282"}],"wp:attachment":[{"href":"https:\/\/turkmenexporter.com\/fr\/wp-json\/wp\/v2\/media?parent=5687"}],"wp:term":[{"taxonomy":"brand","embeddable":true,"href":"https:\/\/turkmenexporter.com\/fr\/wp-json\/wp\/v2\/brand?post=5687"},{"taxonomy":"product_cat","embeddable":true,"href":"https:\/\/turkmenexporter.com\/fr\/wp-json\/wp\/v2\/product_cat?post=5687"},{"taxonomy":"product_tag","embeddable":true,"href":"https:\/\/turkmenexporter.com\/fr\/wp-json\/wp\/v2\/product_tag?post=5687"}],"curies":[{"name":"wp","href":"https:\/\/api.w.org\/{rel}","templated":true}]}}