{"id":5688,"date":"2024-03-09T19:35:58","date_gmt":"2024-03-09T14:35:58","guid":{"rendered":"https:\/\/turkmenexporter.com\/product\/barre-de-nougat-bruno\/"},"modified":"2024-09-17T19:29:05","modified_gmt":"2024-09-17T14:29:05","slug":"barre-de-nougat-bruno","status":"publish","type":"product","link":"https:\/\/turkmenexporter.com\/fr\/produit\/barre-de-nougat-bruno\/","title":{"rendered":"Barre de nougat BRUNO"},"content":{"rendered":"<p>Barre de nougat enrob\u00e9e de gla\u00e7age de confiserie \u00ab\u00a0Bruno\u00a0\u00bb. Ingr\u00e9dients : sucre, sirop de glucose, lait entier en poudre, lait \u00e9cr\u00e9m\u00e9 en poudre, graisse v\u00e9g\u00e9tale raffin\u00e9e d\u00e9sodoris\u00e9e (huile de tournesol, huile de palme), poudre d&rsquo;\u0153uf, l\u00e9cithine (E322), poudre de cacao, carbonate de sodium (E500), ar\u00f4mes naturels \u00ab\u00a0Chocolat\u00a0\u00bb, sorbitol. Valeur nutritionnelle pour 100 g de produit : prot\u00e9ines &#8211; 7,6 g, graisses &#8211; 20,9 g, hydrates de carbone &#8211; 63,2 g. Valeur \u00e9nerg\u00e9tique &#8211; 471 kcal. La date de fabrication et la date de p\u00e9remption sont indiqu\u00e9es sur l&#8217;emballage. Conditions de stockage : conserver \u00e0 18\u00b13\u00baC et humidit\u00e9 relative max 75%. Sans OGM. Conserver dans un endroit frais et sec. Produit certifi\u00e9.<\/p>\n<p>Volume de la bo\u00eete : 0,01 M3<\/p>\n<p>Poids brut de la bo\u00eete : 3,5 kg <\/p>\n<p>Dur\u00e9e de conservation : 18 mois<\/p>\n","protected":false},"excerpt":{"rendered":"<p>Barre de nougat enrob\u00e9e de gla\u00e7age de confiserie 20 gr<\/p>\n<p>24 pi\u00e8ces par bloc. 6 blocs dans une bo\u00eete.<\/p>\n","protected":false},"featured_media":4294,"comment_status":"open","ping_status":"closed","template":"","meta":{"_acf_changed":false},"brand":[272],"product_cat":[301],"product_tag":[],"class_list":{"0":"post-5688","1":"product","2":"type-product","3":"status-publish","4":"has-post-thumbnail","6":"brand-altyn-yunus-fr","7":"product_cat-chocolat","9":"first","10":"instock","11":"shipping-taxable","12":"purchasable","13":"product-type-simple"},"acf":[],"_links":{"self":[{"href":"https:\/\/turkmenexporter.com\/fr\/wp-json\/wp\/v2\/product\/5688","targetHints":{"allow":["GET"]}}],"collection":[{"href":"https:\/\/turkmenexporter.com\/fr\/wp-json\/wp\/v2\/product"}],"about":[{"href":"https:\/\/turkmenexporter.com\/fr\/wp-json\/wp\/v2\/types\/product"}],"replies":[{"embeddable":true,"href":"https:\/\/turkmenexporter.com\/fr\/wp-json\/wp\/v2\/comments?post=5688"}],"version-history":[{"count":1,"href":"https:\/\/turkmenexporter.com\/fr\/wp-json\/wp\/v2\/product\/5688\/revisions"}],"predecessor-version":[{"id":10506,"href":"https:\/\/turkmenexporter.com\/fr\/wp-json\/wp\/v2\/product\/5688\/revisions\/10506"}],"wp:featuredmedia":[{"embeddable":true,"href":"https:\/\/turkmenexporter.com\/fr\/wp-json\/wp\/v2\/media\/4294"}],"wp:attachment":[{"href":"https:\/\/turkmenexporter.com\/fr\/wp-json\/wp\/v2\/media?parent=5688"}],"wp:term":[{"taxonomy":"brand","embeddable":true,"href":"https:\/\/turkmenexporter.com\/fr\/wp-json\/wp\/v2\/brand?post=5688"},{"taxonomy":"product_cat","embeddable":true,"href":"https:\/\/turkmenexporter.com\/fr\/wp-json\/wp\/v2\/product_cat?post=5688"},{"taxonomy":"product_tag","embeddable":true,"href":"https:\/\/turkmenexporter.com\/fr\/wp-json\/wp\/v2\/product_tag?post=5688"}],"curies":[{"name":"wp","href":"https:\/\/api.w.org\/{rel}","templated":true}]}}