{"id":5690,"date":"2024-03-09T19:35:59","date_gmt":"2024-03-09T14:35:59","guid":{"rendered":"https:\/\/turkmenexporter.com\/product\/barre-de-nougat-au-chocolat-rast\/"},"modified":"2024-09-17T19:29:04","modified_gmt":"2024-09-17T14:29:04","slug":"barre-de-nougat-au-chocolat-rast","status":"publish","type":"product","link":"https:\/\/turkmenexporter.com\/fr\/produit\/barre-de-nougat-au-chocolat-rast\/","title":{"rendered":"Barre de nougat au chocolat RAST"},"content":{"rendered":"<p>Barre \u00ab\u00a0Rast\u00a0\u00bb avec nougat au chocolat glac\u00e9 avec un gla\u00e7age de confiserie. Ingr\u00e9dients : sucre en poudre, substitut de beurre de cacao, lait \u00e9cr\u00e9m\u00e9 en poudre, cacao en poudre, glucose, huile de palme, fructose, blanc d&rsquo;\u0153uf en poudre, \u00e9mulsifiant l\u00e9cithine de soja E322, ar\u00f4me de vanille identique au naturel, sel comestible. Valeur nutritionnelle pour 100 g de produit : prot\u00e9ines &#8211; 7,6 g, graisses &#8211; 20,9 g, hydrates de carbone &#8211; 63,2 g. Valeur \u00e9nerg\u00e9tique &#8211; 471 kcal. La date de fabrication et la date de p\u00e9remption sont indiqu\u00e9es sur l&#8217;emballage. Conditions de stockage : conserver \u00e0 18\u00b13\u00baC et humidit\u00e9 relative max 75%. Sans OGM. Conserver dans un endroit frais et sec. Produit certifi\u00e9.<\/p>\n<p>Volume de la bo\u00eete : 0,009 M3<\/p>\n<p>Poids brut de la bo\u00eete : 3,5 kg <\/p>\n<p>Dur\u00e9e de conservation : 18 mois<\/p>\n","protected":false},"excerpt":{"rendered":"<p>Barre de nougat au chocolat avec gla\u00e7age de confiserie 20 gr<\/p>\n<p>24 pi\u00e8ces par bloc. 6 blocs dans une bo\u00eete.<\/p>\n","protected":false},"featured_media":5110,"comment_status":"open","ping_status":"closed","template":"","meta":{"_acf_changed":false},"brand":[272],"product_cat":[301],"product_tag":[848],"class_list":{"0":"post-5690","1":"product","2":"type-product","3":"status-publish","4":"has-post-thumbnail","6":"brand-altyn-yunus-fr","7":"product_cat-chocolat","8":"product_tag-front-product-fr","10":"first","11":"instock","12":"shipping-taxable","13":"purchasable","14":"product-type-simple"},"acf":[],"_links":{"self":[{"href":"https:\/\/turkmenexporter.com\/fr\/wp-json\/wp\/v2\/product\/5690","targetHints":{"allow":["GET"]}}],"collection":[{"href":"https:\/\/turkmenexporter.com\/fr\/wp-json\/wp\/v2\/product"}],"about":[{"href":"https:\/\/turkmenexporter.com\/fr\/wp-json\/wp\/v2\/types\/product"}],"replies":[{"embeddable":true,"href":"https:\/\/turkmenexporter.com\/fr\/wp-json\/wp\/v2\/comments?post=5690"}],"version-history":[{"count":1,"href":"https:\/\/turkmenexporter.com\/fr\/wp-json\/wp\/v2\/product\/5690\/revisions"}],"predecessor-version":[{"id":10496,"href":"https:\/\/turkmenexporter.com\/fr\/wp-json\/wp\/v2\/product\/5690\/revisions\/10496"}],"wp:featuredmedia":[{"embeddable":true,"href":"https:\/\/turkmenexporter.com\/fr\/wp-json\/wp\/v2\/media\/5110"}],"wp:attachment":[{"href":"https:\/\/turkmenexporter.com\/fr\/wp-json\/wp\/v2\/media?parent=5690"}],"wp:term":[{"taxonomy":"brand","embeddable":true,"href":"https:\/\/turkmenexporter.com\/fr\/wp-json\/wp\/v2\/brand?post=5690"},{"taxonomy":"product_cat","embeddable":true,"href":"https:\/\/turkmenexporter.com\/fr\/wp-json\/wp\/v2\/product_cat?post=5690"},{"taxonomy":"product_tag","embeddable":true,"href":"https:\/\/turkmenexporter.com\/fr\/wp-json\/wp\/v2\/product_tag?post=5690"}],"curies":[{"name":"wp","href":"https:\/\/api.w.org\/{rel}","templated":true}]}}