{"id":5691,"date":"2024-03-09T19:36:00","date_gmt":"2024-03-09T14:36:00","guid":{"rendered":"https:\/\/turkmenexporter.com\/product\/bashlik-chocolat-noir\/"},"modified":"2024-09-17T19:29:03","modified_gmt":"2024-09-17T14:29:03","slug":"bashlik-chocolat-noir","status":"publish","type":"product","link":"https:\/\/turkmenexporter.com\/fr\/produit\/bashlik-chocolat-noir\/","title":{"rendered":"BASHLIK chocolat noir"},"content":{"rendered":"<p>Chocolat noir \u00ab\u00a0Bashlik\u00a0\u00bb. Ingr\u00e9dients : sucre, substitut de beurre de cacao, poudre de cacao, graisse de coco, \u00e9mulsifiant E322 l\u00e9cithine, ar\u00f4me \u00ab\u00a0Vanilline\u00a0\u00bb identique au naturel. Nos produits ne contiennent pas de graisse de porc. La date de fabrication et la date de p\u00e9remption sont indiqu\u00e9es sur l&#8217;emballage. Conditions de stockage : conserver \u00e0 une temp\u00e9rature de +5\u00baC \u00e0 +22\u00baC et une humidit\u00e9 relative de l&rsquo;air ne d\u00e9passant pas 70%. Le produit est certifi\u00e9. Ne contient pas d&rsquo;OGM. Valeur nutritionnelle pour 100 g de produit : prot\u00e9ines &#8211; 2,0 g, graisses &#8211; 30,0 g, hydrates de carbone &#8211; 65,0 g. Valeur \u00e9nerg\u00e9tique &#8211; 540 kcal.<\/p>\n<p>Volume de la bo\u00eete : 0,014 M3<\/p>\n<p>Poids brut de la bo\u00eete : 6,7 kg <\/p>\n<p>Dur\u00e9e de conservation : 18 mois<\/p>\n","protected":false},"excerpt":{"rendered":"<p>Tablette de chocolat noir 20 gr<\/p>\n<p>24 pi\u00e8ces par bloc. 10 blocs dans une bo\u00eete.<\/p>\n","protected":false},"featured_media":4324,"comment_status":"open","ping_status":"closed","template":"","meta":{"_acf_changed":false},"brand":[272],"product_cat":[301],"product_tag":[],"class_list":{"0":"post-5691","1":"product","2":"type-product","3":"status-publish","4":"has-post-thumbnail","6":"brand-altyn-yunus-fr","7":"product_cat-chocolat","9":"first","10":"instock","11":"shipping-taxable","12":"purchasable","13":"product-type-simple"},"acf":[],"_links":{"self":[{"href":"https:\/\/turkmenexporter.com\/fr\/wp-json\/wp\/v2\/product\/5691","targetHints":{"allow":["GET"]}}],"collection":[{"href":"https:\/\/turkmenexporter.com\/fr\/wp-json\/wp\/v2\/product"}],"about":[{"href":"https:\/\/turkmenexporter.com\/fr\/wp-json\/wp\/v2\/types\/product"}],"replies":[{"embeddable":true,"href":"https:\/\/turkmenexporter.com\/fr\/wp-json\/wp\/v2\/comments?post=5691"}],"version-history":[{"count":1,"href":"https:\/\/turkmenexporter.com\/fr\/wp-json\/wp\/v2\/product\/5691\/revisions"}],"predecessor-version":[{"id":5692,"href":"https:\/\/turkmenexporter.com\/fr\/wp-json\/wp\/v2\/product\/5691\/revisions\/5692"}],"wp:featuredmedia":[{"embeddable":true,"href":"https:\/\/turkmenexporter.com\/fr\/wp-json\/wp\/v2\/media\/4324"}],"wp:attachment":[{"href":"https:\/\/turkmenexporter.com\/fr\/wp-json\/wp\/v2\/media?parent=5691"}],"wp:term":[{"taxonomy":"brand","embeddable":true,"href":"https:\/\/turkmenexporter.com\/fr\/wp-json\/wp\/v2\/brand?post=5691"},{"taxonomy":"product_cat","embeddable":true,"href":"https:\/\/turkmenexporter.com\/fr\/wp-json\/wp\/v2\/product_cat?post=5691"},{"taxonomy":"product_tag","embeddable":true,"href":"https:\/\/turkmenexporter.com\/fr\/wp-json\/wp\/v2\/product_tag?post=5691"}],"curies":[{"name":"wp","href":"https:\/\/api.w.org\/{rel}","templated":true}]}}