{"id":5693,"date":"2024-03-09T19:36:01","date_gmt":"2024-03-09T14:36:01","guid":{"rendered":"https:\/\/turkmenexporter.com\/product\/barres-de-noix-de-coco-cocosan-enrobees-de-chocolat\/"},"modified":"2024-09-17T19:29:02","modified_gmt":"2024-09-17T14:29:02","slug":"barres-de-noix-de-coco-cocosan-enrobees-de-chocolat","status":"publish","type":"product","link":"https:\/\/turkmenexporter.com\/fr\/produit\/barres-de-noix-de-coco-cocosan-enrobees-de-chocolat\/","title":{"rendered":"Barres de noix de coco COCOSAN enrob\u00e9es de chocolat"},"content":{"rendered":"<p>Bonbons \u00e0 la noix de coco \u00ab\u00a0Cocosan\u00a0\u00bb recouverts d&rsquo;un gla\u00e7age de confiserie. Ingr\u00e9dients : flocons de noix de coco, glucoze, huile v\u00e9g\u00e9tale (palme), poudre de cacao, lait \u00e9cr\u00e9m\u00e9 en poudre, \u00e9mulsifiant r\u00e9tenteur d&rsquo;eau E422, sorbate de potassium E202, sel, lactos\u00e9rum, \u00e9paississant gomme xanthane E415, \u00e9mulsifiant l\u00e9cithine de soja E322, ar\u00f4me identique au naturel \u00ab\u00a0Coconut\u00a0\u00bb, ar\u00f4me identique au naturel \u00ab\u00a0Vanilin\u00a0\u00bb, ar\u00f4me identique au naturel \u00ab\u00a0Chocolat\u00a0\u00bb. Valeur nutritionnelle pour 100 g de produit : prot\u00e9ines &#8211; 3 g, graisses &#8211; 3,4 g, hydrates de carbone &#8211; 10 g. Valeur \u00e9nerg\u00e9tique &#8211; 83 kcal. La date de fabrication et la date de p\u00e9remption sont indiqu\u00e9es sur l&#8217;emballage. Conditions de stockage : conserver \u00e0 une temp\u00e9rature de 18\u00b13\u00baC et \u00e0 une humidit\u00e9 relative maximale de 75%. Nos produits ne contiennent pas de graisse de porc. Le produit est certifi\u00e9. Ne contient pas d&rsquo;OGM.<\/p>\n<p>Volume de la bo\u00eete : 0,017 M3<\/p>\n<p>Poids brut de la bo\u00eete : 7 kg <\/p>\n<p>Dur\u00e9e de conservation : 18 mois<\/p>\n","protected":false},"excerpt":{"rendered":"<p>Barres de noix de coco enrob\u00e9es de chocolat 30 gr<\/p>\n<p>18 pi\u00e8ces par bloc. 12 blocs dans une bo\u00eete.<\/p>\n","protected":false},"featured_media":4288,"comment_status":"open","ping_status":"closed","template":"","meta":{"_acf_changed":false},"brand":[272],"product_cat":[301],"product_tag":[848],"class_list":{"0":"post-5693","1":"product","2":"type-product","3":"status-publish","4":"has-post-thumbnail","6":"brand-altyn-yunus-fr","7":"product_cat-chocolat","8":"product_tag-front-product-fr","10":"first","11":"instock","12":"shipping-taxable","13":"purchasable","14":"product-type-simple"},"acf":[],"_links":{"self":[{"href":"https:\/\/turkmenexporter.com\/fr\/wp-json\/wp\/v2\/product\/5693","targetHints":{"allow":["GET"]}}],"collection":[{"href":"https:\/\/turkmenexporter.com\/fr\/wp-json\/wp\/v2\/product"}],"about":[{"href":"https:\/\/turkmenexporter.com\/fr\/wp-json\/wp\/v2\/types\/product"}],"replies":[{"embeddable":true,"href":"https:\/\/turkmenexporter.com\/fr\/wp-json\/wp\/v2\/comments?post=5693"}],"version-history":[{"count":1,"href":"https:\/\/turkmenexporter.com\/fr\/wp-json\/wp\/v2\/product\/5693\/revisions"}],"predecessor-version":[{"id":10484,"href":"https:\/\/turkmenexporter.com\/fr\/wp-json\/wp\/v2\/product\/5693\/revisions\/10484"}],"wp:featuredmedia":[{"embeddable":true,"href":"https:\/\/turkmenexporter.com\/fr\/wp-json\/wp\/v2\/media\/4288"}],"wp:attachment":[{"href":"https:\/\/turkmenexporter.com\/fr\/wp-json\/wp\/v2\/media?parent=5693"}],"wp:term":[{"taxonomy":"brand","embeddable":true,"href":"https:\/\/turkmenexporter.com\/fr\/wp-json\/wp\/v2\/brand?post=5693"},{"taxonomy":"product_cat","embeddable":true,"href":"https:\/\/turkmenexporter.com\/fr\/wp-json\/wp\/v2\/product_cat?post=5693"},{"taxonomy":"product_tag","embeddable":true,"href":"https:\/\/turkmenexporter.com\/fr\/wp-json\/wp\/v2\/product_tag?post=5693"}],"curies":[{"name":"wp","href":"https:\/\/api.w.org\/{rel}","templated":true}]}}