{"id":5695,"date":"2024-03-09T19:36:02","date_gmt":"2024-03-09T14:36:02","guid":{"rendered":"https:\/\/turkmenexporter.com\/product\/bonbons-au-chocolat-poema-fourres-au-caramel\/"},"modified":"2024-09-17T19:29:01","modified_gmt":"2024-09-17T14:29:01","slug":"bonbons-au-chocolat-poema-fourres-au-caramel","status":"publish","type":"product","link":"https:\/\/turkmenexporter.com\/fr\/produit\/bonbons-au-chocolat-poema-fourres-au-caramel\/","title":{"rendered":"Bonbons au chocolat POEMA fourr\u00e9s au caramel"},"content":{"rendered":"<p>Bonbons au chocolat au lait \u00ab\u00a0Poema\u00a0\u00bb fourr\u00e9s au caramel. Ingr\u00e9dients : Sucre, substitut de beurre de cacao, huile v\u00e9g\u00e9tale (de palme), poudre de cacao, m\u00e9lasse, lactos\u00e9rum en poudre, lait \u00e9cr\u00e9m\u00e9 en poudre, \u00e9mulsifiant l\u00e9cithine de soja E322, sel, poudre d&rsquo;\u00e9thylvaniline, ar\u00f4me identique au \u00ab\u00a0chocolat\u00a0\u00bb naturel. La teneur en r\u00e9sidu sec total de cacao n&rsquo;est pas inf\u00e9rieure \u00e0 25 %. Valeur nutritionnelle pour 100 g de produit : prot\u00e9ines &#8211; 7,7 g, graisses &#8211; 28,0 g, hydrates de carbone &#8211; 53,0 g. Valeur \u00e9nerg\u00e9tique &#8211; 499 kcal.<br \/>\nBonbons au chocolat noir \u00ab\u00a0Poema\u00a0\u00bb fourr\u00e9s au caramel. Ingr\u00e9dients : Sucre, substitut de beurre de cacao, huile v\u00e9g\u00e9tale (de palme), poudre de cacao, m\u00e9lasse, lait \u00e9cr\u00e9m\u00e9 en poudre, \u00e9mulsifiant l\u00e9cithine de soja E322, sel, poudre d&rsquo;\u00e9thylvaniline, ar\u00f4me identique au \u00ab\u00a0chocolat\u00a0\u00bb naturel. La teneur en r\u00e9sidu sec total de cacao n&rsquo;est pas inf\u00e9rieure \u00e0 40 %. Valeur nutritionnelle pour 100 g de produit : prot\u00e9ines &#8211; 8,0 g, graisses &#8211; 28,0 g, hydrates de carbone &#8211; 63,5 g. Valeur \u00e9nerg\u00e9tique &#8211; 538 kcal. Peut contenir des traces de produits laitiers, d&rsquo;arachides et d&rsquo;autres fruits \u00e0 coque. Aucun de nos produits ne contient d&rsquo;alcool ajout\u00e9 ou de saindoux. La date de fabrication et la date de p\u00e9remption sont indiqu\u00e9es sur l&#8217;emballage. Conditions de stockage : entre +5\u00baC et +22\u00baC et une humidit\u00e9 relative de l&rsquo;air ne d\u00e9passant pas 70%. Sans OGM. Le produit est certifi\u00e9.<\/p>\n<p>Volume de la bo\u00eete : 0,023 M3<\/p>\n<p>Poids brut de la bo\u00eete : 3,3 kg <\/p>\n<p>Dur\u00e9e de conservation : 18 mois<\/p>\n","protected":false},"excerpt":{"rendered":"<p>Bonbons au chocolat fourr\u00e9s au caramel pour le Nouvel An 110 gr.<br \/>\n18 blocs dans une bo\u00eete.<\/p>\n","protected":false},"featured_media":4348,"comment_status":"open","ping_status":"closed","template":"","meta":{"_acf_changed":false},"brand":[272],"product_cat":[301],"product_tag":[848],"class_list":{"0":"post-5695","1":"product","2":"type-product","3":"status-publish","4":"has-post-thumbnail","6":"brand-altyn-yunus-fr","7":"product_cat-chocolat","8":"product_tag-front-product-fr","10":"first","11":"instock","12":"shipping-taxable","13":"purchasable","14":"product-type-simple"},"acf":[],"_links":{"self":[{"href":"https:\/\/turkmenexporter.com\/fr\/wp-json\/wp\/v2\/product\/5695","targetHints":{"allow":["GET"]}}],"collection":[{"href":"https:\/\/turkmenexporter.com\/fr\/wp-json\/wp\/v2\/product"}],"about":[{"href":"https:\/\/turkmenexporter.com\/fr\/wp-json\/wp\/v2\/types\/product"}],"replies":[{"embeddable":true,"href":"https:\/\/turkmenexporter.com\/fr\/wp-json\/wp\/v2\/comments?post=5695"}],"version-history":[{"count":1,"href":"https:\/\/turkmenexporter.com\/fr\/wp-json\/wp\/v2\/product\/5695\/revisions"}],"predecessor-version":[{"id":10478,"href":"https:\/\/turkmenexporter.com\/fr\/wp-json\/wp\/v2\/product\/5695\/revisions\/10478"}],"wp:featuredmedia":[{"embeddable":true,"href":"https:\/\/turkmenexporter.com\/fr\/wp-json\/wp\/v2\/media\/4348"}],"wp:attachment":[{"href":"https:\/\/turkmenexporter.com\/fr\/wp-json\/wp\/v2\/media?parent=5695"}],"wp:term":[{"taxonomy":"brand","embeddable":true,"href":"https:\/\/turkmenexporter.com\/fr\/wp-json\/wp\/v2\/brand?post=5695"},{"taxonomy":"product_cat","embeddable":true,"href":"https:\/\/turkmenexporter.com\/fr\/wp-json\/wp\/v2\/product_cat?post=5695"},{"taxonomy":"product_tag","embeddable":true,"href":"https:\/\/turkmenexporter.com\/fr\/wp-json\/wp\/v2\/product_tag?post=5695"}],"curies":[{"name":"wp","href":"https:\/\/api.w.org\/{rel}","templated":true}]}}