{"id":5699,"date":"2024-03-09T19:36:04","date_gmt":"2024-03-09T14:36:04","guid":{"rendered":"https:\/\/turkmenexporter.com\/product\/melek-lapin-en-plastique-chocolate\/"},"modified":"2024-09-17T19:28:58","modified_gmt":"2024-09-17T14:28:58","slug":"melek-lapin-en-plastique-chocolate","status":"publish","type":"product","link":"https:\/\/turkmenexporter.com\/fr\/produit\/melek-lapin-en-plastique-chocolate\/","title":{"rendered":"MELEK lapin en plastique chocolat\u00e9"},"content":{"rendered":"<p>Oeuf en plastique \u00ab\u00a0Melek\u00a0\u00bb avec cr\u00e8me au lait et au chocolat et jouet \u00e0 l&rsquo;int\u00e9rieur. Ingr\u00e9dients : sucre en poudre, cacao en poudre, lait \u00e9cr\u00e9m\u00e9 en poudre, huile de palme et huile v\u00e9g\u00e9tale de palme, \u00e9mulsifiant l\u00e9cithine (E322), ar\u00f4mes identiques au naturel \u00ab\u00a0Noisette\u00a0\u00bb, \u00ab\u00a0Vanilin\u00a0\u00bb. Nos produits ne contiennent pas de graisse de porc. La date de fabrication et la date de p\u00e9remption sont indiqu\u00e9es sur l&#8217;emballage. Conditions de stockage : conserver \u00e0 une temp\u00e9rature de 18\u00b13\u00baC et une humidit\u00e9 relative de l&rsquo;air ne d\u00e9passant pas 75%. Le produit est certifi\u00e9. Ne contient pas d&rsquo;OGM. Valeur nutritionnelle pour 100 g de produit : prot\u00e9ines &#8211; 13,4 g, graisses &#8211; 18,5 g, hydrates de carbone &#8211; 62,4 g. Valeur \u00e9nerg\u00e9tique &#8211; 448,9 kcal.<\/p>\n<p>Volume de la bo\u00eete : 0,045 M3<\/p>\n<p>Poids brut de la bo\u00eete : 5,4 kg <\/p>\n<p>Dur\u00e9e de conservation : 18 mois<\/p>\n","protected":false},"excerpt":{"rendered":"<p>Lapin en plastique au chocolat 22 gr<\/p>\n<p>24 pi\u00e8ces par bloc. 6 blocs dans une bo\u00eete.<\/p>\n","protected":false},"featured_media":4372,"comment_status":"open","ping_status":"closed","template":"","meta":{"_acf_changed":false},"brand":[272],"product_cat":[301],"product_tag":[848],"class_list":{"0":"post-5699","1":"product","2":"type-product","3":"status-publish","4":"has-post-thumbnail","6":"brand-altyn-yunus-fr","7":"product_cat-chocolat","8":"product_tag-front-product-fr","10":"first","11":"instock","12":"shipping-taxable","13":"purchasable","14":"product-type-simple"},"acf":[],"_links":{"self":[{"href":"https:\/\/turkmenexporter.com\/fr\/wp-json\/wp\/v2\/product\/5699","targetHints":{"allow":["GET"]}}],"collection":[{"href":"https:\/\/turkmenexporter.com\/fr\/wp-json\/wp\/v2\/product"}],"about":[{"href":"https:\/\/turkmenexporter.com\/fr\/wp-json\/wp\/v2\/types\/product"}],"replies":[{"embeddable":true,"href":"https:\/\/turkmenexporter.com\/fr\/wp-json\/wp\/v2\/comments?post=5699"}],"version-history":[{"count":1,"href":"https:\/\/turkmenexporter.com\/fr\/wp-json\/wp\/v2\/product\/5699\/revisions"}],"predecessor-version":[{"id":10454,"href":"https:\/\/turkmenexporter.com\/fr\/wp-json\/wp\/v2\/product\/5699\/revisions\/10454"}],"wp:featuredmedia":[{"embeddable":true,"href":"https:\/\/turkmenexporter.com\/fr\/wp-json\/wp\/v2\/media\/4372"}],"wp:attachment":[{"href":"https:\/\/turkmenexporter.com\/fr\/wp-json\/wp\/v2\/media?parent=5699"}],"wp:term":[{"taxonomy":"brand","embeddable":true,"href":"https:\/\/turkmenexporter.com\/fr\/wp-json\/wp\/v2\/brand?post=5699"},{"taxonomy":"product_cat","embeddable":true,"href":"https:\/\/turkmenexporter.com\/fr\/wp-json\/wp\/v2\/product_cat?post=5699"},{"taxonomy":"product_tag","embeddable":true,"href":"https:\/\/turkmenexporter.com\/fr\/wp-json\/wp\/v2\/product_tag?post=5699"}],"curies":[{"name":"wp","href":"https:\/\/api.w.org\/{rel}","templated":true}]}}