{"id":5842,"date":"2024-03-09T19:36:07","date_gmt":"2024-03-09T14:36:07","guid":{"rendered":"https:\/\/turkmenexporter.com\/product\/bonbons-a-macher-toffee\/"},"modified":"2024-09-17T19:28:54","modified_gmt":"2024-09-17T14:28:54","slug":"bonbons-a-macher-toffee","status":"publish","type":"product","link":"https:\/\/turkmenexporter.com\/fr\/produit\/bonbons-a-macher-toffee\/","title":{"rendered":"Bonbons \u00e0 m\u00e2cher TOFFEE"},"content":{"rendered":"<p>M\u00e2cher des bonbons fourr\u00e9s \u00e0 la past\u00e8que. Ingr\u00e9dients : Huile de palme, \u00e9dulcorant sorbitol E420, g\u00e9latine, \u00e9mulsifiant glyc\u00e9rine monost\u00e9arate E471, r\u00e9gulateur d&rsquo;acidit\u00e9 acide citrique E330, substitut de sucre dextrose, poudre \u00e0 lever carbonate de sodium E500, \u00e9paississant gomme arabique E414, conservateur sorbate de potassium E202, maltodextrine (amidon de ma\u00efs), dextrus aromatique \u00ab\u00a0Past\u00e8que\u00a0\u00bb, \u00e9mulsifiant l\u00e9cithine E322, g\u00e9lifiant pectine E440, stabilisant citrate de sodium 3-substitu\u00e9 E331. M\u00e2cher des bonbons fourr\u00e9s \u00e0 la pomme. Ingr\u00e9dients : Huile de palme, \u00e9dulcorant sorbitol E420, g\u00e9latine, \u00e9mulsifiant glyc\u00e9rine monost\u00e9arate E471, r\u00e9gulateur d&rsquo;acidit\u00e9 acide citrique E330, substitut de sucre dextrose, poudre \u00e0 lever carbonate de sodium E500, \u00e9paississant gomme arabique E414, conservateur sorbate de potassium E202, maltodextrine (amidon de ma\u00efs), dextrus aromatique \u00ab\u00a0Pomme\u00a0\u00bb, \u00e9mulsifiant l\u00e9cithine E322, g\u00e9lifiant pectine E440, stabilisant citrate de sodium 3-substitu\u00e9 E331. M\u00e2cher des bonbons fourr\u00e9s \u00e0 la cerise. Ingr\u00e9dients : Huile de palme, \u00e9dulcorant sorbitol E420, g\u00e9latine, \u00e9mulsifiant glyc\u00e9rine monost\u00e9arate E471, r\u00e9gulateur d&rsquo;acidit\u00e9 acide citrique E330, substitut de sucre dextrose, poudre \u00e0 lever carbonate de sodium E500, \u00e9paississant gomme arabique E414, conservateur sorbate de potassium E202, maltodextrine (amidon de ma\u00efs), dextrus aromatique \u00ab\u00a0Cherry\u00a0\u00bb, \u00e9mulsifiant l\u00e9cithine E322, g\u00e9lifiant pectine E440, stabilisateur citrate de sodium 3-substitu\u00e9 E331. M\u00e2cher des bonbons fourr\u00e9s \u00e0 la mangue. Ingr\u00e9dients : Huile de palme, \u00e9dulcorant sorbitol E420, g\u00e9latine, \u00e9mulsifiant glyc\u00e9rine monost\u00e9arate E471, r\u00e9gulateur d&rsquo;acidit\u00e9 acide citrique E330, substitut de sucre dextrose, poudre \u00e0 lever carbonate de sodium E500, \u00e9paississant gomme arabique E414, conservateur sorbate de potassium E202, maltodextrine (amidon de ma\u00efs), dextrus aromatique \u00ab\u00a0Mango\u00a0\u00bb, \u00e9mulsifiant l\u00e9cithine E322, g\u00e9lifiant pectine E440, stabilisant citrate de sodium 3-substitu\u00e9 E331. M\u00e2cher des bonbons fourr\u00e9s \u00e0 la fraise. Ingr\u00e9dients : Huile de palme, \u00e9dulcorant sorbitol E420, g\u00e9latine, \u00e9mulsifiant glyc\u00e9rine monost\u00e9arate E471, r\u00e9gulateur d&rsquo;acidit\u00e9 acide citrique E330, substitut de sucre dextrose, poudre \u00e0 lever carbonate de sodium E500, \u00e9paississant gomme arabique E414, conservateur sorbate de potassium E202, maltodextrine (amidon de ma\u00efs), dextrus aromatique \u00ab\u00a0Fraise\u00a0\u00bb, \u00e9mulsifiant l\u00e9cithine E322, g\u00e9lifiant pectine E440, stabilisant citrate de sodium 3-substitu\u00e9 E331.<\/p>\n<p>Volume de la bo\u00eete : 0,022 M3<\/p>\n<p>Poids brut de la bo\u00eete : 8,6 kg<\/p>\n<p>Dur\u00e9e de conservation : 18 mois<\/p>\n","protected":false},"excerpt":{"rendered":"<p>Bonbons \u00e0 m\u00e2cher avec m\u00e9lange d&rsquo;ar\u00f4mes : past\u00e8que, pomme, cerise, mangue, orange, fraise \u00e0 l&rsquo;int\u00e9rieur 1000 gr<\/p>\n<p>8 blocs dans une bo\u00eete.<\/p>\n","protected":false},"featured_media":5847,"comment_status":"open","ping_status":"closed","template":"","meta":{"_acf_changed":false},"brand":[272],"product_cat":[297],"product_tag":[],"class_list":{"0":"post-5842","1":"product","2":"type-product","3":"status-publish","4":"has-post-thumbnail","6":"brand-altyn-yunus-fr","7":"product_cat-bonbons","9":"first","10":"instock","11":"shipping-taxable","12":"purchasable","13":"product-type-simple"},"acf":[],"_links":{"self":[{"href":"https:\/\/turkmenexporter.com\/fr\/wp-json\/wp\/v2\/product\/5842","targetHints":{"allow":["GET"]}}],"collection":[{"href":"https:\/\/turkmenexporter.com\/fr\/wp-json\/wp\/v2\/product"}],"about":[{"href":"https:\/\/turkmenexporter.com\/fr\/wp-json\/wp\/v2\/types\/product"}],"replies":[{"embeddable":true,"href":"https:\/\/turkmenexporter.com\/fr\/wp-json\/wp\/v2\/comments?post=5842"}],"version-history":[{"count":1,"href":"https:\/\/turkmenexporter.com\/fr\/wp-json\/wp\/v2\/product\/5842\/revisions"}],"predecessor-version":[{"id":5879,"href":"https:\/\/turkmenexporter.com\/fr\/wp-json\/wp\/v2\/product\/5842\/revisions\/5879"}],"wp:featuredmedia":[{"embeddable":true,"href":"https:\/\/turkmenexporter.com\/fr\/wp-json\/wp\/v2\/media\/5847"}],"wp:attachment":[{"href":"https:\/\/turkmenexporter.com\/fr\/wp-json\/wp\/v2\/media?parent=5842"}],"wp:term":[{"taxonomy":"brand","embeddable":true,"href":"https:\/\/turkmenexporter.com\/fr\/wp-json\/wp\/v2\/brand?post=5842"},{"taxonomy":"product_cat","embeddable":true,"href":"https:\/\/turkmenexporter.com\/fr\/wp-json\/wp\/v2\/product_cat?post=5842"},{"taxonomy":"product_tag","embeddable":true,"href":"https:\/\/turkmenexporter.com\/fr\/wp-json\/wp\/v2\/product_tag?post=5842"}],"curies":[{"name":"wp","href":"https:\/\/api.w.org\/{rel}","templated":true}]}}